{"id":1211644,"date":"2026-02-20T09:10:14","date_gmt":"2026-02-20T09:10:14","guid":{"rendered":"https:\/\/tiger-recruitment.com\/?page_id=1211644"},"modified":"2026-02-20T09:10:14","modified_gmt":"2026-02-20T09:10:14","slug":"guide-des-salaires-et-avantages-sociaux","status":"publish","type":"page","link":"https:\/\/tiger-recruitment.com\/ch-fr\/guide-des-salaires-et-avantages-sociaux\/","title":{"rendered":"Guide des salaires et avantages sociaux"},"content":{"rendered":"<p>Juste lanc\u00e9 : le Guide des Salaires et Avantages 2026 par Tiger Recruitment<\/p>\n<p>Notre \u00e9tude sur les salaires et avantages en Suisse fournit une analyse d\u00e9taill\u00e9e du secteur du personnel de soutien, avec les salaires et avantages ventil\u00e9s par secteur pour offrir une r\u00e9f\u00e9rence claire aux employeurs.<\/p>\n<p>En plus des comparaisons de salaires, le rapport examine \u00e9galement les tendances en mati\u00e8re de recrutement \u2014 pass\u00e9es, pr\u00e9sentes et futures \u2014 afin de guider votre strat\u00e9gie de recrutement pour l&#8217;ann\u00e9e \u00e0 venir.<\/p>\n<p>Pour recevoir votre exemplaire gratuit, remplissez simplement le formulaire ci-dessous et nous vous enverrons le rapport.<\/p>\n<script data-jetpack-boost=\"ignore\">\nvar gform;gform||(document.addEventListener(\"gform_main_scripts_loaded\",function(){gform.scriptsLoaded=!0}),document.addEventListener(\"gform\/theme\/scripts_loaded\",function(){gform.themeScriptsLoaded=!0}),window.addEventListener(\"DOMContentLoaded\",function(){gform.domLoaded=!0}),gform={domLoaded:!1,scriptsLoaded:!1,themeScriptsLoaded:!1,isFormEditor:()=>\"function\"==typeof InitializeEditor,callIfLoaded:function(o){return!(!gform.domLoaded||!gform.scriptsLoaded||!gform.themeScriptsLoaded&&!gform.isFormEditor()||(gform.isFormEditor()&&console.warn(\"The use of gform.initializeOnLoaded() is deprecated in the form editor context and will be removed in Gravity Forms 3.1.\"),o(),0))},initializeOnLoaded:function(o){gform.callIfLoaded(o)||(document.addEventListener(\"gform_main_scripts_loaded\",()=>{gform.scriptsLoaded=!0,gform.callIfLoaded(o)}),document.addEventListener(\"gform\/theme\/scripts_loaded\",()=>{gform.themeScriptsLoaded=!0,gform.callIfLoaded(o)}),window.addEventListener(\"DOMContentLoaded\",()=>{gform.domLoaded=!0,gform.callIfLoaded(o)}))},hooks:{action:{},filter:{}},addAction:function(o,r,e,t){gform.addHook(\"action\",o,r,e,t)},addFilter:function(o,r,e,t){gform.addHook(\"filter\",o,r,e,t)},doAction:function(o){gform.doHook(\"action\",o,arguments)},applyFilters:function(o){return gform.doHook(\"filter\",o,arguments)},removeAction:function(o,r){gform.removeHook(\"action\",o,r)},removeFilter:function(o,r,e){gform.removeHook(\"filter\",o,r,e)},addHook:function(o,r,e,t,n){null==gform.hooks[o][r]&&(gform.hooks[o][r]=[]);var d=gform.hooks[o][r];null==n&&(n=r+\"_\"+d.length),gform.hooks[o][r].push({tag:n,callable:e,priority:t=null==t?10:t})},doHook:function(r,o,e){var t;if(e=Array.prototype.slice.call(e,1),null!=gform.hooks[r][o]&&((o=gform.hooks[r][o]).sort(function(o,r){return o.priority-r.priority}),o.forEach(function(o){\"function\"!=typeof(t=o.callable)&&(t=window[t]),\"action\"==r?t.apply(null,e):e[0]=t.apply(null,e)})),\"filter\"==r)return e[0]},removeHook:function(o,r,t,n){var e;null!=gform.hooks[o][r]&&(e=(e=gform.hooks[o][r]).filter(function(o,r,e){return!!(null!=n&&n!=o.tag||null!=t&&t!=o.priority)}),gform.hooks[o][r]=e)}});\n<\/script>\n\n                <div class='gf_browser_gecko gform_wrapper gravity-theme gform-theme--no-framework' data-form-theme='gravity-theme' data-form-index='0' id='gform_wrapper_126' >\n                        <div class='gform_heading'>\n                            <h2 class=\"gform_title\">Request for Salary and Benefits Guide CH-FR<\/h2>\n                            <p class='gform_description'><\/p>\n\t\t\t\t\t\t\t<p class='gform_required_legend'>&quot;<span class=\"gfield_required gfield_required_asterisk\">*<\/span>&quot; indicates required fields<\/p>\n                        <\/div><form method='post' enctype='multipart\/form-data'  id='gform_126'  action='\/ch-fr\/wp-json\/wp\/v2\/pages\/1211644' data-formid='126' novalidate>\n                        <div class='gform-body gform_body'><div id='gform_fields_126' class='gform_fields top_label form_sublabel_below description_below validation_below'><div id=\"field_126_13\" class=\"gfield gfield--type-honeypot gform_validation_container field_sublabel_below gfield--has-description field_description_below field_validation_below gfield_visibility_visible\"  ><label class='gfield_label gform-field-label' for='input_126_13'>Name<\/label><div class='ginput_container'><input name='input_13' id='input_126_13' type='text' value='' autocomplete='new-password'\/><\/div><div class='gfield_description' id='gfield_description_126_13'>This field is for validation purposes and should be left unchanged.<\/div><\/div><div id=\"field_126_2\" class=\"gfield gfield--type-text gfield--input-type-text gfield_contains_required field_sublabel_below gfield--no-description field_description_below field_validation_below gfield_visibility_visible\"  ><label class='gfield_label gform-field-label' for='input_126_2'>Nom de l\u2019entreprise<span class=\"gfield_required\"><span class=\"gfield_required gfield_required_asterisk\">*<\/span><\/span><\/label><div class='ginput_container ginput_container_text'><input name='input_2' id='input_126_2' type='text' value='' class='medium'     aria-required=\"true\" aria-invalid=\"false\"   \/><\/div><\/div><div id=\"field_126_4\" class=\"gfield gfield--type-text gfield--input-type-text gfield_contains_required field_sublabel_below gfield--no-description field_description_below field_validation_below gfield_visibility_visible\"  ><label class='gfield_label gform-field-label' for='input_126_4'>Intitul\u00e9 du poste<span class=\"gfield_required\"><span class=\"gfield_required gfield_required_asterisk\">*<\/span><\/span><\/label><div class='ginput_container ginput_container_text'><input name='input_4' id='input_126_4' type='text' value='' class='medium'     aria-required=\"true\" aria-invalid=\"false\"   \/><\/div><\/div><fieldset id=\"field_126_6\" class=\"gfield gfield--type-name gfield--input-type-name gfield_contains_required field_sublabel_below gfield--no-description field_description_below field_validation_below gfield_visibility_visible\"  ><legend class='gfield_label gform-field-label gfield_label_before_complex' >Nom<span class=\"gfield_required\"><span class=\"gfield_required gfield_required_asterisk\">*<\/span><\/span><\/legend><div class='ginput_complex ginput_container ginput_container--name no_prefix has_first_name no_middle_name has_last_name no_suffix gf_name_has_2 ginput_container_name gform-grid-row' id='input_126_6'>\n                            \n                            <span id='input_126_6_3_container' class='name_first gform-grid-col gform-grid-col--size-auto' >\n                                                    <input type='text' name='input_6.3' id='input_126_6_3' value=''   aria-required='true'     \/>\n                                                    <label for='input_126_6_3' class='gform-field-label gform-field-label--type-sub '>First<\/label>\n                                                <\/span>\n                            \n                            <span id='input_126_6_6_container' class='name_last gform-grid-col gform-grid-col--size-auto' >\n                                                    <input type='text' name='input_6.6' id='input_126_6_6' value=''   aria-required='true'     \/>\n                                                    <label for='input_126_6_6' class='gform-field-label gform-field-label--type-sub '>Last<\/label>\n                                                <\/span>\n                            \n                        <\/div><\/fieldset><div id=\"field_126_7\" class=\"gfield gfield--type-email gfield--input-type-email gfield_contains_required field_sublabel_below gfield--no-description field_description_below field_validation_below gfield_visibility_visible\"  ><label class='gfield_label gform-field-label' for='input_126_7'>Email<span class=\"gfield_required\"><span class=\"gfield_required gfield_required_asterisk\">*<\/span><\/span><\/label><div class='ginput_container ginput_container_email'>\n                            <input name='input_7' id='input_126_7' type='email' value='' class='medium'    aria-required=\"true\" aria-invalid=\"false\"  \/>\n                        <\/div><\/div><div id=\"field_126_8\" class=\"gfield gfield--type-phone gfield--input-type-phone field_sublabel_below gfield--has-description field_description_below field_validation_below gfield_visibility_visible\"  ><label class='gfield_label gform-field-label' for='input_126_8'>T\u00e9l\u00e9phone<\/label><div class='ginput_container ginput_container_phone'><input name='input_8' id='input_126_8' type='tel' value='' class='medium'    aria-invalid=\"false\" aria-describedby=\"gfield_description_126_8\"  \/><\/div><div class='gfield_description' id='gfield_description_126_8'>Veuillez vous assurer d\u2019indiquer l\u2019indicatif t\u00e9l\u00e9phonique international.<\/div><\/div><div id=\"field_126_10\" class=\"gfield gfield--type-text gfield--input-type-text gfield--width-full gfield_contains_required field_sublabel_below gfield--no-description field_description_below field_validation_below gfield_visibility_visible\"  ><label class='gfield_label gform-field-label' for='input_126_10'>Code postal professionnel<span class=\"gfield_required\"><span class=\"gfield_required gfield_required_asterisk\">*<\/span><\/span><\/label><div class='ginput_container ginput_container_text'><input name='input_10' id='input_126_10' type='text' value='' class='large'     aria-required=\"true\" aria-invalid=\"false\"   \/><\/div><\/div><div id=\"field_126_12\" class=\"gfield gfield--type-select gfield--input-type-select gfield--width-full gfield_contains_required field_sublabel_below gfield--no-description field_description_below field_validation_below gfield_visibility_visible\"  ><label class='gfield_label gform-field-label' for='input_126_12'>Comment avez-vous entendu parler de nous ?<span class=\"gfield_required\"><span class=\"gfield_required gfield_required_asterisk\">*<\/span><\/span><\/label><div class='ginput_container ginput_container_select'><select name='input_12' id='input_126_12' class='large gfield_select'    aria-required=\"true\" aria-invalid=\"false\" ><option value='' selected='selected' class='gf_placeholder'>Select<\/option><option value='Search Engine e.g. Google' >Search Engine e.g. Google<\/option><option value='Referral' >Referral<\/option><option value='LinkedIn' >LinkedIn<\/option><option value='Event' >Event<\/option><option value='Blog\/Article' >Blog\/Article<\/option><option value='Online Reviews' >Online Reviews<\/option><option value='Online Forum' >Online Forum<\/option><option value='Instagram' >Instagram<\/option><option value='Tik Tok' >Tik Tok<\/option><option value='Podcast' >Podcast<\/option><option value='Job Board' >Job Board<\/option><option value='Email newsletter' >Email newsletter<\/option><option value='Other' >Other<\/option><\/select><\/div><\/div><fieldset id=\"field_126_9\" class=\"gfield gfield--type-radio gfield--type-choice gfield--input-type-radio gfield_contains_required field_sublabel_below gfield--has-description field_description_above field_validation_below gfield_visibility_visible\"  ><legend class='gfield_label gform-field-label' >Inscription aux actualit\u00e9s et analyses<span class=\"gfield_required\"><span class=\"gfield_required gfield_required_asterisk\">*<\/span><\/span><\/legend><div class='gfield_description' id='gfield_description_126_9'>Nous serions ravis de vous informer par e-mail de nos analyses en recrutement, de nos offres saisonni\u00e8res et de nos \u00e9v\u00e9nements de leadership d\u2019opinion. Nous traiterons vos donn\u00e9es personnelles avec le plus grand soin et ne les partagerons jamais avec des tiers sans votre autorisation. D\u00e9couvrez comment nous utilisons vos donn\u00e9es <a href=\"\/legal-privacy-policies\">ici<\/a>.<\/div><div class='ginput_container ginput_container_radio'><div class='gfield_radio' id='input_126_9'>\n\t\t\t<div class='gchoice gchoice_126_9_0'>\n\t\t\t\t\t<input class='gfield-choice-input' name='input_9' type='radio' value='yes'  id='choice_126_9_0' onchange='gformToggleRadioOther( this )' aria-describedby=\"gfield_description_126_9\"   \/>\n\t\t\t\t\t<label for='choice_126_9_0' id='label_126_9_0' class='gform-field-label gform-field-label--type-inline'>Oui, je souhaite recevoir des informations sur le march\u00e9 et les actualit\u00e9s du secteur.<\/label>\n\t\t\t<\/div>\n\t\t\t<div class='gchoice gchoice_126_9_1'>\n\t\t\t\t\t<input class='gfield-choice-input' name='input_9' type='radio' value='no'  id='choice_126_9_1' onchange='gformToggleRadioOther( this )'    \/>\n\t\t\t\t\t<label for='choice_126_9_1' id='label_126_9_1' class='gform-field-label gform-field-label--type-inline'>Non merci, je ne souhaite pas recevoir d\u2019informations sur le march\u00e9 ni d\u2019actualit\u00e9s.<\/label>\n\t\t\t<\/div><\/div><\/div><\/fieldset><div id=\"field_126_11\" class=\"gfield gfield--type-captcha gfield--input-type-captcha field_sublabel_below gfield--no-description field_description_below field_validation_below gfield_visibility_visible\"  ><label class='gfield_label gform-field-label' for='input_126_11'>CAPTCHA<\/label><div id='input_126_11' class='ginput_container ginput_recaptcha' data-sitekey='6LfO6ggoAAAAAFy6Jq0M4V8ciuvaSobeFTPIPv75'  data-theme='light' data-tabindex='-1' data-size='invisible' data-badge='bottomright'><\/div><\/div><\/div><\/div>\n        <div class='gform-footer gform_footer top_label'> <input type='submit' id='gform_submit_button_126' class='gform_button button' onclick='gform.submission.handleButtonClick(this);' data-submission-type='submit' value='Submit'  \/> \n            <input type='hidden' class='gform_hidden' name='gform_submission_method' data-js='gform_submission_method_126' value='postback' \/>\n            <input type='hidden' class='gform_hidden' name='gform_theme' data-js='gform_theme_126' id='gform_theme_126' value='gravity-theme' \/>\n            <input type='hidden' class='gform_hidden' name='gform_style_settings' data-js='gform_style_settings_126' id='gform_style_settings_126' value='[]' \/>\n            <input type='hidden' class='gform_hidden' name='is_submit_126' value='1' \/>\n            <input type='hidden' class='gform_hidden' name='gform_submit' value='126' \/>\n            \n            <input type='hidden' class='gform_hidden' name='gform_currency' data-currency='GBP' value='JPr1Q8ntlB3OU4Y9LuJexWa51WVBccuPboxaTZEzaIWZY6H4mkHsZQS5DtJnDP\/HpeZ7WOhkVfTtuedO0XE9ZmQWvi8d\/Nbu7FmUNus9svLndlQ=' \/>\n            <input type='hidden' class='gform_hidden' name='gform_unique_id' value='' \/>\n            <input type='hidden' class='gform_hidden' name='state_126' value='WyJ7XCIxMlwiOltcImQwNzI4ZjUzOGRiODE0NDAzN2MwMGNhNTM3MDFkMGRjXCIsXCJjOWQzN2VlN2ZmMGU0ZGI0NmQwOTFmMGNiMmJiMTVmOFwiLFwiNWM5OTllNGE2ODUwNWMwZDVmZmVkYzQyYmFhNzU4M2NcIixcImU2YjZmNDEyMjFkMDU0N2RhNTY1YjVhMTdiNTBkMTQ2XCIsXCI0ZGE2YTcyOTk1OTliYzFiMDYyMWViZDE1OWQwMWE4ZVwiLFwiYmU1YjM2NTQ3ZmEyZjc5YzYwZGUxMmZjMThkMTA5NjhcIixcImQ1NThjZWI0NjNiNzFlY2QzZGEwNjU4YmUyMmM1YTRkXCIsXCJkZGFhY2IzYmU0Y2FjOGI2YTQ4YWMxYTlmNTRjMDUxOVwiLFwiYjA3OTU3NzNlNmQ3ZTk3OThiMjc1ZWI2YmExNDYxZWJcIixcImUxYjM0NmY0MTA4MWNmNGJiMTlhMzc4N2U2NTBmZGQ3XCIsXCJlYTliMDI5MzkzMDA4MDdkNzczZTNhOWY1MzJmZDMwZlwiLFwiNjllNWY5YjM5OGVlZDU0ZDZiYzZjN2Y1MGQxZDFhYWFcIixcImQyZjdhOWJhNDgwYTllNGY4ZDJiM2I3MmUyZTJlOTI3XCJdfSIsIjM1NzZhNWI4N2ZmY2MzYzA3NjE0NzA2ZmZiNThhZTY1Il0=' \/>\n            <input type='hidden' autocomplete='off' class='gform_hidden' name='gform_target_page_number_126' id='gform_target_page_number_126' value='0' \/>\n            <input type='hidden' autocomplete='off' class='gform_hidden' name='gform_source_page_number_126' id='gform_source_page_number_126' value='1' \/>\n            <input type='hidden' name='gform_field_values' value='' \/>\n            \n        <\/div>\n                        <\/form>\n                        <\/div><script data-jetpack-boost=\"ignore\">\ngform.initializeOnLoaded( function() {gformInitSpinner( 126, 'https:\/\/tiger-recruitment.com\/wp-content\/plugins\/gravityforms\/images\/spinner.svg', true );jQuery('#gform_ajax_frame_126').on('load',function(){var contents = jQuery(this).contents().find('*').html();var is_postback = contents.indexOf('GF_AJAX_POSTBACK') >= 0;if(!is_postback){return;}var form_content = jQuery(this).contents().find('#gform_wrapper_126');var is_confirmation = jQuery(this).contents().find('#gform_confirmation_wrapper_126').length > 0;var is_redirect = contents.indexOf('gformRedirect(){') >= 0;var is_form = form_content.length > 0 && ! is_redirect && ! is_confirmation;var mt = parseInt(jQuery('html').css('margin-top'), 10) + parseInt(jQuery('body').css('margin-top'), 10) + 100;if(is_form){jQuery('#gform_wrapper_126').html(form_content.html());if(form_content.hasClass('gform_validation_error')){jQuery('#gform_wrapper_126').addClass('gform_validation_error');} else {jQuery('#gform_wrapper_126').removeClass('gform_validation_error');}setTimeout( function() { \/* delay the scroll by 50 milliseconds to fix a bug in chrome *\/  }, 50 );if(window['gformInitDatepicker']) {gformInitDatepicker();}if(window['gformInitPriceFields']) {gformInitPriceFields();}var current_page = jQuery('#gform_source_page_number_126').val();gformInitSpinner( 126, 'https:\/\/tiger-recruitment.com\/wp-content\/plugins\/gravityforms\/images\/spinner.svg', true );jQuery(document).trigger('gform_page_loaded', [126, current_page]);window['gf_submitting_126'] = false;}else if(!is_redirect){var confirmation_content = jQuery(this).contents().find('.GF_AJAX_POSTBACK').html();if(!confirmation_content){confirmation_content = contents;}jQuery('#gform_wrapper_126').replaceWith(confirmation_content);jQuery(document).trigger('gform_confirmation_loaded', [126]);window['gf_submitting_126'] = false;wp.a11y.speak(jQuery('#gform_confirmation_message_126').text());}else{jQuery('#gform_126').append(contents);if(window['gformRedirect']) {gformRedirect();}}jQuery(document).trigger(\"gform_pre_post_render\", [{ formId: \"126\", currentPage: \"current_page\", abort: function() { this.preventDefault(); } }]);        if (event && event.defaultPrevented) {                return;        }        const gformWrapperDiv = document.getElementById( \"gform_wrapper_126\" );        if ( gformWrapperDiv ) {            const visibilitySpan = document.createElement( \"span\" );            visibilitySpan.id = \"gform_visibility_test_126\";            gformWrapperDiv.insertAdjacentElement( \"afterend\", visibilitySpan );        }        const visibilityTestDiv = document.getElementById( \"gform_visibility_test_126\" );        let postRenderFired = false;        function triggerPostRender() {            if ( postRenderFired ) {                return;            }            postRenderFired = true;            gform.core.triggerPostRenderEvents( 126, current_page );            if ( visibilityTestDiv ) {                visibilityTestDiv.parentNode.removeChild( visibilityTestDiv );            }        }        function debounce( func, wait, immediate ) {            var timeout;            return function() {                var context = this, args = arguments;                var later = function() {                    timeout = null;                    if ( !immediate ) func.apply( context, args );                };                var callNow = immediate && !timeout;                clearTimeout( timeout );                timeout = setTimeout( later, wait );                if ( callNow ) func.apply( context, args );            };        }        const debouncedTriggerPostRender = debounce( function() {            triggerPostRender();        }, 200 );        if ( visibilityTestDiv && visibilityTestDiv.offsetParent === null ) {            const observer = new MutationObserver( ( mutations ) => {                mutations.forEach( ( mutation ) => {                    if ( mutation.type === 'attributes' && visibilityTestDiv.offsetParent !== null ) {                        debouncedTriggerPostRender();                        observer.disconnect();                    }                });            });            observer.observe( document.body, {                attributes: true,                childList: false,                subtree: true,                attributeFilter: [ 'style', 'class' ],            });        } else {            triggerPostRender();        }    } );} );\n<\/script>\n\n","protected":false},"excerpt":{"rendered":"<p>Juste lanc\u00e9 : le Guide des Salaires et Avantages 2026 par Tiger Recruitment Notre \u00e9tude sur les salaires et avantages en Suisse fournit une analyse d\u00e9taill\u00e9e du secteur du personnel de soutien, avec les salaires et avantages ventil\u00e9s par secteur pour offrir une r\u00e9f\u00e9rence claire aux employeurs. En plus des comparaisons de salaires, le rapport<\/p>\n<p><a class=\"read-more\" href=\"https:\/\/tiger-recruitment.com\/ch-fr\/guide-des-salaires-et-avantages-sociaux\/\">Read more<\/a><\/p>\n","protected":false},"author":57471,"featured_media":0,"parent":0,"menu_order":0,"comment_status":"closed","ping_status":"closed","template":"","meta":{"_acf_changed":false,"footnotes":""},"class_list":["post-1211644","page","type-page","status-publish","hentry"],"acf":[],"yoast_head":"<!-- This site is optimized with the Yoast SEO plugin v27.1.1 - https:\/\/yoast.com\/product\/yoast-seo-wordpress\/ -->\n<title>Guide des salaires et avantages sociaux - Tiger Recruitment<\/title>\n<meta name=\"robots\" content=\"index, follow, max-snippet:-1, max-image-preview:large, max-video-preview:-1\" \/>\n<link rel=\"canonical\" href=\"https:\/\/tiger-recruitment.com\/ch-fr\/guide-des-salaires-et-avantages-sociaux\/\" \/>\n<meta property=\"og:locale\" content=\"fr_FR\" \/>\n<meta property=\"og:type\" content=\"article\" \/>\n<meta property=\"og:title\" content=\"Guide des salaires et avantages sociaux - Tiger Recruitment\" \/>\n<meta property=\"og:description\" content=\"Juste lanc\u00e9 : le Guide des Salaires et Avantages 2026 par Tiger Recruitment Notre \u00e9tude sur les salaires et avantages en Suisse fournit une analyse d\u00e9taill\u00e9e du secteur du personnel de soutien, avec les salaires et avantages ventil\u00e9s par secteur pour offrir une r\u00e9f\u00e9rence claire aux employeurs. En plus des comparaisons de salaires, le rapportRead more\" \/>\n<meta property=\"og:url\" content=\"https:\/\/tiger-recruitment.com\/ch-fr\/guide-des-salaires-et-avantages-sociaux\/\" \/>\n<meta property=\"og:site_name\" content=\"Tiger Recruitment\" \/>\n<meta property=\"article:publisher\" content=\"https:\/\/www.facebook.com\/tigerrecruitment.ltd\/\" \/>\n<meta name=\"twitter:card\" content=\"summary_large_image\" \/>\n<meta name=\"twitter:site\" content=\"@tigerrecruit\" \/>\n<meta name=\"twitter:label1\" content=\"Est. reading time\" \/>\n\t<meta name=\"twitter:data1\" content=\"1 minute\" \/>\n<!-- \/ Yoast SEO plugin. -->","yoast_head_json":{"title":"Guide des salaires et avantages sociaux - Tiger Recruitment","robots":{"index":"index","follow":"follow","max-snippet":"max-snippet:-1","max-image-preview":"max-image-preview:large","max-video-preview":"max-video-preview:-1"},"canonical":"https:\/\/tiger-recruitment.com\/ch-fr\/guide-des-salaires-et-avantages-sociaux\/","og_locale":"fr_FR","og_type":"article","og_title":"Guide des salaires et avantages sociaux - Tiger Recruitment","og_description":"Juste lanc\u00e9 : le Guide des Salaires et Avantages 2026 par Tiger Recruitment Notre \u00e9tude sur les salaires et avantages en Suisse fournit une analyse d\u00e9taill\u00e9e du secteur du personnel de soutien, avec les salaires et avantages ventil\u00e9s par secteur pour offrir une r\u00e9f\u00e9rence claire aux employeurs. En plus des comparaisons de salaires, le rapportRead more","og_url":"https:\/\/tiger-recruitment.com\/ch-fr\/guide-des-salaires-et-avantages-sociaux\/","og_site_name":"Tiger Recruitment","article_publisher":"https:\/\/www.facebook.com\/tigerrecruitment.ltd\/","twitter_card":"summary_large_image","twitter_site":"@tigerrecruit","twitter_misc":{"Est. reading time":"1 minute"},"schema":{"@context":"https:\/\/schema.org","@graph":[]}},"_links":{"self":[{"href":"https:\/\/tiger-recruitment.com\/ch-fr\/wp-json\/wp\/v2\/pages\/1211644","targetHints":{"allow":["GET"]}}],"collection":[{"href":"https:\/\/tiger-recruitment.com\/ch-fr\/wp-json\/wp\/v2\/pages"}],"about":[{"href":"https:\/\/tiger-recruitment.com\/ch-fr\/wp-json\/wp\/v2\/types\/page"}],"author":[{"embeddable":true,"href":"https:\/\/tiger-recruitment.com\/ch-fr\/wp-json\/wp\/v2\/users\/57471"}],"replies":[{"embeddable":true,"href":"https:\/\/tiger-recruitment.com\/ch-fr\/wp-json\/wp\/v2\/comments?post=1211644"}],"version-history":[{"count":0,"href":"https:\/\/tiger-recruitment.com\/ch-fr\/wp-json\/wp\/v2\/pages\/1211644\/revisions"}],"wp:attachment":[{"href":"https:\/\/tiger-recruitment.com\/ch-fr\/wp-json\/wp\/v2\/media?parent=1211644"}],"curies":[{"name":"wp","href":"https:\/\/api.w.org\/{rel}","templated":true}]}}