{"id":1211517,"date":"2026-02-17T10:58:06","date_gmt":"2026-02-17T10:58:06","guid":{"rendered":"https:\/\/tiger-recruitment.com\/?page_id=1211517"},"modified":"2026-02-17T10:58:06","modified_gmt":"2026-02-17T10:58:06","slug":"contacter","status":"publish","type":"page","link":"https:\/\/tiger-recruitment.com\/ch-fr\/rh\/a-propos-de-nous\/contacter\/","title":{"rendered":"Contacter"},"content":{"rendered":"","protected":false},"excerpt":{"rendered":"","protected":false},"author":57471,"featured_media":0,"parent":1211390,"menu_order":0,"comment_status":"closed","ping_status":"closed","template":"page-contact.php","meta":{"_acf_changed":false,"footnotes":""},"class_list":["post-1211517","page","type-page","status-publish","hentry"],"acf":[],"yoast_head":"<!-- This site is optimized with the Yoast SEO plugin v27.1.1 - https:\/\/yoast.com\/product\/yoast-seo-wordpress\/ -->\n<title>Contactez Tiger HR dans un bureau pr\u00e8s de chez vous.<\/title>\n<meta name=\"description\" content=\"Prenez contact avec Tiger HR pour trouver des candidats ou d\u00e9crocher un emploi. Bas\u00e9s \u00e0 Zurich, nous disposons de bureaux \u00e0 Londres, Duba\u00ef et New York.\" \/>\n<meta name=\"robots\" content=\"index, follow, max-snippet:-1, max-image-preview:large, max-video-preview:-1\" \/>\n<link rel=\"canonical\" href=\"https:\/\/tiger-recruitment.com\/ch-fr\/rh\/a-propos-de-nous\/contacter\/\" \/>\n<meta property=\"og:locale\" content=\"fr_FR\" \/>\n<meta property=\"og:type\" content=\"article\" \/>\n<meta property=\"og:title\" content=\"Contactez Tiger HR dans un bureau pr\u00e8s de chez vous.\" \/>\n<meta property=\"og:description\" content=\"Prenez contact avec Tiger HR pour trouver des candidats ou d\u00e9crocher un emploi. Bas\u00e9s \u00e0 Zurich, nous disposons de bureaux \u00e0 Londres, Duba\u00ef et New York.\" \/>\n<meta property=\"og:url\" content=\"https:\/\/tiger-recruitment.com\/ch-fr\/rh\/a-propos-de-nous\/contacter\/\" \/>\n<meta property=\"og:site_name\" content=\"Tiger Recruitment\" \/>\n<meta property=\"article:publisher\" content=\"https:\/\/www.facebook.com\/tigerrecruitment.ltd\/\" \/>\n<meta name=\"twitter:card\" content=\"summary_large_image\" \/>\n<meta name=\"twitter:site\" content=\"@tigerrecruit\" \/>\n<!-- \/ Yoast SEO plugin. -->","yoast_head_json":{"title":"Contactez Tiger HR dans un bureau pr\u00e8s de chez vous.","description":"Prenez contact avec Tiger HR pour trouver des candidats ou d\u00e9crocher un emploi. Bas\u00e9s \u00e0 Zurich, nous disposons de bureaux \u00e0 Londres, Duba\u00ef et New York.","robots":{"index":"index","follow":"follow","max-snippet":"max-snippet:-1","max-image-preview":"max-image-preview:large","max-video-preview":"max-video-preview:-1"},"canonical":"https:\/\/tiger-recruitment.com\/ch-fr\/rh\/a-propos-de-nous\/contacter\/","og_locale":"fr_FR","og_type":"article","og_title":"Contactez Tiger HR dans un bureau pr\u00e8s de chez vous.","og_description":"Prenez contact avec Tiger HR pour trouver des candidats ou d\u00e9crocher un emploi. Bas\u00e9s \u00e0 Zurich, nous disposons de bureaux \u00e0 Londres, Duba\u00ef et New York.","og_url":"https:\/\/tiger-recruitment.com\/ch-fr\/rh\/a-propos-de-nous\/contacter\/","og_site_name":"Tiger Recruitment","article_publisher":"https:\/\/www.facebook.com\/tigerrecruitment.ltd\/","twitter_card":"summary_large_image","twitter_site":"@tigerrecruit","schema":{"@context":"https:\/\/schema.org","@graph":[]}},"_links":{"self":[{"href":"https:\/\/tiger-recruitment.com\/ch-fr\/wp-json\/wp\/v2\/pages\/1211517","targetHints":{"allow":["GET"]}}],"collection":[{"href":"https:\/\/tiger-recruitment.com\/ch-fr\/wp-json\/wp\/v2\/pages"}],"about":[{"href":"https:\/\/tiger-recruitment.com\/ch-fr\/wp-json\/wp\/v2\/types\/page"}],"author":[{"embeddable":true,"href":"https:\/\/tiger-recruitment.com\/ch-fr\/wp-json\/wp\/v2\/users\/57471"}],"replies":[{"embeddable":true,"href":"https:\/\/tiger-recruitment.com\/ch-fr\/wp-json\/wp\/v2\/comments?post=1211517"}],"version-history":[{"count":0,"href":"https:\/\/tiger-recruitment.com\/ch-fr\/wp-json\/wp\/v2\/pages\/1211517\/revisions"}],"up":[{"embeddable":true,"href":"https:\/\/tiger-recruitment.com\/ch-fr\/wp-json\/wp\/v2\/pages\/1211390"}],"wp:attachment":[{"href":"https:\/\/tiger-recruitment.com\/ch-fr\/wp-json\/wp\/v2\/media?parent=1211517"}],"curies":[{"name":"wp","href":"https:\/\/api.w.org\/{rel}","templated":true}]}}