{"id":1211415,"date":"2026-02-05T10:37:09","date_gmt":"2026-02-05T10:37:09","guid":{"rendered":"https:\/\/tiger-recruitment.com\/?page_id=1211415"},"modified":"2026-02-18T14:51:18","modified_gmt":"2026-02-18T14:51:18","slug":"emplacements-eor","status":"publish","type":"page","link":"https:\/\/tiger-recruitment.com\/ch-fr\/employer-of-record-service\/emplacements-eor\/","title":{"rendered":"Emplacements EOR"},"content":{"rendered":"","protected":false},"excerpt":{"rendered":"","protected":false},"author":57471,"featured_media":0,"parent":1205309,"menu_order":0,"comment_status":"closed","ping_status":"closed","template":"page-blank.php","meta":{"_acf_changed":false,"footnotes":""},"class_list":["post-1211415","page","type-page","status-publish","hentry"],"acf":[],"yoast_head":"<!-- This site is optimized with the Yoast SEO plugin v27.1.1 - https:\/\/yoast.com\/product\/yoast-seo-wordpress\/ -->\n<title>Services d\u2019Employer of Record en Suisse | Tiger Recruitment<\/title>\n<meta name=\"description\" content=\"Recrutez \u00e0 l\u2019international en toute confiance gr\u00e2ce aux services EOR de Tiger Recruitment. De Zurich \u00e0 Londres, de Dublin \u00e0 New York, nous g\u00e9rons la paie, la conformit\u00e9 et l\u2019int\u00e9gration dans les principales r\u00e9gions, garantissant un recrutement fluide et conforme \u00e0 chaque endroit.\" \/>\n<meta name=\"robots\" content=\"index, follow, max-snippet:-1, max-image-preview:large, max-video-preview:-1\" \/>\n<link rel=\"canonical\" href=\"https:\/\/tiger-recruitment.com\/ch-fr\/employer-of-record-service\/emplacements-eor\/\" \/>\n<meta property=\"og:locale\" content=\"fr_FR\" \/>\n<meta property=\"og:type\" content=\"article\" \/>\n<meta property=\"og:title\" content=\"Services d\u2019Employer of Record en Suisse | Tiger Recruitment\" \/>\n<meta property=\"og:description\" content=\"Recrutez \u00e0 l\u2019international en toute confiance gr\u00e2ce aux services EOR de Tiger Recruitment. De Zurich \u00e0 Londres, de Dublin \u00e0 New York, nous g\u00e9rons la paie, la conformit\u00e9 et l\u2019int\u00e9gration dans les principales r\u00e9gions, garantissant un recrutement fluide et conforme \u00e0 chaque endroit.\" \/>\n<meta property=\"og:url\" content=\"https:\/\/tiger-recruitment.com\/ch-fr\/employer-of-record-service\/emplacements-eor\/\" \/>\n<meta property=\"og:site_name\" content=\"Tiger Recruitment\" \/>\n<meta property=\"article:publisher\" content=\"https:\/\/www.facebook.com\/tigerrecruitment.ltd\/\" \/>\n<meta property=\"article:modified_time\" content=\"2026-02-18T14:51:18+00:00\" \/>\n<meta name=\"twitter:card\" content=\"summary_large_image\" \/>\n<meta name=\"twitter:site\" content=\"@tigerrecruit\" \/>\n<!-- \/ Yoast SEO plugin. -->","yoast_head_json":{"title":"Services d\u2019Employer of Record en Suisse | Tiger Recruitment","description":"Recrutez \u00e0 l\u2019international en toute confiance gr\u00e2ce aux services EOR de Tiger Recruitment. De Zurich \u00e0 Londres, de Dublin \u00e0 New York, nous g\u00e9rons la paie, la conformit\u00e9 et l\u2019int\u00e9gration dans les principales r\u00e9gions, garantissant un recrutement fluide et conforme \u00e0 chaque endroit.","robots":{"index":"index","follow":"follow","max-snippet":"max-snippet:-1","max-image-preview":"max-image-preview:large","max-video-preview":"max-video-preview:-1"},"canonical":"https:\/\/tiger-recruitment.com\/ch-fr\/employer-of-record-service\/emplacements-eor\/","og_locale":"fr_FR","og_type":"article","og_title":"Services d\u2019Employer of Record en Suisse | Tiger Recruitment","og_description":"Recrutez \u00e0 l\u2019international en toute confiance gr\u00e2ce aux services EOR de Tiger Recruitment. De Zurich \u00e0 Londres, de Dublin \u00e0 New York, nous g\u00e9rons la paie, la conformit\u00e9 et l\u2019int\u00e9gration dans les principales r\u00e9gions, garantissant un recrutement fluide et conforme \u00e0 chaque endroit.","og_url":"https:\/\/tiger-recruitment.com\/ch-fr\/employer-of-record-service\/emplacements-eor\/","og_site_name":"Tiger Recruitment","article_publisher":"https:\/\/www.facebook.com\/tigerrecruitment.ltd\/","article_modified_time":"2026-02-18T14:51:18+00:00","twitter_card":"summary_large_image","twitter_site":"@tigerrecruit","schema":{"@context":"https:\/\/schema.org","@graph":[]}},"_links":{"self":[{"href":"https:\/\/tiger-recruitment.com\/ch-fr\/wp-json\/wp\/v2\/pages\/1211415","targetHints":{"allow":["GET"]}}],"collection":[{"href":"https:\/\/tiger-recruitment.com\/ch-fr\/wp-json\/wp\/v2\/pages"}],"about":[{"href":"https:\/\/tiger-recruitment.com\/ch-fr\/wp-json\/wp\/v2\/types\/page"}],"author":[{"embeddable":true,"href":"https:\/\/tiger-recruitment.com\/ch-fr\/wp-json\/wp\/v2\/users\/57471"}],"replies":[{"embeddable":true,"href":"https:\/\/tiger-recruitment.com\/ch-fr\/wp-json\/wp\/v2\/comments?post=1211415"}],"version-history":[{"count":0,"href":"https:\/\/tiger-recruitment.com\/ch-fr\/wp-json\/wp\/v2\/pages\/1211415\/revisions"}],"up":[{"embeddable":true,"href":"https:\/\/tiger-recruitment.com\/ch-fr\/wp-json\/wp\/v2\/pages\/1205309"}],"wp:attachment":[{"href":"https:\/\/tiger-recruitment.com\/ch-fr\/wp-json\/wp\/v2\/media?parent=1211415"}],"curies":[{"name":"wp","href":"https:\/\/api.w.org\/{rel}","templated":true}]}}