{"id":1211412,"date":"2026-02-05T10:03:38","date_gmt":"2026-02-05T10:03:38","guid":{"rendered":"https:\/\/tiger-recruitment.com\/?page_id=1211412"},"modified":"2026-02-18T14:44:09","modified_gmt":"2026-02-18T14:44:09","slug":"a-propos-de-nous","status":"publish","type":"page","link":"https:\/\/tiger-recruitment.com\/ch-fr\/employer-of-record-service\/a-propos-de-nous\/","title":{"rendered":"A propos de nous"},"content":{"rendered":"","protected":false},"excerpt":{"rendered":"","protected":false},"author":57471,"featured_media":0,"parent":1205309,"menu_order":0,"comment_status":"closed","ping_status":"closed","template":"page-blank.php","meta":{"_acf_changed":false,"footnotes":""},"class_list":["post-1211412","page","type-page","status-publish","hentry"],"acf":[],"yoast_head":"<!-- This site is optimized with the Yoast SEO plugin v27.1.1 - https:\/\/yoast.com\/product\/yoast-seo-wordpress\/ -->\n<title>\u00c0 propos de Tiger Recruitment | Recruteurs sp\u00e9cialis\u00e9s &amp; Experts EOR<\/title>\n<meta name=\"description\" content=\"D\u00e9couvrez Tiger Recruitment, recruteurs mondiaux de confiance, exp\u00e9riment\u00e9s dans le support aux entreprises, les RH, la finance et les services EOR. Certifi\u00e9s B Corp et engag\u00e9s en faveur de la DEI, nous fournissons des solutions pour les entreprises du monde entier.\" \/>\n<meta name=\"robots\" content=\"index, follow, max-snippet:-1, max-image-preview:large, max-video-preview:-1\" \/>\n<link rel=\"canonical\" href=\"https:\/\/tiger-recruitment.com\/ch-fr\/employer-of-record-service\/a-propos-de-nous\/\" \/>\n<meta property=\"og:locale\" content=\"fr_FR\" \/>\n<meta property=\"og:type\" content=\"article\" \/>\n<meta property=\"og:title\" content=\"\u00c0 propos de Tiger Recruitment | Recruteurs sp\u00e9cialis\u00e9s &amp; Experts EOR\" \/>\n<meta property=\"og:description\" content=\"D\u00e9couvrez Tiger Recruitment, recruteurs mondiaux de confiance, exp\u00e9riment\u00e9s dans le support aux entreprises, les RH, la finance et les services EOR. Certifi\u00e9s B Corp et engag\u00e9s en faveur de la DEI, nous fournissons des solutions pour les entreprises du monde entier.\" \/>\n<meta property=\"og:url\" content=\"https:\/\/tiger-recruitment.com\/ch-fr\/employer-of-record-service\/a-propos-de-nous\/\" \/>\n<meta property=\"og:site_name\" content=\"Tiger Recruitment\" \/>\n<meta property=\"article:publisher\" content=\"https:\/\/www.facebook.com\/tigerrecruitment.ltd\/\" \/>\n<meta property=\"article:modified_time\" content=\"2026-02-18T14:44:09+00:00\" \/>\n<meta name=\"twitter:card\" content=\"summary_large_image\" \/>\n<meta name=\"twitter:site\" content=\"@tigerrecruit\" \/>\n<!-- \/ Yoast SEO plugin. -->","yoast_head_json":{"title":"\u00c0 propos de Tiger Recruitment | Recruteurs sp\u00e9cialis\u00e9s & Experts EOR","description":"D\u00e9couvrez Tiger Recruitment, recruteurs mondiaux de confiance, exp\u00e9riment\u00e9s dans le support aux entreprises, les RH, la finance et les services EOR. Certifi\u00e9s B Corp et engag\u00e9s en faveur de la DEI, nous fournissons des solutions pour les entreprises du monde entier.","robots":{"index":"index","follow":"follow","max-snippet":"max-snippet:-1","max-image-preview":"max-image-preview:large","max-video-preview":"max-video-preview:-1"},"canonical":"https:\/\/tiger-recruitment.com\/ch-fr\/employer-of-record-service\/a-propos-de-nous\/","og_locale":"fr_FR","og_type":"article","og_title":"\u00c0 propos de Tiger Recruitment | Recruteurs sp\u00e9cialis\u00e9s & Experts EOR","og_description":"D\u00e9couvrez Tiger Recruitment, recruteurs mondiaux de confiance, exp\u00e9riment\u00e9s dans le support aux entreprises, les RH, la finance et les services EOR. Certifi\u00e9s B Corp et engag\u00e9s en faveur de la DEI, nous fournissons des solutions pour les entreprises du monde entier.","og_url":"https:\/\/tiger-recruitment.com\/ch-fr\/employer-of-record-service\/a-propos-de-nous\/","og_site_name":"Tiger Recruitment","article_publisher":"https:\/\/www.facebook.com\/tigerrecruitment.ltd\/","article_modified_time":"2026-02-18T14:44:09+00:00","twitter_card":"summary_large_image","twitter_site":"@tigerrecruit","schema":{"@context":"https:\/\/schema.org","@graph":[]}},"_links":{"self":[{"href":"https:\/\/tiger-recruitment.com\/ch-fr\/wp-json\/wp\/v2\/pages\/1211412","targetHints":{"allow":["GET"]}}],"collection":[{"href":"https:\/\/tiger-recruitment.com\/ch-fr\/wp-json\/wp\/v2\/pages"}],"about":[{"href":"https:\/\/tiger-recruitment.com\/ch-fr\/wp-json\/wp\/v2\/types\/page"}],"author":[{"embeddable":true,"href":"https:\/\/tiger-recruitment.com\/ch-fr\/wp-json\/wp\/v2\/users\/57471"}],"replies":[{"embeddable":true,"href":"https:\/\/tiger-recruitment.com\/ch-fr\/wp-json\/wp\/v2\/comments?post=1211412"}],"version-history":[{"count":0,"href":"https:\/\/tiger-recruitment.com\/ch-fr\/wp-json\/wp\/v2\/pages\/1211412\/revisions"}],"up":[{"embeddable":true,"href":"https:\/\/tiger-recruitment.com\/ch-fr\/wp-json\/wp\/v2\/pages\/1205309"}],"wp:attachment":[{"href":"https:\/\/tiger-recruitment.com\/ch-fr\/wp-json\/wp\/v2\/media?parent=1211412"}],"curies":[{"name":"wp","href":"https:\/\/api.w.org\/{rel}","templated":true}]}}