{"id":1211331,"date":"2026-02-02T14:19:39","date_gmt":"2026-02-02T14:19:39","guid":{"rendered":"https:\/\/tiger-recruitment.com\/?page_id=1211331"},"modified":"2026-02-19T12:20:29","modified_gmt":"2026-02-19T12:20:29","slug":"recrutement-gouvernance-risques-conformite","status":"publish","type":"page","link":"https:\/\/tiger-recruitment.com\/ch-fr\/chercher-a-recruter\/finance-et-comptabilite\/recrutement-gouvernance-risques-conformite\/","title":{"rendered":"Recrutement en Gouvernance, Risques et Conformit\u00e9"},"content":{"rendered":"","protected":false},"excerpt":{"rendered":"","protected":false},"author":57471,"featured_media":0,"parent":1034996,"menu_order":0,"comment_status":"closed","ping_status":"closed","template":"page-blank.php","meta":{"_acf_changed":false,"footnotes":""},"class_list":["post-1211331","page","type-page","status-publish","hentry"],"acf":[],"yoast_head":"<!-- This site is optimized with the Yoast SEO plugin v27.1.1 - https:\/\/yoast.com\/product\/yoast-seo-wordpress\/ -->\n<title>Recrutement en Gouvernance, Risques et Conformit\u00e9 | Tiger Finance<\/title>\n<meta name=\"description\" content=\"Trouvez les meilleurs professionnels en gouvernance, risques et conformit\u00e9 avec Tiger Finance. Des services de recrutement experts pour garantir que votre entreprise respecte les normes r\u00e9glementaires.\" \/>\n<meta name=\"robots\" content=\"index, follow, max-snippet:-1, max-image-preview:large, max-video-preview:-1\" \/>\n<link rel=\"canonical\" href=\"https:\/\/tiger-recruitment.com\/ch-fr\/chercher-a-recruter\/finance-et-comptabilite\/recrutement-gouvernance-risques-conformite\/\" \/>\n<meta property=\"og:locale\" content=\"fr_FR\" \/>\n<meta property=\"og:type\" content=\"article\" \/>\n<meta property=\"og:title\" content=\"Recrutement en Gouvernance, Risques et Conformit\u00e9 | Tiger Finance\" \/>\n<meta property=\"og:description\" content=\"Trouvez les meilleurs professionnels en gouvernance, risques et conformit\u00e9 avec Tiger Finance. Des services de recrutement experts pour garantir que votre entreprise respecte les normes r\u00e9glementaires.\" \/>\n<meta property=\"og:url\" content=\"https:\/\/tiger-recruitment.com\/ch-fr\/chercher-a-recruter\/finance-et-comptabilite\/recrutement-gouvernance-risques-conformite\/\" \/>\n<meta property=\"og:site_name\" content=\"Tiger Recruitment\" \/>\n<meta property=\"article:publisher\" content=\"https:\/\/www.facebook.com\/tigerrecruitment.ltd\/\" \/>\n<meta property=\"article:modified_time\" content=\"2026-02-19T12:20:29+00:00\" \/>\n<meta name=\"twitter:card\" content=\"summary_large_image\" \/>\n<meta name=\"twitter:site\" content=\"@tigerrecruit\" \/>\n<!-- \/ Yoast SEO plugin. -->","yoast_head_json":{"title":"Recrutement en Gouvernance, Risques et Conformit\u00e9 | Tiger Finance","description":"Trouvez les meilleurs professionnels en gouvernance, risques et conformit\u00e9 avec Tiger Finance. Des services de recrutement experts pour garantir que votre entreprise respecte les normes r\u00e9glementaires.","robots":{"index":"index","follow":"follow","max-snippet":"max-snippet:-1","max-image-preview":"max-image-preview:large","max-video-preview":"max-video-preview:-1"},"canonical":"https:\/\/tiger-recruitment.com\/ch-fr\/chercher-a-recruter\/finance-et-comptabilite\/recrutement-gouvernance-risques-conformite\/","og_locale":"fr_FR","og_type":"article","og_title":"Recrutement en Gouvernance, Risques et Conformit\u00e9 | Tiger Finance","og_description":"Trouvez les meilleurs professionnels en gouvernance, risques et conformit\u00e9 avec Tiger Finance. Des services de recrutement experts pour garantir que votre entreprise respecte les normes r\u00e9glementaires.","og_url":"https:\/\/tiger-recruitment.com\/ch-fr\/chercher-a-recruter\/finance-et-comptabilite\/recrutement-gouvernance-risques-conformite\/","og_site_name":"Tiger Recruitment","article_publisher":"https:\/\/www.facebook.com\/tigerrecruitment.ltd\/","article_modified_time":"2026-02-19T12:20:29+00:00","twitter_card":"summary_large_image","twitter_site":"@tigerrecruit","schema":{"@context":"https:\/\/schema.org","@graph":[]}},"_links":{"self":[{"href":"https:\/\/tiger-recruitment.com\/ch-fr\/wp-json\/wp\/v2\/pages\/1211331","targetHints":{"allow":["GET"]}}],"collection":[{"href":"https:\/\/tiger-recruitment.com\/ch-fr\/wp-json\/wp\/v2\/pages"}],"about":[{"href":"https:\/\/tiger-recruitment.com\/ch-fr\/wp-json\/wp\/v2\/types\/page"}],"author":[{"embeddable":true,"href":"https:\/\/tiger-recruitment.com\/ch-fr\/wp-json\/wp\/v2\/users\/57471"}],"replies":[{"embeddable":true,"href":"https:\/\/tiger-recruitment.com\/ch-fr\/wp-json\/wp\/v2\/comments?post=1211331"}],"version-history":[{"count":0,"href":"https:\/\/tiger-recruitment.com\/ch-fr\/wp-json\/wp\/v2\/pages\/1211331\/revisions"}],"up":[{"embeddable":true,"href":"https:\/\/tiger-recruitment.com\/ch-fr\/wp-json\/wp\/v2\/pages\/1034996"}],"wp:attachment":[{"href":"https:\/\/tiger-recruitment.com\/ch-fr\/wp-json\/wp\/v2\/media?parent=1211331"}],"curies":[{"name":"wp","href":"https:\/\/api.w.org\/{rel}","templated":true}]}}