{"id":1208672,"date":"2025-03-28T14:04:04","date_gmt":"2025-03-28T14:04:04","guid":{"rendered":"https:\/\/tiger-recruitment.com\/?page_id=1208672"},"modified":"2026-02-20T11:13:39","modified_gmt":"2026-02-20T11:13:39","slug":"rh","status":"publish","type":"page","link":"https:\/\/tiger-recruitment.com\/ch-fr\/rh\/","title":{"rendered":"HR &#8211; Home"},"content":{"rendered":"","protected":false},"excerpt":{"rendered":"","protected":false},"author":100621,"featured_media":0,"parent":0,"menu_order":30,"comment_status":"closed","ping_status":"closed","template":"page-blank.php","meta":{"_acf_changed":true,"footnotes":""},"class_list":["post-1208672","page","type-page","status-publish","hentry"],"acf":[],"yoast_head":"<!-- This site is optimized with the Yoast SEO plugin v27.1.1 - https:\/\/yoast.com\/product\/yoast-seo-wordpress\/ -->\n<title>Agence de recrutement RH Suisse | Tiger HR<\/title>\n<meta name=\"description\" content=\"Recrutez les meilleurs talents en ressources humaines ou trouvez votre prochain poste avec Tiger HR, une agence sp\u00e9cialis\u00e9e bas\u00e9e \u00e0 Duba\u00ef. Nous mettons en relation les entreprises avec des professionnels des RH exceptionnels \u00e0 tous les niveaux.\" \/>\n<meta name=\"robots\" content=\"index, follow, max-snippet:-1, max-image-preview:large, max-video-preview:-1\" \/>\n<link rel=\"canonical\" href=\"https:\/\/tiger-recruitment.com\/ch-fr\/rh\/\" \/>\n<meta property=\"og:locale\" content=\"fr_FR\" \/>\n<meta property=\"og:type\" content=\"article\" \/>\n<meta property=\"og:title\" content=\"Agence de recrutement RH Suisse | Tiger HR\" \/>\n<meta property=\"og:description\" content=\"Recrutez les meilleurs talents en ressources humaines ou trouvez votre prochain poste avec Tiger HR, une agence sp\u00e9cialis\u00e9e bas\u00e9e \u00e0 Duba\u00ef. Nous mettons en relation les entreprises avec des professionnels des RH exceptionnels \u00e0 tous les niveaux.\" \/>\n<meta property=\"og:url\" content=\"https:\/\/tiger-recruitment.com\/ch-fr\/rh\/\" \/>\n<meta property=\"og:site_name\" content=\"Tiger Recruitment\" \/>\n<meta property=\"article:publisher\" content=\"https:\/\/www.facebook.com\/tigerrecruitment.ltd\/\" \/>\n<meta property=\"article:modified_time\" content=\"2026-02-20T11:13:39+00:00\" \/>\n<meta name=\"twitter:card\" content=\"summary_large_image\" \/>\n<meta name=\"twitter:site\" content=\"@tigerrecruit\" \/>\n<!-- \/ Yoast SEO plugin. -->","yoast_head_json":{"title":"Agence de recrutement RH Suisse | Tiger HR","description":"Recrutez les meilleurs talents en ressources humaines ou trouvez votre prochain poste avec Tiger HR, une agence sp\u00e9cialis\u00e9e bas\u00e9e \u00e0 Duba\u00ef. Nous mettons en relation les entreprises avec des professionnels des RH exceptionnels \u00e0 tous les niveaux.","robots":{"index":"index","follow":"follow","max-snippet":"max-snippet:-1","max-image-preview":"max-image-preview:large","max-video-preview":"max-video-preview:-1"},"canonical":"https:\/\/tiger-recruitment.com\/ch-fr\/rh\/","og_locale":"fr_FR","og_type":"article","og_title":"Agence de recrutement RH Suisse | Tiger HR","og_description":"Recrutez les meilleurs talents en ressources humaines ou trouvez votre prochain poste avec Tiger HR, une agence sp\u00e9cialis\u00e9e bas\u00e9e \u00e0 Duba\u00ef. Nous mettons en relation les entreprises avec des professionnels des RH exceptionnels \u00e0 tous les niveaux.","og_url":"https:\/\/tiger-recruitment.com\/ch-fr\/rh\/","og_site_name":"Tiger Recruitment","article_publisher":"https:\/\/www.facebook.com\/tigerrecruitment.ltd\/","article_modified_time":"2026-02-20T11:13:39+00:00","twitter_card":"summary_large_image","twitter_site":"@tigerrecruit","schema":{"@context":"https:\/\/schema.org","@graph":[]}},"_links":{"self":[{"href":"https:\/\/tiger-recruitment.com\/ch-fr\/wp-json\/wp\/v2\/pages\/1208672","targetHints":{"allow":["GET"]}}],"collection":[{"href":"https:\/\/tiger-recruitment.com\/ch-fr\/wp-json\/wp\/v2\/pages"}],"about":[{"href":"https:\/\/tiger-recruitment.com\/ch-fr\/wp-json\/wp\/v2\/types\/page"}],"author":[{"embeddable":true,"href":"https:\/\/tiger-recruitment.com\/ch-fr\/wp-json\/wp\/v2\/users\/100621"}],"replies":[{"embeddable":true,"href":"https:\/\/tiger-recruitment.com\/ch-fr\/wp-json\/wp\/v2\/comments?post=1208672"}],"version-history":[{"count":0,"href":"https:\/\/tiger-recruitment.com\/ch-fr\/wp-json\/wp\/v2\/pages\/1208672\/revisions"}],"wp:attachment":[{"href":"https:\/\/tiger-recruitment.com\/ch-fr\/wp-json\/wp\/v2\/media?parent=1208672"}],"curies":[{"name":"wp","href":"https:\/\/api.w.org\/{rel}","templated":true}]}}