{"id":1099830,"date":"2019-09-26T14:24:34","date_gmt":"2019-09-26T13:24:34","guid":{"rendered":"http:\/\/tiger-recruitment.com\/chercher-a-recruter\/creative-recruitment\/"},"modified":"2023-01-31T16:36:19","modified_gmt":"2023-01-31T16:36:19","slug":"recrutement-creatif","status":"publish","type":"page","link":"https:\/\/tiger-recruitment.com\/ch-fr\/chercher-a-recruter\/recrutement-numerique\/recrutement-creatif\/","title":{"rendered":"recrutement-cr\u00e9atif"},"content":{"rendered":"","protected":false},"excerpt":{"rendered":"<p>Tiger Recruitment specialises in media recruitment across London and further afield.<br \/>\nOur dedicated consultants work to provide a service-led approach to some of the top companies and organisations under the umbrella of the creative sector.<br \/>\nCall us on 020 7917 1801 to discuss how we can help you find the perfect candidate today.<\/p>\n","protected":false},"author":1086,"featured_media":0,"parent":1099774,"menu_order":0,"comment_status":"closed","ping_status":"closed","template":"page-blank.php","meta":{"_acf_changed":false,"footnotes":""},"class_list":["post-1099830","page","type-page","status-publish","hentry"],"acf":[],"yoast_head":"<!-- This site is optimized with the Yoast SEO plugin v27.1.1 - https:\/\/yoast.com\/product\/yoast-seo-wordpress\/ -->\n<title>Recrutement cr\u00e9atif | Trouver des talents cr\u00e9atifs | Zurich<\/title>\n<meta name=\"description\" content=\"Vous cherchez \u00e0 recruter un copywriter ou un social media manager ? Les consultants experts de Tiger recrutent les meilleurs sp\u00e9cialistes du secteur cr\u00e9atif pour soutenir votre entreprise \u00e0 l&#039;\u00e8re du num\u00e9rique.\" \/>\n<meta name=\"robots\" content=\"index, follow, max-snippet:-1, max-image-preview:large, max-video-preview:-1\" \/>\n<link rel=\"canonical\" href=\"https:\/\/tiger-recruitment.com\/ch-fr\/chercher-a-recruter\/recrutement-numerique\/recrutement-creatif\/\" \/>\n<meta property=\"og:locale\" content=\"fr_FR\" \/>\n<meta property=\"og:type\" content=\"article\" \/>\n<meta property=\"og:title\" content=\"Recrutement cr\u00e9atif | Trouver des talents cr\u00e9atifs | Zurich\" \/>\n<meta property=\"og:description\" content=\"Vous cherchez \u00e0 recruter un copywriter ou un social media manager ? Les consultants experts de Tiger recrutent les meilleurs sp\u00e9cialistes du secteur cr\u00e9atif pour soutenir votre entreprise \u00e0 l&#039;\u00e8re du num\u00e9rique.\" \/>\n<meta property=\"og:url\" content=\"https:\/\/tiger-recruitment.com\/ch-fr\/chercher-a-recruter\/recrutement-numerique\/recrutement-creatif\/\" \/>\n<meta property=\"og:site_name\" content=\"Tiger Recruitment\" \/>\n<meta property=\"article:publisher\" content=\"https:\/\/www.facebook.com\/tigerrecruitment.ltd\/\" \/>\n<meta property=\"article:modified_time\" content=\"2023-01-31T16:36:19+00:00\" \/>\n<meta name=\"twitter:card\" content=\"summary_large_image\" \/>\n<meta name=\"twitter:site\" content=\"@tigerrecruit\" \/>\n<!-- \/ Yoast SEO plugin. -->","yoast_head_json":{"title":"Recrutement cr\u00e9atif | Trouver des talents cr\u00e9atifs | Zurich","description":"Vous cherchez \u00e0 recruter un copywriter ou un social media manager ? Les consultants experts de Tiger recrutent les meilleurs sp\u00e9cialistes du secteur cr\u00e9atif pour soutenir votre entreprise \u00e0 l'\u00e8re du num\u00e9rique.","robots":{"index":"index","follow":"follow","max-snippet":"max-snippet:-1","max-image-preview":"max-image-preview:large","max-video-preview":"max-video-preview:-1"},"canonical":"https:\/\/tiger-recruitment.com\/ch-fr\/chercher-a-recruter\/recrutement-numerique\/recrutement-creatif\/","og_locale":"fr_FR","og_type":"article","og_title":"Recrutement cr\u00e9atif | Trouver des talents cr\u00e9atifs | Zurich","og_description":"Vous cherchez \u00e0 recruter un copywriter ou un social media manager ? Les consultants experts de Tiger recrutent les meilleurs sp\u00e9cialistes du secteur cr\u00e9atif pour soutenir votre entreprise \u00e0 l'\u00e8re du num\u00e9rique.","og_url":"https:\/\/tiger-recruitment.com\/ch-fr\/chercher-a-recruter\/recrutement-numerique\/recrutement-creatif\/","og_site_name":"Tiger Recruitment","article_publisher":"https:\/\/www.facebook.com\/tigerrecruitment.ltd\/","article_modified_time":"2023-01-31T16:36:19+00:00","twitter_card":"summary_large_image","twitter_site":"@tigerrecruit","schema":{"@context":"https:\/\/schema.org","@graph":[]}},"_links":{"self":[{"href":"https:\/\/tiger-recruitment.com\/ch-fr\/wp-json\/wp\/v2\/pages\/1099830","targetHints":{"allow":["GET"]}}],"collection":[{"href":"https:\/\/tiger-recruitment.com\/ch-fr\/wp-json\/wp\/v2\/pages"}],"about":[{"href":"https:\/\/tiger-recruitment.com\/ch-fr\/wp-json\/wp\/v2\/types\/page"}],"author":[{"embeddable":true,"href":"https:\/\/tiger-recruitment.com\/ch-fr\/wp-json\/wp\/v2\/users\/1086"}],"replies":[{"embeddable":true,"href":"https:\/\/tiger-recruitment.com\/ch-fr\/wp-json\/wp\/v2\/comments?post=1099830"}],"version-history":[{"count":0,"href":"https:\/\/tiger-recruitment.com\/ch-fr\/wp-json\/wp\/v2\/pages\/1099830\/revisions"}],"up":[{"embeddable":true,"href":"https:\/\/tiger-recruitment.com\/ch-fr\/wp-json\/wp\/v2\/pages\/1099774"}],"wp:attachment":[{"href":"https:\/\/tiger-recruitment.com\/ch-fr\/wp-json\/wp\/v2\/media?parent=1099830"}],"curies":[{"name":"wp","href":"https:\/\/api.w.org\/{rel}","templated":true}]}}