{"id":1099774,"date":"2022-11-23T17:10:14","date_gmt":"2022-11-23T17:10:14","guid":{"rendered":"http:\/\/tiger-recruitment.com\/chercher-a-recruter\/digital-recruitment\/"},"modified":"2025-07-01T14:15:32","modified_gmt":"2025-07-01T13:15:32","slug":"recrutement-numerique","status":"publish","type":"page","link":"https:\/\/tiger-recruitment.com\/ch-fr\/chercher-a-recruter\/recrutement-numerique\/","title":{"rendered":"recrutement-num\u00e9rique"},"content":{"rendered":"","protected":false},"excerpt":{"rendered":"","protected":false},"author":57471,"featured_media":0,"parent":1034560,"menu_order":0,"comment_status":"closed","ping_status":"closed","template":"page-blank.php","meta":{"_acf_changed":false,"footnotes":""},"class_list":["post-1099774","page","type-page","status-publish","hentry"],"acf":[],"yoast_head":"<!-- This site is optimized with the Yoast SEO plugin v27.1.1 - https:\/\/yoast.com\/product\/yoast-seo-wordpress\/ -->\n<title>Agence de recrutement num\u00e9rique | Trouver du personnel dans le marketing num\u00e9rique<\/title>\n<meta name=\"description\" content=\"Vous \u00eates \u00e0 la recherche de sp\u00e9cialistes du recrutement dans le secteur num\u00e9rique ? Nous recrutons des consultants num\u00e9riques et des experts dans les technologies pour tous les secteurs d&#039;activit\u00e9 \u00e0 Zurich et \u00e0 travers toute la Suisse\" \/>\n<meta name=\"robots\" content=\"index, follow, max-snippet:-1, max-image-preview:large, max-video-preview:-1\" \/>\n<link rel=\"canonical\" href=\"https:\/\/tiger-recruitment.com\/ch-fr\/chercher-a-recruter\/recrutement-numerique\/\" \/>\n<meta property=\"og:locale\" content=\"fr_FR\" \/>\n<meta property=\"og:type\" content=\"article\" \/>\n<meta property=\"og:title\" content=\"Agence de recrutement num\u00e9rique | Trouver du personnel dans le marketing num\u00e9rique\" \/>\n<meta property=\"og:description\" content=\"Vous \u00eates \u00e0 la recherche de sp\u00e9cialistes du recrutement dans le secteur num\u00e9rique ? Nous recrutons des consultants num\u00e9riques et des experts dans les technologies pour tous les secteurs d&#039;activit\u00e9 \u00e0 Zurich et \u00e0 travers toute la Suisse\" \/>\n<meta property=\"og:url\" content=\"https:\/\/tiger-recruitment.com\/ch-fr\/chercher-a-recruter\/recrutement-numerique\/\" \/>\n<meta property=\"og:site_name\" content=\"Tiger Recruitment\" \/>\n<meta property=\"article:publisher\" content=\"https:\/\/www.facebook.com\/tigerrecruitment.ltd\/\" \/>\n<meta property=\"article:modified_time\" content=\"2025-07-01T13:15:32+00:00\" \/>\n<meta name=\"twitter:card\" content=\"summary_large_image\" \/>\n<meta name=\"twitter:site\" content=\"@tigerrecruit\" \/>\n<!-- \/ Yoast SEO plugin. -->","yoast_head_json":{"title":"Agence de recrutement num\u00e9rique | Trouver du personnel dans le marketing num\u00e9rique","description":"Vous \u00eates \u00e0 la recherche de sp\u00e9cialistes du recrutement dans le secteur num\u00e9rique ? Nous recrutons des consultants num\u00e9riques et des experts dans les technologies pour tous les secteurs d'activit\u00e9 \u00e0 Zurich et \u00e0 travers toute la Suisse","robots":{"index":"index","follow":"follow","max-snippet":"max-snippet:-1","max-image-preview":"max-image-preview:large","max-video-preview":"max-video-preview:-1"},"canonical":"https:\/\/tiger-recruitment.com\/ch-fr\/chercher-a-recruter\/recrutement-numerique\/","og_locale":"fr_FR","og_type":"article","og_title":"Agence de recrutement num\u00e9rique | Trouver du personnel dans le marketing num\u00e9rique","og_description":"Vous \u00eates \u00e0 la recherche de sp\u00e9cialistes du recrutement dans le secteur num\u00e9rique ? Nous recrutons des consultants num\u00e9riques et des experts dans les technologies pour tous les secteurs d'activit\u00e9 \u00e0 Zurich et \u00e0 travers toute la Suisse","og_url":"https:\/\/tiger-recruitment.com\/ch-fr\/chercher-a-recruter\/recrutement-numerique\/","og_site_name":"Tiger Recruitment","article_publisher":"https:\/\/www.facebook.com\/tigerrecruitment.ltd\/","article_modified_time":"2025-07-01T13:15:32+00:00","twitter_card":"summary_large_image","twitter_site":"@tigerrecruit","schema":{"@context":"https:\/\/schema.org","@graph":[]}},"_links":{"self":[{"href":"https:\/\/tiger-recruitment.com\/ch-fr\/wp-json\/wp\/v2\/pages\/1099774","targetHints":{"allow":["GET"]}}],"collection":[{"href":"https:\/\/tiger-recruitment.com\/ch-fr\/wp-json\/wp\/v2\/pages"}],"about":[{"href":"https:\/\/tiger-recruitment.com\/ch-fr\/wp-json\/wp\/v2\/types\/page"}],"author":[{"embeddable":true,"href":"https:\/\/tiger-recruitment.com\/ch-fr\/wp-json\/wp\/v2\/users\/57471"}],"replies":[{"embeddable":true,"href":"https:\/\/tiger-recruitment.com\/ch-fr\/wp-json\/wp\/v2\/comments?post=1099774"}],"version-history":[{"count":0,"href":"https:\/\/tiger-recruitment.com\/ch-fr\/wp-json\/wp\/v2\/pages\/1099774\/revisions"}],"up":[{"embeddable":true,"href":"https:\/\/tiger-recruitment.com\/ch-fr\/wp-json\/wp\/v2\/pages\/1034560"}],"wp:attachment":[{"href":"https:\/\/tiger-recruitment.com\/ch-fr\/wp-json\/wp\/v2\/media?parent=1099774"}],"curies":[{"name":"wp","href":"https:\/\/api.w.org\/{rel}","templated":true}]}}