{"id":1099754,"date":"2023-01-10T12:09:32","date_gmt":"2023-01-10T12:09:32","guid":{"rendered":"http:\/\/tiger-recruitment.com\/chercher-a-recruter\/finance-et-comptabilite\/banking-operations-recruitment\/"},"modified":"2025-07-01T14:11:45","modified_gmt":"2025-07-01T13:11:45","slug":"operations-bancaires-recrutement","status":"publish","type":"page","link":"https:\/\/tiger-recruitment.com\/ch-fr\/chercher-a-recruter\/finance-et-comptabilite\/operations-bancaires-recrutement\/","title":{"rendered":"op\u00e9rations-bancaires-recrutement"},"content":{"rendered":"","protected":false},"excerpt":{"rendered":"","protected":false},"author":57471,"featured_media":0,"parent":1034996,"menu_order":0,"comment_status":"closed","ping_status":"closed","template":"page-blank.php","meta":{"_acf_changed":false,"footnotes":""},"class_list":["post-1099754","page","type-page","status-publish","hentry"],"acf":[],"yoast_head":"<!-- This site is optimized with the Yoast SEO plugin v27.1.1 - https:\/\/yoast.com\/product\/yoast-seo-wordpress\/ -->\n<title>Embaucher du personnel dans les op\u00e9rations bancaires | Recrutement dans la banque \u00e0 Zurich<\/title>\n<meta name=\"description\" content=\"Agence de recrutement de premier plan dans le secteur bancaire \u00e0 Zurich, dans toute la Suisse et au-del\u00e0. Pour un recrutement de personnel sur mesure pour votre \u00e9quipe d&#039;op\u00e9rations bancaires, contactez-nous d\u00e8s aujourd&#039;hui.\" \/>\n<meta name=\"robots\" content=\"index, follow, max-snippet:-1, max-image-preview:large, max-video-preview:-1\" \/>\n<link rel=\"canonical\" href=\"https:\/\/tiger-recruitment.com\/ch-fr\/chercher-a-recruter\/finance-et-comptabilite\/operations-bancaires-recrutement\/\" \/>\n<meta property=\"og:locale\" content=\"fr_FR\" \/>\n<meta property=\"og:type\" content=\"article\" \/>\n<meta property=\"og:title\" content=\"Embaucher du personnel dans les op\u00e9rations bancaires | Recrutement dans la banque \u00e0 Zurich\" \/>\n<meta property=\"og:description\" content=\"Agence de recrutement de premier plan dans le secteur bancaire \u00e0 Zurich, dans toute la Suisse et au-del\u00e0. Pour un recrutement de personnel sur mesure pour votre \u00e9quipe d&#039;op\u00e9rations bancaires, contactez-nous d\u00e8s aujourd&#039;hui.\" \/>\n<meta property=\"og:url\" content=\"https:\/\/tiger-recruitment.com\/ch-fr\/chercher-a-recruter\/finance-et-comptabilite\/operations-bancaires-recrutement\/\" \/>\n<meta property=\"og:site_name\" content=\"Tiger Recruitment\" \/>\n<meta property=\"article:publisher\" content=\"https:\/\/www.facebook.com\/tigerrecruitment.ltd\/\" \/>\n<meta property=\"article:modified_time\" content=\"2025-07-01T13:11:45+00:00\" \/>\n<meta name=\"twitter:card\" content=\"summary_large_image\" \/>\n<meta name=\"twitter:site\" content=\"@tigerrecruit\" \/>\n<!-- \/ Yoast SEO plugin. -->","yoast_head_json":{"title":"Embaucher du personnel dans les op\u00e9rations bancaires | Recrutement dans la banque \u00e0 Zurich","description":"Agence de recrutement de premier plan dans le secteur bancaire \u00e0 Zurich, dans toute la Suisse et au-del\u00e0. Pour un recrutement de personnel sur mesure pour votre \u00e9quipe d'op\u00e9rations bancaires, contactez-nous d\u00e8s aujourd'hui.","robots":{"index":"index","follow":"follow","max-snippet":"max-snippet:-1","max-image-preview":"max-image-preview:large","max-video-preview":"max-video-preview:-1"},"canonical":"https:\/\/tiger-recruitment.com\/ch-fr\/chercher-a-recruter\/finance-et-comptabilite\/operations-bancaires-recrutement\/","og_locale":"fr_FR","og_type":"article","og_title":"Embaucher du personnel dans les op\u00e9rations bancaires | Recrutement dans la banque \u00e0 Zurich","og_description":"Agence de recrutement de premier plan dans le secteur bancaire \u00e0 Zurich, dans toute la Suisse et au-del\u00e0. Pour un recrutement de personnel sur mesure pour votre \u00e9quipe d'op\u00e9rations bancaires, contactez-nous d\u00e8s aujourd'hui.","og_url":"https:\/\/tiger-recruitment.com\/ch-fr\/chercher-a-recruter\/finance-et-comptabilite\/operations-bancaires-recrutement\/","og_site_name":"Tiger Recruitment","article_publisher":"https:\/\/www.facebook.com\/tigerrecruitment.ltd\/","article_modified_time":"2025-07-01T13:11:45+00:00","twitter_card":"summary_large_image","twitter_site":"@tigerrecruit","schema":{"@context":"https:\/\/schema.org","@graph":[]}},"_links":{"self":[{"href":"https:\/\/tiger-recruitment.com\/ch-fr\/wp-json\/wp\/v2\/pages\/1099754","targetHints":{"allow":["GET"]}}],"collection":[{"href":"https:\/\/tiger-recruitment.com\/ch-fr\/wp-json\/wp\/v2\/pages"}],"about":[{"href":"https:\/\/tiger-recruitment.com\/ch-fr\/wp-json\/wp\/v2\/types\/page"}],"author":[{"embeddable":true,"href":"https:\/\/tiger-recruitment.com\/ch-fr\/wp-json\/wp\/v2\/users\/57471"}],"replies":[{"embeddable":true,"href":"https:\/\/tiger-recruitment.com\/ch-fr\/wp-json\/wp\/v2\/comments?post=1099754"}],"version-history":[{"count":0,"href":"https:\/\/tiger-recruitment.com\/ch-fr\/wp-json\/wp\/v2\/pages\/1099754\/revisions"}],"up":[{"embeddable":true,"href":"https:\/\/tiger-recruitment.com\/ch-fr\/wp-json\/wp\/v2\/pages\/1034996"}],"wp:attachment":[{"href":"https:\/\/tiger-recruitment.com\/ch-fr\/wp-json\/wp\/v2\/media?parent=1099754"}],"curies":[{"name":"wp","href":"https:\/\/api.w.org\/{rel}","templated":true}]}}