{"id":1099739,"date":"2022-11-23T17:10:21","date_gmt":"2022-11-23T17:10:21","guid":{"rendered":"http:\/\/tiger-recruitment.com\/chercher-un-emploi\/digital-jobs\/"},"modified":"2025-07-01T10:48:21","modified_gmt":"2025-07-01T09:48:21","slug":"numeriques-emplois","status":"publish","type":"page","link":"https:\/\/tiger-recruitment.com\/ch-fr\/chercher-un-emploi\/numeriques-emplois\/","title":{"rendered":"num\u00e9riques-emplois"},"content":{"rendered":"","protected":false},"excerpt":{"rendered":"","protected":false},"author":57471,"featured_media":0,"parent":1034469,"menu_order":0,"comment_status":"closed","ping_status":"closed","template":"page-blank.php","meta":{"_acf_changed":false,"footnotes":""},"class_list":["post-1099739","page","type-page","status-publish","hentry"],"acf":[],"yoast_head":"<!-- This site is optimized with the Yoast SEO plugin v27.1.1 - https:\/\/yoast.com\/product\/yoast-seo-wordpress\/ -->\n<title>Emplois dans le num\u00e9rique \u00e0 Zurich | Carri\u00e8res dans le num\u00e9rique<\/title>\n<meta name=\"description\" content=\"Vous cherchez votre prochain emploi dans le num\u00e9rique ? Trouvez des emplois de d\u00e9veloppeur, d&#039;ing\u00e9nieur et de sp\u00e9cialiste du marketing num\u00e9rique \u00e0 Zurich et ailleurs\" \/>\n<meta name=\"robots\" content=\"index, follow, max-snippet:-1, max-image-preview:large, max-video-preview:-1\" \/>\n<link rel=\"canonical\" href=\"https:\/\/tiger-recruitment.com\/ch-fr\/chercher-un-emploi\/numeriques-emplois\/\" \/>\n<meta property=\"og:locale\" content=\"fr_FR\" \/>\n<meta property=\"og:type\" content=\"article\" \/>\n<meta property=\"og:title\" content=\"Emplois dans le num\u00e9rique \u00e0 Zurich | Carri\u00e8res dans le num\u00e9rique\" \/>\n<meta property=\"og:description\" content=\"Vous cherchez votre prochain emploi dans le num\u00e9rique ? Trouvez des emplois de d\u00e9veloppeur, d&#039;ing\u00e9nieur et de sp\u00e9cialiste du marketing num\u00e9rique \u00e0 Zurich et ailleurs\" \/>\n<meta property=\"og:url\" content=\"https:\/\/tiger-recruitment.com\/ch-fr\/chercher-un-emploi\/numeriques-emplois\/\" \/>\n<meta property=\"og:site_name\" content=\"Tiger Recruitment\" \/>\n<meta property=\"article:publisher\" content=\"https:\/\/www.facebook.com\/tigerrecruitment.ltd\/\" \/>\n<meta property=\"article:modified_time\" content=\"2025-07-01T09:48:21+00:00\" \/>\n<meta name=\"twitter:card\" content=\"summary_large_image\" \/>\n<meta name=\"twitter:site\" content=\"@tigerrecruit\" \/>\n<!-- \/ Yoast SEO plugin. -->","yoast_head_json":{"title":"Emplois dans le num\u00e9rique \u00e0 Zurich | Carri\u00e8res dans le num\u00e9rique","description":"Vous cherchez votre prochain emploi dans le num\u00e9rique ? Trouvez des emplois de d\u00e9veloppeur, d'ing\u00e9nieur et de sp\u00e9cialiste du marketing num\u00e9rique \u00e0 Zurich et ailleurs","robots":{"index":"index","follow":"follow","max-snippet":"max-snippet:-1","max-image-preview":"max-image-preview:large","max-video-preview":"max-video-preview:-1"},"canonical":"https:\/\/tiger-recruitment.com\/ch-fr\/chercher-un-emploi\/numeriques-emplois\/","og_locale":"fr_FR","og_type":"article","og_title":"Emplois dans le num\u00e9rique \u00e0 Zurich | Carri\u00e8res dans le num\u00e9rique","og_description":"Vous cherchez votre prochain emploi dans le num\u00e9rique ? Trouvez des emplois de d\u00e9veloppeur, d'ing\u00e9nieur et de sp\u00e9cialiste du marketing num\u00e9rique \u00e0 Zurich et ailleurs","og_url":"https:\/\/tiger-recruitment.com\/ch-fr\/chercher-un-emploi\/numeriques-emplois\/","og_site_name":"Tiger Recruitment","article_publisher":"https:\/\/www.facebook.com\/tigerrecruitment.ltd\/","article_modified_time":"2025-07-01T09:48:21+00:00","twitter_card":"summary_large_image","twitter_site":"@tigerrecruit","schema":{"@context":"https:\/\/schema.org","@graph":[]}},"_links":{"self":[{"href":"https:\/\/tiger-recruitment.com\/ch-fr\/wp-json\/wp\/v2\/pages\/1099739","targetHints":{"allow":["GET"]}}],"collection":[{"href":"https:\/\/tiger-recruitment.com\/ch-fr\/wp-json\/wp\/v2\/pages"}],"about":[{"href":"https:\/\/tiger-recruitment.com\/ch-fr\/wp-json\/wp\/v2\/types\/page"}],"author":[{"embeddable":true,"href":"https:\/\/tiger-recruitment.com\/ch-fr\/wp-json\/wp\/v2\/users\/57471"}],"replies":[{"embeddable":true,"href":"https:\/\/tiger-recruitment.com\/ch-fr\/wp-json\/wp\/v2\/comments?post=1099739"}],"version-history":[{"count":0,"href":"https:\/\/tiger-recruitment.com\/ch-fr\/wp-json\/wp\/v2\/pages\/1099739\/revisions"}],"up":[{"embeddable":true,"href":"https:\/\/tiger-recruitment.com\/ch-fr\/wp-json\/wp\/v2\/pages\/1034469"}],"wp:attachment":[{"href":"https:\/\/tiger-recruitment.com\/ch-fr\/wp-json\/wp\/v2\/media?parent=1099739"}],"curies":[{"name":"wp","href":"https:\/\/api.w.org\/{rel}","templated":true}]}}