{"id":1099726,"date":"2023-01-03T16:36:52","date_gmt":"2023-01-03T16:36:52","guid":{"rendered":"http:\/\/tiger-recruitment.com\/creative\/"},"modified":"2025-07-01T10:51:21","modified_gmt":"2025-07-01T09:51:21","slug":"creatif","status":"publish","type":"page","link":"https:\/\/tiger-recruitment.com\/ch-fr\/chercher-un-emploi\/numeriques-emplois\/creatif\/","title":{"rendered":"cr\u00e9atif"},"content":{"rendered":"","protected":false},"excerpt":{"rendered":"","protected":false},"author":57471,"featured_media":0,"parent":1099739,"menu_order":0,"comment_status":"closed","ping_status":"closed","template":"page-blank.php","meta":{"_acf_changed":false,"footnotes":""},"class_list":["post-1099726","page","type-page","status-publish","hentry"],"acf":[],"yoast_head":"<!-- This site is optimized with the Yoast SEO plugin v27.1.1 - https:\/\/yoast.com\/product\/yoast-seo-wordpress\/ -->\n<title>Emplois cr\u00e9atifs \u00e0 Zurich | Passez \u00e0 l&#039;\u00e9tape sup\u00e9rieure dans votre carri\u00e8re<\/title>\n<meta name=\"description\" content=\"Que vous soyez \u00e0 la recherche d&#039;emplois dans le design graphique, dans le secteur des r\u00e9seaux sociaux ou d&#039;autres emplois cr\u00e9atifs \u00e0 Zurich ou ailleurs, Tiger est l\u00e0 pour vous aider !\" \/>\n<meta name=\"robots\" content=\"index, follow, max-snippet:-1, max-image-preview:large, max-video-preview:-1\" \/>\n<link rel=\"canonical\" href=\"https:\/\/tiger-recruitment.com\/ch-fr\/chercher-un-emploi\/numeriques-emplois\/creatif\/\" \/>\n<meta property=\"og:locale\" content=\"fr_FR\" \/>\n<meta property=\"og:type\" content=\"article\" \/>\n<meta property=\"og:title\" content=\"Emplois cr\u00e9atifs \u00e0 Zurich | Passez \u00e0 l&#039;\u00e9tape sup\u00e9rieure dans votre carri\u00e8re\" \/>\n<meta property=\"og:description\" content=\"Que vous soyez \u00e0 la recherche d&#039;emplois dans le design graphique, dans le secteur des r\u00e9seaux sociaux ou d&#039;autres emplois cr\u00e9atifs \u00e0 Zurich ou ailleurs, Tiger est l\u00e0 pour vous aider !\" \/>\n<meta property=\"og:url\" content=\"https:\/\/tiger-recruitment.com\/ch-fr\/chercher-un-emploi\/numeriques-emplois\/creatif\/\" \/>\n<meta property=\"og:site_name\" content=\"Tiger Recruitment\" \/>\n<meta property=\"article:publisher\" content=\"https:\/\/www.facebook.com\/tigerrecruitment.ltd\/\" \/>\n<meta property=\"article:modified_time\" content=\"2025-07-01T09:51:21+00:00\" \/>\n<meta name=\"twitter:card\" content=\"summary_large_image\" \/>\n<meta name=\"twitter:site\" content=\"@tigerrecruit\" \/>\n<!-- \/ Yoast SEO plugin. -->","yoast_head_json":{"title":"Emplois cr\u00e9atifs \u00e0 Zurich | Passez \u00e0 l'\u00e9tape sup\u00e9rieure dans votre carri\u00e8re","description":"Que vous soyez \u00e0 la recherche d'emplois dans le design graphique, dans le secteur des r\u00e9seaux sociaux ou d'autres emplois cr\u00e9atifs \u00e0 Zurich ou ailleurs, Tiger est l\u00e0 pour vous aider !","robots":{"index":"index","follow":"follow","max-snippet":"max-snippet:-1","max-image-preview":"max-image-preview:large","max-video-preview":"max-video-preview:-1"},"canonical":"https:\/\/tiger-recruitment.com\/ch-fr\/chercher-un-emploi\/numeriques-emplois\/creatif\/","og_locale":"fr_FR","og_type":"article","og_title":"Emplois cr\u00e9atifs \u00e0 Zurich | Passez \u00e0 l'\u00e9tape sup\u00e9rieure dans votre carri\u00e8re","og_description":"Que vous soyez \u00e0 la recherche d'emplois dans le design graphique, dans le secteur des r\u00e9seaux sociaux ou d'autres emplois cr\u00e9atifs \u00e0 Zurich ou ailleurs, Tiger est l\u00e0 pour vous aider !","og_url":"https:\/\/tiger-recruitment.com\/ch-fr\/chercher-un-emploi\/numeriques-emplois\/creatif\/","og_site_name":"Tiger Recruitment","article_publisher":"https:\/\/www.facebook.com\/tigerrecruitment.ltd\/","article_modified_time":"2025-07-01T09:51:21+00:00","twitter_card":"summary_large_image","twitter_site":"@tigerrecruit","schema":{"@context":"https:\/\/schema.org","@graph":[]}},"_links":{"self":[{"href":"https:\/\/tiger-recruitment.com\/ch-fr\/wp-json\/wp\/v2\/pages\/1099726","targetHints":{"allow":["GET"]}}],"collection":[{"href":"https:\/\/tiger-recruitment.com\/ch-fr\/wp-json\/wp\/v2\/pages"}],"about":[{"href":"https:\/\/tiger-recruitment.com\/ch-fr\/wp-json\/wp\/v2\/types\/page"}],"author":[{"embeddable":true,"href":"https:\/\/tiger-recruitment.com\/ch-fr\/wp-json\/wp\/v2\/users\/57471"}],"replies":[{"embeddable":true,"href":"https:\/\/tiger-recruitment.com\/ch-fr\/wp-json\/wp\/v2\/comments?post=1099726"}],"version-history":[{"count":0,"href":"https:\/\/tiger-recruitment.com\/ch-fr\/wp-json\/wp\/v2\/pages\/1099726\/revisions"}],"up":[{"embeddable":true,"href":"https:\/\/tiger-recruitment.com\/ch-fr\/wp-json\/wp\/v2\/pages\/1099739"}],"wp:attachment":[{"href":"https:\/\/tiger-recruitment.com\/ch-fr\/wp-json\/wp\/v2\/media?parent=1099726"}],"curies":[{"name":"wp","href":"https:\/\/api.w.org\/{rel}","templated":true}]}}