{"id":1098203,"date":"2023-01-10T12:08:51","date_gmt":"2023-01-10T12:08:51","guid":{"rendered":"http:\/\/tiger-recruitment.com\/chercher-un-emploi\/finances-et-comptabilite\/banking-operations\/"},"modified":"2025-07-01T10:05:34","modified_gmt":"2025-07-01T09:05:34","slug":"operations-bancaires","status":"publish","type":"page","link":"https:\/\/tiger-recruitment.com\/ch-fr\/chercher-un-emploi\/finances-et-comptabilite\/operations-bancaires\/","title":{"rendered":"op\u00e9rations bancaires"},"content":{"rendered":"","protected":false},"excerpt":{"rendered":"","protected":false},"author":57471,"featured_media":0,"parent":1034600,"menu_order":0,"comment_status":"closed","ping_status":"closed","template":"page-blank.php","meta":{"_acf_changed":false,"footnotes":""},"class_list":["post-1098203","page","type-page","status-publish","hentry"],"acf":[],"yoast_head":"<!-- This site is optimized with the Yoast SEO plugin v27.1.1 - https:\/\/yoast.com\/product\/yoast-seo-wordpress\/ -->\n<title>Emplois dans la banque \u00e0 Zurich | Emplois dans les op\u00e9rations bancaires | Tiger<\/title>\n<meta name=\"description\" content=\"Vous cherchez un emploi dans les op\u00e9rations bancaires ? Trouvez des emplois dans les op\u00e9rations bancaires \u00e0 Zurich, en Suisse et ailleurs. Inscrivez-vous sur Tiger d\u00e8s aujourd&#039;hui et commencez vos recherches.\" \/>\n<meta name=\"robots\" content=\"index, follow, max-snippet:-1, max-image-preview:large, max-video-preview:-1\" \/>\n<link rel=\"canonical\" href=\"https:\/\/tiger-recruitment.com\/ch-fr\/chercher-un-emploi\/finances-et-comptabilite\/operations-bancaires\/\" \/>\n<meta property=\"og:locale\" content=\"fr_FR\" \/>\n<meta property=\"og:type\" content=\"article\" \/>\n<meta property=\"og:title\" content=\"Emplois dans la banque \u00e0 Zurich | Emplois dans les op\u00e9rations bancaires | Tiger\" \/>\n<meta property=\"og:description\" content=\"Vous cherchez un emploi dans les op\u00e9rations bancaires ? Trouvez des emplois dans les op\u00e9rations bancaires \u00e0 Zurich, en Suisse et ailleurs. Inscrivez-vous sur Tiger d\u00e8s aujourd&#039;hui et commencez vos recherches.\" \/>\n<meta property=\"og:url\" content=\"https:\/\/tiger-recruitment.com\/ch-fr\/chercher-un-emploi\/finances-et-comptabilite\/operations-bancaires\/\" \/>\n<meta property=\"og:site_name\" content=\"Tiger Recruitment\" \/>\n<meta property=\"article:publisher\" content=\"https:\/\/www.facebook.com\/tigerrecruitment.ltd\/\" \/>\n<meta property=\"article:modified_time\" content=\"2025-07-01T09:05:34+00:00\" \/>\n<meta name=\"twitter:card\" content=\"summary_large_image\" \/>\n<meta name=\"twitter:site\" content=\"@tigerrecruit\" \/>\n<!-- \/ Yoast SEO plugin. -->","yoast_head_json":{"title":"Emplois dans la banque \u00e0 Zurich | Emplois dans les op\u00e9rations bancaires | Tiger","description":"Vous cherchez un emploi dans les op\u00e9rations bancaires ? Trouvez des emplois dans les op\u00e9rations bancaires \u00e0 Zurich, en Suisse et ailleurs. Inscrivez-vous sur Tiger d\u00e8s aujourd'hui et commencez vos recherches.","robots":{"index":"index","follow":"follow","max-snippet":"max-snippet:-1","max-image-preview":"max-image-preview:large","max-video-preview":"max-video-preview:-1"},"canonical":"https:\/\/tiger-recruitment.com\/ch-fr\/chercher-un-emploi\/finances-et-comptabilite\/operations-bancaires\/","og_locale":"fr_FR","og_type":"article","og_title":"Emplois dans la banque \u00e0 Zurich | Emplois dans les op\u00e9rations bancaires | Tiger","og_description":"Vous cherchez un emploi dans les op\u00e9rations bancaires ? Trouvez des emplois dans les op\u00e9rations bancaires \u00e0 Zurich, en Suisse et ailleurs. Inscrivez-vous sur Tiger d\u00e8s aujourd'hui et commencez vos recherches.","og_url":"https:\/\/tiger-recruitment.com\/ch-fr\/chercher-un-emploi\/finances-et-comptabilite\/operations-bancaires\/","og_site_name":"Tiger Recruitment","article_publisher":"https:\/\/www.facebook.com\/tigerrecruitment.ltd\/","article_modified_time":"2025-07-01T09:05:34+00:00","twitter_card":"summary_large_image","twitter_site":"@tigerrecruit","schema":{"@context":"https:\/\/schema.org","@graph":[]}},"_links":{"self":[{"href":"https:\/\/tiger-recruitment.com\/ch-fr\/wp-json\/wp\/v2\/pages\/1098203","targetHints":{"allow":["GET"]}}],"collection":[{"href":"https:\/\/tiger-recruitment.com\/ch-fr\/wp-json\/wp\/v2\/pages"}],"about":[{"href":"https:\/\/tiger-recruitment.com\/ch-fr\/wp-json\/wp\/v2\/types\/page"}],"author":[{"embeddable":true,"href":"https:\/\/tiger-recruitment.com\/ch-fr\/wp-json\/wp\/v2\/users\/57471"}],"replies":[{"embeddable":true,"href":"https:\/\/tiger-recruitment.com\/ch-fr\/wp-json\/wp\/v2\/comments?post=1098203"}],"version-history":[{"count":0,"href":"https:\/\/tiger-recruitment.com\/ch-fr\/wp-json\/wp\/v2\/pages\/1098203\/revisions"}],"up":[{"embeddable":true,"href":"https:\/\/tiger-recruitment.com\/ch-fr\/wp-json\/wp\/v2\/pages\/1034600"}],"wp:attachment":[{"href":"https:\/\/tiger-recruitment.com\/ch-fr\/wp-json\/wp\/v2\/media?parent=1098203"}],"curies":[{"name":"wp","href":"https:\/\/api.w.org\/{rel}","templated":true}]}}