{"id":1052034,"date":"2018-07-16T17:43:58","date_gmt":"2018-07-16T16:43:58","guid":{"rendered":"http:\/\/tiger-recruitment.com\/chercher-a-recruter\/particuliers\/temporary\/"},"modified":"2025-07-01T14:13:47","modified_gmt":"2025-07-01T13:13:47","slug":"poste-interimaire","status":"publish","type":"page","link":"https:\/\/tiger-recruitment.com\/ch-fr\/chercher-a-recruter\/particuliers\/poste-interimaire\/","title":{"rendered":"Poste Int\u00e9rimaire"},"content":{"rendered":"","protected":false},"excerpt":{"rendered":"<p>As a specialist private household recruitment agency, Tiger Private\u2019s expert consultants are well-versed in filling temporary jobs with outstanding candidates on tight deadlines.<br \/>\nWhether it\u2019s a holiday nanny, a personal chef for a night or extended seasonal private household staff, our private temporary division can help with all your family office or private household employee requirements.<br \/>\nGet in touch by calling +44 207 917 1803 or emailing Ruth today.<\/p>\n","protected":false},"author":2,"featured_media":0,"parent":1035033,"menu_order":0,"comment_status":"closed","ping_status":"closed","template":"page-blank.php","meta":{"_acf_changed":false,"footnotes":""},"class_list":["post-1052034","page","type-page","status-publish","hentry"],"acf":[],"yoast_head":"<!-- This site is optimized with the Yoast SEO plugin v27.1.1 - https:\/\/yoast.com\/product\/yoast-seo-wordpress\/ -->\n<title>Agence de recrutement priv\u00e9e sp\u00e9cialis\u00e9e dans l&#039;embauche de personnel saisonnier | Zurich<\/title>\n<meta name=\"description\" content=\"Si vous cherchez \u00e0 embaucher du personnel int\u00e9rimaire pour des particuliers ou un bureau de gestion du patrimoine, nous pouvons recruter des candidats pour divers placements, \u00e0 court et \u00e0 long terme.\" \/>\n<meta name=\"robots\" content=\"index, follow, max-snippet:-1, max-image-preview:large, max-video-preview:-1\" \/>\n<link rel=\"canonical\" href=\"https:\/\/tiger-recruitment.com\/ch-fr\/chercher-a-recruter\/particuliers\/poste-interimaire\/\" \/>\n<meta property=\"og:locale\" content=\"fr_FR\" \/>\n<meta property=\"og:type\" content=\"article\" \/>\n<meta property=\"og:title\" content=\"Agence de recrutement priv\u00e9e sp\u00e9cialis\u00e9e dans l&#039;embauche de personnel saisonnier | Zurich\" \/>\n<meta property=\"og:description\" content=\"Si vous cherchez \u00e0 embaucher du personnel int\u00e9rimaire pour des particuliers ou un bureau de gestion du patrimoine, nous pouvons recruter des candidats pour divers placements, \u00e0 court et \u00e0 long terme.\" \/>\n<meta property=\"og:url\" content=\"https:\/\/tiger-recruitment.com\/ch-fr\/chercher-a-recruter\/particuliers\/poste-interimaire\/\" \/>\n<meta property=\"og:site_name\" content=\"Tiger Recruitment\" \/>\n<meta property=\"article:publisher\" content=\"https:\/\/www.facebook.com\/tigerrecruitment.ltd\/\" \/>\n<meta property=\"article:modified_time\" content=\"2025-07-01T13:13:47+00:00\" \/>\n<meta name=\"twitter:card\" content=\"summary_large_image\" \/>\n<meta name=\"twitter:site\" content=\"@tigerrecruit\" \/>\n<!-- \/ Yoast SEO plugin. -->","yoast_head_json":{"title":"Agence de recrutement priv\u00e9e sp\u00e9cialis\u00e9e dans l'embauche de personnel saisonnier | Zurich","description":"Si vous cherchez \u00e0 embaucher du personnel int\u00e9rimaire pour des particuliers ou un bureau de gestion du patrimoine, nous pouvons recruter des candidats pour divers placements, \u00e0 court et \u00e0 long terme.","robots":{"index":"index","follow":"follow","max-snippet":"max-snippet:-1","max-image-preview":"max-image-preview:large","max-video-preview":"max-video-preview:-1"},"canonical":"https:\/\/tiger-recruitment.com\/ch-fr\/chercher-a-recruter\/particuliers\/poste-interimaire\/","og_locale":"fr_FR","og_type":"article","og_title":"Agence de recrutement priv\u00e9e sp\u00e9cialis\u00e9e dans l'embauche de personnel saisonnier | Zurich","og_description":"Si vous cherchez \u00e0 embaucher du personnel int\u00e9rimaire pour des particuliers ou un bureau de gestion du patrimoine, nous pouvons recruter des candidats pour divers placements, \u00e0 court et \u00e0 long terme.","og_url":"https:\/\/tiger-recruitment.com\/ch-fr\/chercher-a-recruter\/particuliers\/poste-interimaire\/","og_site_name":"Tiger Recruitment","article_publisher":"https:\/\/www.facebook.com\/tigerrecruitment.ltd\/","article_modified_time":"2025-07-01T13:13:47+00:00","twitter_card":"summary_large_image","twitter_site":"@tigerrecruit","schema":{"@context":"https:\/\/schema.org","@graph":[]}},"_links":{"self":[{"href":"https:\/\/tiger-recruitment.com\/ch-fr\/wp-json\/wp\/v2\/pages\/1052034","targetHints":{"allow":["GET"]}}],"collection":[{"href":"https:\/\/tiger-recruitment.com\/ch-fr\/wp-json\/wp\/v2\/pages"}],"about":[{"href":"https:\/\/tiger-recruitment.com\/ch-fr\/wp-json\/wp\/v2\/types\/page"}],"author":[{"embeddable":true,"href":"https:\/\/tiger-recruitment.com\/ch-fr\/wp-json\/wp\/v2\/users\/2"}],"replies":[{"embeddable":true,"href":"https:\/\/tiger-recruitment.com\/ch-fr\/wp-json\/wp\/v2\/comments?post=1052034"}],"version-history":[{"count":0,"href":"https:\/\/tiger-recruitment.com\/ch-fr\/wp-json\/wp\/v2\/pages\/1052034\/revisions"}],"up":[{"embeddable":true,"href":"https:\/\/tiger-recruitment.com\/ch-fr\/wp-json\/wp\/v2\/pages\/1035033"}],"wp:attachment":[{"href":"https:\/\/tiger-recruitment.com\/ch-fr\/wp-json\/wp\/v2\/media?parent=1052034"}],"curies":[{"name":"wp","href":"https:\/\/api.w.org\/{rel}","templated":true}]}}