{"id":1052027,"date":"2018-07-03T16:31:20","date_gmt":"2018-07-03T15:31:20","guid":{"rendered":"http:\/\/tiger-recruitment.com\/chercher-a-recruter\/particuliers\/permanent\/"},"modified":"2023-09-12T13:11:19","modified_gmt":"2023-09-12T12:11:19","slug":"permanent","status":"publish","type":"page","link":"https:\/\/tiger-recruitment.com\/ch-fr\/chercher-a-recruter\/particuliers\/permanent\/","title":{"rendered":"Permanent"},"content":{"rendered":"","protected":false},"excerpt":{"rendered":"<p>As a leading PA and private household recruitment agency in London, we are experts in matching private permanent staff with UNHWI in London, regional UK and internationally.<br \/>\nWe offer a bespoke private staff recruitment service, working closely with family offices and private individuals to find the perfect match. With an uncompromising selection and vetting process in place, our expert team of private PA and domestic household recruitment consultants ensure that your private staff meet nothing short of an exceptional standard of excellence.<\/p>\n","protected":false},"author":4,"featured_media":0,"parent":1035033,"menu_order":0,"comment_status":"closed","ping_status":"closed","template":"page-blank.php","meta":{"_acf_changed":false,"footnotes":""},"class_list":["post-1052027","page","type-page","status-publish","hentry"],"acf":[],"yoast_head":"<!-- This site is optimized with the Yoast SEO plugin v27.1.1 - https:\/\/yoast.com\/product\/yoast-seo-wordpress\/ -->\n<title>Personnel domestique chez des particuliers et de bureaux de gestion du patrimoine permanent \u00e0 Zurich<\/title>\n<meta name=\"description\" content=\"Embaucher du personnel domestique permanent n&#039;a jamais \u00e9t\u00e9 aussi facile gr\u00e2ce aux consultants experts de Tiger Private, qui sont l\u00e0 pour guider les employeurs \u00e0 travers chaque \u00e9tape du processus de recrutement\" \/>\n<meta name=\"robots\" content=\"index, follow, max-snippet:-1, max-image-preview:large, max-video-preview:-1\" \/>\n<link rel=\"canonical\" href=\"https:\/\/tiger-recruitment.com\/ch-fr\/chercher-a-recruter\/particuliers\/permanent\/\" \/>\n<meta property=\"og:locale\" content=\"fr_FR\" \/>\n<meta property=\"og:type\" content=\"article\" \/>\n<meta property=\"og:title\" content=\"Personnel domestique chez des particuliers et de bureaux de gestion du patrimoine permanent \u00e0 Zurich\" \/>\n<meta property=\"og:description\" content=\"Embaucher du personnel domestique permanent n&#039;a jamais \u00e9t\u00e9 aussi facile gr\u00e2ce aux consultants experts de Tiger Private, qui sont l\u00e0 pour guider les employeurs \u00e0 travers chaque \u00e9tape du processus de recrutement\" \/>\n<meta property=\"og:url\" content=\"https:\/\/tiger-recruitment.com\/ch-fr\/chercher-a-recruter\/particuliers\/permanent\/\" \/>\n<meta property=\"og:site_name\" content=\"Tiger Recruitment\" \/>\n<meta property=\"article:publisher\" content=\"https:\/\/www.facebook.com\/tigerrecruitment.ltd\/\" \/>\n<meta property=\"article:modified_time\" content=\"2023-09-12T12:11:19+00:00\" \/>\n<meta name=\"twitter:card\" content=\"summary_large_image\" \/>\n<meta name=\"twitter:site\" content=\"@tigerrecruit\" \/>\n<!-- \/ Yoast SEO plugin. -->","yoast_head_json":{"title":"Personnel domestique chez des particuliers et de bureaux de gestion du patrimoine permanent \u00e0 Zurich","description":"Embaucher du personnel domestique permanent n'a jamais \u00e9t\u00e9 aussi facile gr\u00e2ce aux consultants experts de Tiger Private, qui sont l\u00e0 pour guider les employeurs \u00e0 travers chaque \u00e9tape du processus de recrutement","robots":{"index":"index","follow":"follow","max-snippet":"max-snippet:-1","max-image-preview":"max-image-preview:large","max-video-preview":"max-video-preview:-1"},"canonical":"https:\/\/tiger-recruitment.com\/ch-fr\/chercher-a-recruter\/particuliers\/permanent\/","og_locale":"fr_FR","og_type":"article","og_title":"Personnel domestique chez des particuliers et de bureaux de gestion du patrimoine permanent \u00e0 Zurich","og_description":"Embaucher du personnel domestique permanent n'a jamais \u00e9t\u00e9 aussi facile gr\u00e2ce aux consultants experts de Tiger Private, qui sont l\u00e0 pour guider les employeurs \u00e0 travers chaque \u00e9tape du processus de recrutement","og_url":"https:\/\/tiger-recruitment.com\/ch-fr\/chercher-a-recruter\/particuliers\/permanent\/","og_site_name":"Tiger Recruitment","article_publisher":"https:\/\/www.facebook.com\/tigerrecruitment.ltd\/","article_modified_time":"2023-09-12T12:11:19+00:00","twitter_card":"summary_large_image","twitter_site":"@tigerrecruit","schema":{"@context":"https:\/\/schema.org","@graph":[]}},"_links":{"self":[{"href":"https:\/\/tiger-recruitment.com\/ch-fr\/wp-json\/wp\/v2\/pages\/1052027","targetHints":{"allow":["GET"]}}],"collection":[{"href":"https:\/\/tiger-recruitment.com\/ch-fr\/wp-json\/wp\/v2\/pages"}],"about":[{"href":"https:\/\/tiger-recruitment.com\/ch-fr\/wp-json\/wp\/v2\/types\/page"}],"author":[{"embeddable":true,"href":"https:\/\/tiger-recruitment.com\/ch-fr\/wp-json\/wp\/v2\/users\/4"}],"replies":[{"embeddable":true,"href":"https:\/\/tiger-recruitment.com\/ch-fr\/wp-json\/wp\/v2\/comments?post=1052027"}],"version-history":[{"count":0,"href":"https:\/\/tiger-recruitment.com\/ch-fr\/wp-json\/wp\/v2\/pages\/1052027\/revisions"}],"up":[{"embeddable":true,"href":"https:\/\/tiger-recruitment.com\/ch-fr\/wp-json\/wp\/v2\/pages\/1035033"}],"wp:attachment":[{"href":"https:\/\/tiger-recruitment.com\/ch-fr\/wp-json\/wp\/v2\/media?parent=1052027"}],"curies":[{"name":"wp","href":"https:\/\/api.w.org\/{rel}","templated":true}]}}