{"id":1051965,"date":"2018-05-25T09:18:50","date_gmt":"2018-05-25T08:18:50","guid":{"rendered":"http:\/\/tiger-recruitment.com\/chercher-un-emploi\/emplois-prive\/temporary\/"},"modified":"2025-07-01T10:47:19","modified_gmt":"2025-07-01T09:47:19","slug":"poste-interimaire","status":"publish","type":"page","link":"https:\/\/tiger-recruitment.com\/ch-fr\/chercher-un-emploi\/emplois-prive\/poste-interimaire\/","title":{"rendered":"Poste Int\u00e9rimaire"},"content":{"rendered":"","protected":false},"excerpt":{"rendered":"<p>Tiger Private\u2019s temporary employment division recruits for family offices, private households and UHNWI, not just in in London, but throughout the rest of the UK and beyond. Our department also hires staff for villas, chalets, jets or shore-based roles for ex-yacht crew.<br \/>\nHaving all worked as private PAs, chiefs of staff and lifestyle managers in the past, the expert team of consultants has a proven track record of satisfying private staffing requirements with outstanding domestic staff and private PAs in London and beyond.<br \/>\nClick here if you\u2019re looking to hire domestic staff or a private PA.<\/p>\n","protected":false},"author":4,"featured_media":0,"parent":1034659,"menu_order":0,"comment_status":"closed","ping_status":"closed","template":"page-blank.php","meta":{"_acf_changed":false,"footnotes":""},"class_list":["post-1051965","page","type-page","status-publish","hentry"],"acf":[],"yoast_head":"<!-- This site is optimized with the Yoast SEO plugin v27.1.1 - https:\/\/yoast.com\/product\/yoast-seo-wordpress\/ -->\n<title>Emplois int\u00e9rimaires aupr\u00e8s de particuliers et emplois saisonniers | Zurich<\/title>\n<meta name=\"description\" content=\"Si vous \u00eates \u00e0 la recherche d&#039;un emploi int\u00e9rimaire aupr\u00e8s d&#039;un particulier tr\u00e8s fortun\u00e9 ou dans un foyer priv\u00e9, la division Tiger Private consacr\u00e9e aux emplois int\u00e9rimaires peut vous aider \u00e0 trouver l&#039;emploi id\u00e9al.\" \/>\n<meta name=\"robots\" content=\"index, follow, max-snippet:-1, max-image-preview:large, max-video-preview:-1\" \/>\n<link rel=\"canonical\" href=\"https:\/\/tiger-recruitment.com\/ch-fr\/chercher-un-emploi\/emplois-prive\/poste-interimaire\/\" \/>\n<meta property=\"og:locale\" content=\"fr_FR\" \/>\n<meta property=\"og:type\" content=\"article\" \/>\n<meta property=\"og:title\" content=\"Emplois int\u00e9rimaires aupr\u00e8s de particuliers et emplois saisonniers | Zurich\" \/>\n<meta property=\"og:description\" content=\"Si vous \u00eates \u00e0 la recherche d&#039;un emploi int\u00e9rimaire aupr\u00e8s d&#039;un particulier tr\u00e8s fortun\u00e9 ou dans un foyer priv\u00e9, la division Tiger Private consacr\u00e9e aux emplois int\u00e9rimaires peut vous aider \u00e0 trouver l&#039;emploi id\u00e9al.\" \/>\n<meta property=\"og:url\" content=\"https:\/\/tiger-recruitment.com\/ch-fr\/chercher-un-emploi\/emplois-prive\/poste-interimaire\/\" \/>\n<meta property=\"og:site_name\" content=\"Tiger Recruitment\" \/>\n<meta property=\"article:publisher\" content=\"https:\/\/www.facebook.com\/tigerrecruitment.ltd\/\" \/>\n<meta property=\"article:modified_time\" content=\"2025-07-01T09:47:19+00:00\" \/>\n<meta name=\"twitter:card\" content=\"summary_large_image\" \/>\n<meta name=\"twitter:site\" content=\"@tigerrecruit\" \/>\n<!-- \/ Yoast SEO plugin. -->","yoast_head_json":{"title":"Emplois int\u00e9rimaires aupr\u00e8s de particuliers et emplois saisonniers | Zurich","description":"Si vous \u00eates \u00e0 la recherche d'un emploi int\u00e9rimaire aupr\u00e8s d'un particulier tr\u00e8s fortun\u00e9 ou dans un foyer priv\u00e9, la division Tiger Private consacr\u00e9e aux emplois int\u00e9rimaires peut vous aider \u00e0 trouver l'emploi id\u00e9al.","robots":{"index":"index","follow":"follow","max-snippet":"max-snippet:-1","max-image-preview":"max-image-preview:large","max-video-preview":"max-video-preview:-1"},"canonical":"https:\/\/tiger-recruitment.com\/ch-fr\/chercher-un-emploi\/emplois-prive\/poste-interimaire\/","og_locale":"fr_FR","og_type":"article","og_title":"Emplois int\u00e9rimaires aupr\u00e8s de particuliers et emplois saisonniers | Zurich","og_description":"Si vous \u00eates \u00e0 la recherche d'un emploi int\u00e9rimaire aupr\u00e8s d'un particulier tr\u00e8s fortun\u00e9 ou dans un foyer priv\u00e9, la division Tiger Private consacr\u00e9e aux emplois int\u00e9rimaires peut vous aider \u00e0 trouver l'emploi id\u00e9al.","og_url":"https:\/\/tiger-recruitment.com\/ch-fr\/chercher-un-emploi\/emplois-prive\/poste-interimaire\/","og_site_name":"Tiger Recruitment","article_publisher":"https:\/\/www.facebook.com\/tigerrecruitment.ltd\/","article_modified_time":"2025-07-01T09:47:19+00:00","twitter_card":"summary_large_image","twitter_site":"@tigerrecruit","schema":{"@context":"https:\/\/schema.org","@graph":[]}},"_links":{"self":[{"href":"https:\/\/tiger-recruitment.com\/ch-fr\/wp-json\/wp\/v2\/pages\/1051965","targetHints":{"allow":["GET"]}}],"collection":[{"href":"https:\/\/tiger-recruitment.com\/ch-fr\/wp-json\/wp\/v2\/pages"}],"about":[{"href":"https:\/\/tiger-recruitment.com\/ch-fr\/wp-json\/wp\/v2\/types\/page"}],"author":[{"embeddable":true,"href":"https:\/\/tiger-recruitment.com\/ch-fr\/wp-json\/wp\/v2\/users\/4"}],"replies":[{"embeddable":true,"href":"https:\/\/tiger-recruitment.com\/ch-fr\/wp-json\/wp\/v2\/comments?post=1051965"}],"version-history":[{"count":0,"href":"https:\/\/tiger-recruitment.com\/ch-fr\/wp-json\/wp\/v2\/pages\/1051965\/revisions"}],"up":[{"embeddable":true,"href":"https:\/\/tiger-recruitment.com\/ch-fr\/wp-json\/wp\/v2\/pages\/1034659"}],"wp:attachment":[{"href":"https:\/\/tiger-recruitment.com\/ch-fr\/wp-json\/wp\/v2\/media?parent=1051965"}],"curies":[{"name":"wp","href":"https:\/\/api.w.org\/{rel}","templated":true}]}}