{"id":1051945,"date":"2018-05-25T09:35:16","date_gmt":"2018-05-25T08:35:16","guid":{"rendered":"http:\/\/tiger-recruitment.com\/chercher-un-emploi\/emplois-prive\/permanent\/"},"modified":"2025-07-01T10:43:58","modified_gmt":"2025-07-01T09:43:58","slug":"permanent","status":"publish","type":"page","link":"https:\/\/tiger-recruitment.com\/ch-fr\/chercher-un-emploi\/emplois-prive\/permanent\/","title":{"rendered":"Permanent"},"content":{"rendered":"","protected":false},"excerpt":{"rendered":"<p>As a dedicated private staff agency, Tiger Private is made up of a team of consultants who specialise exclusively in finding you your perfect role in a private household or family office. Whether it be a private PA to HNWI, PA to a celebrity, lifestyle PA, butler, house manager, or housekeeper in London and beyond, our expert team can match your talents to your employers of choice.<br \/>\nWe can guide you with your job hunt, assisting with the search for your next private permanent job by providing exposure to a wide range of domestic service jobs, private personal assistant jobs and celebrity PA jobs in London and further afield. We often have both full-time and part-time jobs available.<br \/>\nHaving all worked as private PAs, chiefs of staff and lifestyle managers previously, each consultant has a strong understanding of private household job requirements and private PA working environments.<\/p>\n","protected":false},"author":4,"featured_media":0,"parent":1034659,"menu_order":0,"comment_status":"closed","ping_status":"closed","template":"page-blank.php","meta":{"_acf_changed":false,"footnotes":""},"class_list":["post-1051945","page","type-page","status-publish","hentry"],"acf":[],"yoast_head":"<!-- This site is optimized with the Yoast SEO plugin v27.1.1 - https:\/\/yoast.com\/product\/yoast-seo-wordpress\/ -->\n<title>Emplois permanents chez des particuliers et dans la gestion de patrimoine | Zurich<\/title>\n<meta name=\"description\" content=\"Si vous \u00eates \u00e0 la recherche d&#039;un emploi permanent chez des particuliers, la division Tiger Private consacr\u00e9e aux emplois permanents peut vous aider \u00e0 trouver des postes d&#039;assistant personnel pour des particuliers ou encore des emplois dans l&#039;entretien m\u00e9nager\" \/>\n<meta name=\"robots\" content=\"index, follow, max-snippet:-1, max-image-preview:large, max-video-preview:-1\" \/>\n<link rel=\"canonical\" href=\"https:\/\/tiger-recruitment.com\/ch-fr\/chercher-un-emploi\/emplois-prive\/permanent\/\" \/>\n<meta property=\"og:locale\" content=\"fr_FR\" \/>\n<meta property=\"og:type\" content=\"article\" \/>\n<meta property=\"og:title\" content=\"Emplois permanents chez des particuliers et dans la gestion de patrimoine | Zurich\" \/>\n<meta property=\"og:description\" content=\"Si vous \u00eates \u00e0 la recherche d&#039;un emploi permanent chez des particuliers, la division Tiger Private consacr\u00e9e aux emplois permanents peut vous aider \u00e0 trouver des postes d&#039;assistant personnel pour des particuliers ou encore des emplois dans l&#039;entretien m\u00e9nager\" \/>\n<meta property=\"og:url\" content=\"https:\/\/tiger-recruitment.com\/ch-fr\/chercher-un-emploi\/emplois-prive\/permanent\/\" \/>\n<meta property=\"og:site_name\" content=\"Tiger Recruitment\" \/>\n<meta property=\"article:publisher\" content=\"https:\/\/www.facebook.com\/tigerrecruitment.ltd\/\" \/>\n<meta property=\"article:modified_time\" content=\"2025-07-01T09:43:58+00:00\" \/>\n<meta name=\"twitter:card\" content=\"summary_large_image\" \/>\n<meta name=\"twitter:site\" content=\"@tigerrecruit\" \/>\n<!-- \/ Yoast SEO plugin. -->","yoast_head_json":{"title":"Emplois permanents chez des particuliers et dans la gestion de patrimoine | Zurich","description":"Si vous \u00eates \u00e0 la recherche d'un emploi permanent chez des particuliers, la division Tiger Private consacr\u00e9e aux emplois permanents peut vous aider \u00e0 trouver des postes d'assistant personnel pour des particuliers ou encore des emplois dans l'entretien m\u00e9nager","robots":{"index":"index","follow":"follow","max-snippet":"max-snippet:-1","max-image-preview":"max-image-preview:large","max-video-preview":"max-video-preview:-1"},"canonical":"https:\/\/tiger-recruitment.com\/ch-fr\/chercher-un-emploi\/emplois-prive\/permanent\/","og_locale":"fr_FR","og_type":"article","og_title":"Emplois permanents chez des particuliers et dans la gestion de patrimoine | Zurich","og_description":"Si vous \u00eates \u00e0 la recherche d'un emploi permanent chez des particuliers, la division Tiger Private consacr\u00e9e aux emplois permanents peut vous aider \u00e0 trouver des postes d'assistant personnel pour des particuliers ou encore des emplois dans l'entretien m\u00e9nager","og_url":"https:\/\/tiger-recruitment.com\/ch-fr\/chercher-un-emploi\/emplois-prive\/permanent\/","og_site_name":"Tiger Recruitment","article_publisher":"https:\/\/www.facebook.com\/tigerrecruitment.ltd\/","article_modified_time":"2025-07-01T09:43:58+00:00","twitter_card":"summary_large_image","twitter_site":"@tigerrecruit","schema":{"@context":"https:\/\/schema.org","@graph":[]}},"_links":{"self":[{"href":"https:\/\/tiger-recruitment.com\/ch-fr\/wp-json\/wp\/v2\/pages\/1051945","targetHints":{"allow":["GET"]}}],"collection":[{"href":"https:\/\/tiger-recruitment.com\/ch-fr\/wp-json\/wp\/v2\/pages"}],"about":[{"href":"https:\/\/tiger-recruitment.com\/ch-fr\/wp-json\/wp\/v2\/types\/page"}],"author":[{"embeddable":true,"href":"https:\/\/tiger-recruitment.com\/ch-fr\/wp-json\/wp\/v2\/users\/4"}],"replies":[{"embeddable":true,"href":"https:\/\/tiger-recruitment.com\/ch-fr\/wp-json\/wp\/v2\/comments?post=1051945"}],"version-history":[{"count":0,"href":"https:\/\/tiger-recruitment.com\/ch-fr\/wp-json\/wp\/v2\/pages\/1051945\/revisions"}],"up":[{"embeddable":true,"href":"https:\/\/tiger-recruitment.com\/ch-fr\/wp-json\/wp\/v2\/pages\/1034659"}],"wp:attachment":[{"href":"https:\/\/tiger-recruitment.com\/ch-fr\/wp-json\/wp\/v2\/media?parent=1051945"}],"curies":[{"name":"wp","href":"https:\/\/api.w.org\/{rel}","templated":true}]}}