{"id":1038379,"date":"2018-01-07T22:23:56","date_gmt":"2018-01-07T22:23:56","guid":{"rendered":"http:\/\/tiger-recruitment.com\/a-propos-de-nous\/contact\/"},"modified":"2023-09-07T10:57:13","modified_gmt":"2023-09-07T09:57:13","slug":"contacter","status":"publish","type":"page","link":"https:\/\/tiger-recruitment.com\/ch-fr\/a-propos-de-nous\/contacter\/","title":{"rendered":"Contacter"},"content":{"rendered":"<h2 style=\"text-align: center;\">Emplacements de nos bureaux<\/h2>\n","protected":false},"excerpt":{"rendered":"<p>Please see our locations below and get in touch with us today to find candidates or to find a job.<\/p>\n","protected":false},"author":5,"featured_media":0,"parent":1035077,"menu_order":40,"comment_status":"closed","ping_status":"closed","template":"page-contact.php","meta":{"_acf_changed":false,"footnotes":""},"class_list":["post-1038379","page","type-page","status-publish","hentry"],"acf":[],"yoast_head":"<!-- This site is optimized with the Yoast SEO plugin v27.1.1 - https:\/\/yoast.com\/product\/yoast-seo-wordpress\/ -->\n<title>Contactez Tiger Recruitment dans un bureau pr\u00e8s de chez vous<\/title>\n<meta name=\"description\" content=\"Connectez-vous avec Tiger Recruitment pour trouver des candidats ou trouver des emplois. Bas\u00e9s \u00e0 Zurich, on a des bureaux \u00e0 Londres, Duba\u00ef et New York\" \/>\n<meta name=\"robots\" content=\"index, follow, max-snippet:-1, max-image-preview:large, max-video-preview:-1\" \/>\n<link rel=\"canonical\" href=\"https:\/\/tiger-recruitment.com\/ch-fr\/a-propos-de-nous\/contacter\/\" \/>\n<meta property=\"og:locale\" content=\"fr_FR\" \/>\n<meta property=\"og:type\" content=\"article\" \/>\n<meta property=\"og:title\" content=\"Contactez Tiger Recruitment dans un bureau pr\u00e8s de chez vous\" \/>\n<meta property=\"og:description\" content=\"Connectez-vous avec Tiger Recruitment pour trouver des candidats ou trouver des emplois. Bas\u00e9s \u00e0 Zurich, on a des bureaux \u00e0 Londres, Duba\u00ef et New York\" \/>\n<meta property=\"og:url\" content=\"https:\/\/tiger-recruitment.com\/ch-fr\/a-propos-de-nous\/contacter\/\" \/>\n<meta property=\"og:site_name\" content=\"Tiger Recruitment\" \/>\n<meta property=\"article:publisher\" content=\"https:\/\/www.facebook.com\/tigerrecruitment.ltd\/\" \/>\n<meta property=\"article:modified_time\" content=\"2023-09-07T09:57:13+00:00\" \/>\n<meta name=\"twitter:card\" content=\"summary_large_image\" \/>\n<meta name=\"twitter:site\" content=\"@tigerrecruit\" \/>\n<meta name=\"twitter:label1\" content=\"Est. reading time\" \/>\n\t<meta name=\"twitter:data1\" content=\"1 minute\" \/>\n<!-- \/ Yoast SEO plugin. -->","yoast_head_json":{"title":"Contactez Tiger Recruitment dans un bureau pr\u00e8s de chez vous","description":"Connectez-vous avec Tiger Recruitment pour trouver des candidats ou trouver des emplois. Bas\u00e9s \u00e0 Zurich, on a des bureaux \u00e0 Londres, Duba\u00ef et New York","robots":{"index":"index","follow":"follow","max-snippet":"max-snippet:-1","max-image-preview":"max-image-preview:large","max-video-preview":"max-video-preview:-1"},"canonical":"https:\/\/tiger-recruitment.com\/ch-fr\/a-propos-de-nous\/contacter\/","og_locale":"fr_FR","og_type":"article","og_title":"Contactez Tiger Recruitment dans un bureau pr\u00e8s de chez vous","og_description":"Connectez-vous avec Tiger Recruitment pour trouver des candidats ou trouver des emplois. Bas\u00e9s \u00e0 Zurich, on a des bureaux \u00e0 Londres, Duba\u00ef et New York","og_url":"https:\/\/tiger-recruitment.com\/ch-fr\/a-propos-de-nous\/contacter\/","og_site_name":"Tiger Recruitment","article_publisher":"https:\/\/www.facebook.com\/tigerrecruitment.ltd\/","article_modified_time":"2023-09-07T09:57:13+00:00","twitter_card":"summary_large_image","twitter_site":"@tigerrecruit","twitter_misc":{"Est. reading time":"1 minute"},"schema":{"@context":"https:\/\/schema.org","@graph":[]}},"_links":{"self":[{"href":"https:\/\/tiger-recruitment.com\/ch-fr\/wp-json\/wp\/v2\/pages\/1038379","targetHints":{"allow":["GET"]}}],"collection":[{"href":"https:\/\/tiger-recruitment.com\/ch-fr\/wp-json\/wp\/v2\/pages"}],"about":[{"href":"https:\/\/tiger-recruitment.com\/ch-fr\/wp-json\/wp\/v2\/types\/page"}],"author":[{"embeddable":true,"href":"https:\/\/tiger-recruitment.com\/ch-fr\/wp-json\/wp\/v2\/users\/5"}],"replies":[{"embeddable":true,"href":"https:\/\/tiger-recruitment.com\/ch-fr\/wp-json\/wp\/v2\/comments?post=1038379"}],"version-history":[{"count":0,"href":"https:\/\/tiger-recruitment.com\/ch-fr\/wp-json\/wp\/v2\/pages\/1038379\/revisions"}],"up":[{"embeddable":true,"href":"https:\/\/tiger-recruitment.com\/ch-fr\/wp-json\/wp\/v2\/pages\/1035077"}],"wp:attachment":[{"href":"https:\/\/tiger-recruitment.com\/ch-fr\/wp-json\/wp\/v2\/media?parent=1038379"}],"curies":[{"name":"wp","href":"https:\/\/api.w.org\/{rel}","templated":true}]}}