{"id":1037805,"date":"2018-03-02T13:34:23","date_gmt":"2018-03-02T13:34:23","guid":{"rendered":"http:\/\/tiger-recruitment.com\/cv-tips\/"},"modified":"2022-09-28T20:18:55","modified_gmt":"2022-09-28T19:18:55","slug":"conseils-pour-le-cv","status":"publish","type":"page","link":"https:\/\/tiger-recruitment.com\/ch-fr\/chercher-un-emploi\/conseils-pour-le-cv\/","title":{"rendered":"Conseils pour le CV"},"content":{"rendered":"","protected":false},"excerpt":{"rendered":"<p>Set out the perfect CV<br \/>\nA CV is quite possibly the most important two- or three-page document that you will write in your life and so, it has to be spot on. While there\u2019s no perfect formula, there are things you can do to improve your prospects and faux pas that will seriously harm them.<br \/>\nAs London-based secretarial recruitment specialists who see countless documents every day, we\u2019re no strangers to a good CV \u2013 or a bad one. Therefore, we\u2019ve created the following guidelines to help you on your way to the perfect job. You can also watch the video below for further CV insights from our Director, Angela Lopes.<\/p>\n","protected":false},"author":4,"featured_media":0,"parent":1034469,"menu_order":0,"comment_status":"closed","ping_status":"closed","template":"","meta":{"_acf_changed":false,"footnotes":""},"class_list":["post-1037805","page","type-page","status-publish","hentry"],"acf":[],"yoast_head":"<!-- This site is optimized with the Yoast SEO plugin v27.1.1 - https:\/\/yoast.com\/product\/yoast-seo-wordpress\/ -->\n<title>Conseils et techniques de CV pour les demandeurs d&#039;emploi par des experts en recrutement<\/title>\n<meta name=\"description\" content=\"Besoin d&#039;aide pour la r\u00e9daction de CV ? Nous avons cr\u00e9\u00e9 un hub qui couvre des conseils sur la structure du CV, ce qu&#039;il faut inclure et combien de temps il faut pour aider \u00e0 s\u00e9curiser un futur r\u00f4le.\" \/>\n<meta name=\"robots\" content=\"index, follow, max-snippet:-1, max-image-preview:large, max-video-preview:-1\" \/>\n<link rel=\"canonical\" href=\"https:\/\/tiger-recruitment.com\/ch-fr\/chercher-un-emploi\/conseils-pour-le-cv\/\" \/>\n<meta property=\"og:locale\" content=\"fr_FR\" \/>\n<meta property=\"og:type\" content=\"article\" \/>\n<meta property=\"og:title\" content=\"Conseils et techniques de CV pour les demandeurs d&#039;emploi par des experts en recrutement\" \/>\n<meta property=\"og:description\" content=\"Besoin d&#039;aide pour la r\u00e9daction de CV ? Nous avons cr\u00e9\u00e9 un hub qui couvre des conseils sur la structure du CV, ce qu&#039;il faut inclure et combien de temps il faut pour aider \u00e0 s\u00e9curiser un futur r\u00f4le.\" \/>\n<meta property=\"og:url\" content=\"https:\/\/tiger-recruitment.com\/ch-fr\/chercher-un-emploi\/conseils-pour-le-cv\/\" \/>\n<meta property=\"og:site_name\" content=\"Tiger Recruitment\" \/>\n<meta property=\"article:publisher\" content=\"https:\/\/www.facebook.com\/tigerrecruitment.ltd\/\" \/>\n<meta property=\"article:modified_time\" content=\"2022-09-28T19:18:55+00:00\" \/>\n<meta name=\"twitter:card\" content=\"summary_large_image\" \/>\n<meta name=\"twitter:site\" content=\"@tigerrecruit\" \/>\n<!-- \/ Yoast SEO plugin. -->","yoast_head_json":{"title":"Conseils et techniques de CV pour les demandeurs d'emploi par des experts en recrutement","description":"Besoin d'aide pour la r\u00e9daction de CV ? Nous avons cr\u00e9\u00e9 un hub qui couvre des conseils sur la structure du CV, ce qu'il faut inclure et combien de temps il faut pour aider \u00e0 s\u00e9curiser un futur r\u00f4le.","robots":{"index":"index","follow":"follow","max-snippet":"max-snippet:-1","max-image-preview":"max-image-preview:large","max-video-preview":"max-video-preview:-1"},"canonical":"https:\/\/tiger-recruitment.com\/ch-fr\/chercher-un-emploi\/conseils-pour-le-cv\/","og_locale":"fr_FR","og_type":"article","og_title":"Conseils et techniques de CV pour les demandeurs d'emploi par des experts en recrutement","og_description":"Besoin d'aide pour la r\u00e9daction de CV ? Nous avons cr\u00e9\u00e9 un hub qui couvre des conseils sur la structure du CV, ce qu'il faut inclure et combien de temps il faut pour aider \u00e0 s\u00e9curiser un futur r\u00f4le.","og_url":"https:\/\/tiger-recruitment.com\/ch-fr\/chercher-un-emploi\/conseils-pour-le-cv\/","og_site_name":"Tiger Recruitment","article_publisher":"https:\/\/www.facebook.com\/tigerrecruitment.ltd\/","article_modified_time":"2022-09-28T19:18:55+00:00","twitter_card":"summary_large_image","twitter_site":"@tigerrecruit","schema":{"@context":"https:\/\/schema.org","@graph":[]}},"_links":{"self":[{"href":"https:\/\/tiger-recruitment.com\/ch-fr\/wp-json\/wp\/v2\/pages\/1037805","targetHints":{"allow":["GET"]}}],"collection":[{"href":"https:\/\/tiger-recruitment.com\/ch-fr\/wp-json\/wp\/v2\/pages"}],"about":[{"href":"https:\/\/tiger-recruitment.com\/ch-fr\/wp-json\/wp\/v2\/types\/page"}],"author":[{"embeddable":true,"href":"https:\/\/tiger-recruitment.com\/ch-fr\/wp-json\/wp\/v2\/users\/4"}],"replies":[{"embeddable":true,"href":"https:\/\/tiger-recruitment.com\/ch-fr\/wp-json\/wp\/v2\/comments?post=1037805"}],"version-history":[{"count":0,"href":"https:\/\/tiger-recruitment.com\/ch-fr\/wp-json\/wp\/v2\/pages\/1037805\/revisions"}],"up":[{"embeddable":true,"href":"https:\/\/tiger-recruitment.com\/ch-fr\/wp-json\/wp\/v2\/pages\/1034469"}],"wp:attachment":[{"href":"https:\/\/tiger-recruitment.com\/ch-fr\/wp-json\/wp\/v2\/media?parent=1037805"}],"curies":[{"name":"wp","href":"https:\/\/api.w.org\/{rel}","templated":true}]}}