{"id":1035077,"date":"2018-01-08T05:11:02","date_gmt":"2018-01-08T05:11:02","guid":{"rendered":"http:\/\/tiger-recruitment.com\/about-us\/"},"modified":"2026-03-18T17:25:52","modified_gmt":"2026-03-18T17:25:52","slug":"a-propos-de-nous","status":"publish","type":"page","link":"https:\/\/tiger-recruitment.com\/ch-fr\/a-propos-de-nous\/","title":{"rendered":"\u00c0 propos de nous"},"content":{"rendered":"","protected":false},"excerpt":{"rendered":"<p>Tiger Recruitment is a London recruitment agency that&#8217;s made up of five key divisions: Tiger Business Support, Tiger Private, Tiger HR, \u00a0Tiger Hospitality and Tiger Technology. While each of these areas focuses on matching exceptional support staff to our clients, each caters to a unique sector. We prefer to tailor our approach to each individual requirement, ensuring the employers\u2019 values are reflected in each candidate we put forward for a role.<br \/>\nThis is what makes Tiger Fiercely Distinctive.<\/p>\n","protected":false},"author":5,"featured_media":0,"parent":0,"menu_order":30,"comment_status":"closed","ping_status":"closed","template":"page-blank.php","meta":{"_acf_changed":false,"footnotes":""},"class_list":["post-1035077","page","type-page","status-publish","hentry"],"acf":[],"yoast_head":"<!-- This site is optimized with the Yoast SEO plugin v27.1.1 - https:\/\/yoast.com\/product\/yoast-seo-wordpress\/ -->\n<title>\u00c0 propos de Tiger Recruitment \u2502Agence de recrutement \u00e0 Zurich<\/title>\n<meta name=\"description\" content=\"En savoir plus sur l&#039;\u00e9quipe de Tiger Recruitment, l&#039;agence de recrutement leader sur le march\u00e9 situ\u00e9e \u00e0 Zurich\" \/>\n<meta name=\"robots\" content=\"index, follow, max-snippet:-1, max-image-preview:large, max-video-preview:-1\" \/>\n<link rel=\"canonical\" href=\"https:\/\/tiger-recruitment.com\/ch-fr\/a-propos-de-nous\/\" \/>\n<meta property=\"og:locale\" content=\"fr_FR\" \/>\n<meta property=\"og:type\" content=\"article\" \/>\n<meta property=\"og:title\" content=\"\u00c0 propos de Tiger Recruitment \u2502Agence de recrutement \u00e0 Zurich\" \/>\n<meta property=\"og:description\" content=\"En savoir plus sur l&#039;\u00e9quipe de Tiger Recruitment, l&#039;agence de recrutement leader sur le march\u00e9 situ\u00e9e \u00e0 Zurich\" \/>\n<meta property=\"og:url\" content=\"https:\/\/tiger-recruitment.com\/ch-fr\/a-propos-de-nous\/\" \/>\n<meta property=\"og:site_name\" content=\"Tiger Recruitment\" \/>\n<meta property=\"article:publisher\" content=\"https:\/\/www.facebook.com\/tigerrecruitment.ltd\/\" \/>\n<meta property=\"article:modified_time\" content=\"2026-03-18T17:25:52+00:00\" \/>\n<meta name=\"twitter:card\" content=\"summary_large_image\" \/>\n<meta name=\"twitter:site\" content=\"@tigerrecruit\" \/>\n<!-- \/ Yoast SEO plugin. -->","yoast_head_json":{"title":"\u00c0 propos de Tiger Recruitment \u2502Agence de recrutement \u00e0 Zurich","description":"En savoir plus sur l'\u00e9quipe de Tiger Recruitment, l'agence de recrutement leader sur le march\u00e9 situ\u00e9e \u00e0 Zurich","robots":{"index":"index","follow":"follow","max-snippet":"max-snippet:-1","max-image-preview":"max-image-preview:large","max-video-preview":"max-video-preview:-1"},"canonical":"https:\/\/tiger-recruitment.com\/ch-fr\/a-propos-de-nous\/","og_locale":"fr_FR","og_type":"article","og_title":"\u00c0 propos de Tiger Recruitment \u2502Agence de recrutement \u00e0 Zurich","og_description":"En savoir plus sur l'\u00e9quipe de Tiger Recruitment, l'agence de recrutement leader sur le march\u00e9 situ\u00e9e \u00e0 Zurich","og_url":"https:\/\/tiger-recruitment.com\/ch-fr\/a-propos-de-nous\/","og_site_name":"Tiger Recruitment","article_publisher":"https:\/\/www.facebook.com\/tigerrecruitment.ltd\/","article_modified_time":"2026-03-18T17:25:52+00:00","twitter_card":"summary_large_image","twitter_site":"@tigerrecruit","schema":{"@context":"https:\/\/schema.org","@graph":[]}},"_links":{"self":[{"href":"https:\/\/tiger-recruitment.com\/ch-fr\/wp-json\/wp\/v2\/pages\/1035077","targetHints":{"allow":["GET"]}}],"collection":[{"href":"https:\/\/tiger-recruitment.com\/ch-fr\/wp-json\/wp\/v2\/pages"}],"about":[{"href":"https:\/\/tiger-recruitment.com\/ch-fr\/wp-json\/wp\/v2\/types\/page"}],"author":[{"embeddable":true,"href":"https:\/\/tiger-recruitment.com\/ch-fr\/wp-json\/wp\/v2\/users\/5"}],"replies":[{"embeddable":true,"href":"https:\/\/tiger-recruitment.com\/ch-fr\/wp-json\/wp\/v2\/comments?post=1035077"}],"version-history":[{"count":0,"href":"https:\/\/tiger-recruitment.com\/ch-fr\/wp-json\/wp\/v2\/pages\/1035077\/revisions"}],"wp:attachment":[{"href":"https:\/\/tiger-recruitment.com\/ch-fr\/wp-json\/wp\/v2\/media?parent=1035077"}],"curies":[{"name":"wp","href":"https:\/\/api.w.org\/{rel}","templated":true}]}}