{"id":1035072,"date":"2018-01-08T06:06:22","date_gmt":"2018-01-08T06:06:22","guid":{"rendered":"http:\/\/tiger-recruitment.com\/chercher-a-recruter\/temporary\/"},"modified":"2023-12-08T11:25:24","modified_gmt":"2023-12-08T11:25:24","slug":"interimaires","status":"publish","type":"page","link":"https:\/\/tiger-recruitment.com\/ch-fr\/chercher-a-recruter\/interimaires\/","title":{"rendered":"Int\u00e9rimaires"},"content":{"rendered":"","protected":false},"excerpt":{"rendered":"<p>Established in 2001, our team is highly experienced in filling temporary positions with exceptional temp staff, in the fastest time possible.<br \/>\nWhether you\u2019re looking to hire temp staff for a day, holiday cover or a temp-to-perm solution, our temporary division will provide the support your business or household needs.<\/p>\n","protected":false},"author":5,"featured_media":0,"parent":1034560,"menu_order":30,"comment_status":"closed","ping_status":"closed","template":"page-blank.php","meta":{"_acf_changed":false,"footnotes":""},"class_list":["post-1035072","page","type-page","status-publish","hentry"],"acf":[],"yoast_head":"<!-- This site is optimized with the Yoast SEO plugin v27.1.1 - https:\/\/yoast.com\/product\/yoast-seo-wordpress\/ -->\n<title>Personnel int\u00e9rimaire | Recrutement de personnel int\u00e9rimaire | Zurich<\/title>\n<meta name=\"description\" content=\"Vous cherchez un recruteur de personnel int\u00e9rimaire en Suisse ? Tiger Recruitment peut vous aider \u00e0 recruter du personnel temporaire, contractuel, \u00e0 l&#039;essai, et int\u00e9rimaire dans votre secteur d&#039;activit\u00e9.\" \/>\n<meta name=\"robots\" content=\"index, follow, max-snippet:-1, max-image-preview:large, max-video-preview:-1\" \/>\n<link rel=\"canonical\" href=\"https:\/\/tiger-recruitment.com\/ch-fr\/chercher-a-recruter\/interimaires\/\" \/>\n<meta property=\"og:locale\" content=\"fr_FR\" \/>\n<meta property=\"og:type\" content=\"article\" \/>\n<meta property=\"og:title\" content=\"Personnel int\u00e9rimaire | Recrutement de personnel int\u00e9rimaire | Zurich\" \/>\n<meta property=\"og:description\" content=\"Vous cherchez un recruteur de personnel int\u00e9rimaire en Suisse ? Tiger Recruitment peut vous aider \u00e0 recruter du personnel temporaire, contractuel, \u00e0 l&#039;essai, et int\u00e9rimaire dans votre secteur d&#039;activit\u00e9.\" \/>\n<meta property=\"og:url\" content=\"https:\/\/tiger-recruitment.com\/ch-fr\/chercher-a-recruter\/interimaires\/\" \/>\n<meta property=\"og:site_name\" content=\"Tiger Recruitment\" \/>\n<meta property=\"article:publisher\" content=\"https:\/\/www.facebook.com\/tigerrecruitment.ltd\/\" \/>\n<meta property=\"article:modified_time\" content=\"2023-12-08T11:25:24+00:00\" \/>\n<meta name=\"twitter:card\" content=\"summary_large_image\" \/>\n<meta name=\"twitter:site\" content=\"@tigerrecruit\" \/>\n<!-- \/ Yoast SEO plugin. -->","yoast_head_json":{"title":"Personnel int\u00e9rimaire | Recrutement de personnel int\u00e9rimaire | Zurich","description":"Vous cherchez un recruteur de personnel int\u00e9rimaire en Suisse ? Tiger Recruitment peut vous aider \u00e0 recruter du personnel temporaire, contractuel, \u00e0 l'essai, et int\u00e9rimaire dans votre secteur d'activit\u00e9.","robots":{"index":"index","follow":"follow","max-snippet":"max-snippet:-1","max-image-preview":"max-image-preview:large","max-video-preview":"max-video-preview:-1"},"canonical":"https:\/\/tiger-recruitment.com\/ch-fr\/chercher-a-recruter\/interimaires\/","og_locale":"fr_FR","og_type":"article","og_title":"Personnel int\u00e9rimaire | Recrutement de personnel int\u00e9rimaire | Zurich","og_description":"Vous cherchez un recruteur de personnel int\u00e9rimaire en Suisse ? Tiger Recruitment peut vous aider \u00e0 recruter du personnel temporaire, contractuel, \u00e0 l'essai, et int\u00e9rimaire dans votre secteur d'activit\u00e9.","og_url":"https:\/\/tiger-recruitment.com\/ch-fr\/chercher-a-recruter\/interimaires\/","og_site_name":"Tiger Recruitment","article_publisher":"https:\/\/www.facebook.com\/tigerrecruitment.ltd\/","article_modified_time":"2023-12-08T11:25:24+00:00","twitter_card":"summary_large_image","twitter_site":"@tigerrecruit","schema":{"@context":"https:\/\/schema.org","@graph":[]}},"_links":{"self":[{"href":"https:\/\/tiger-recruitment.com\/ch-fr\/wp-json\/wp\/v2\/pages\/1035072","targetHints":{"allow":["GET"]}}],"collection":[{"href":"https:\/\/tiger-recruitment.com\/ch-fr\/wp-json\/wp\/v2\/pages"}],"about":[{"href":"https:\/\/tiger-recruitment.com\/ch-fr\/wp-json\/wp\/v2\/types\/page"}],"author":[{"embeddable":true,"href":"https:\/\/tiger-recruitment.com\/ch-fr\/wp-json\/wp\/v2\/users\/5"}],"replies":[{"embeddable":true,"href":"https:\/\/tiger-recruitment.com\/ch-fr\/wp-json\/wp\/v2\/comments?post=1035072"}],"version-history":[{"count":0,"href":"https:\/\/tiger-recruitment.com\/ch-fr\/wp-json\/wp\/v2\/pages\/1035072\/revisions"}],"up":[{"embeddable":true,"href":"https:\/\/tiger-recruitment.com\/ch-fr\/wp-json\/wp\/v2\/pages\/1034560"}],"wp:attachment":[{"href":"https:\/\/tiger-recruitment.com\/ch-fr\/wp-json\/wp\/v2\/media?parent=1035072"}],"curies":[{"name":"wp","href":"https:\/\/api.w.org\/{rel}","templated":true}]}}