{"id":1035027,"date":"2018-03-01T14:19:51","date_gmt":"2018-03-01T14:19:51","guid":{"rendered":"http:\/\/tiger-recruitment.com\/domestic-staff\/"},"modified":"2025-11-28T14:46:02","modified_gmt":"2025-11-28T14:46:02","slug":"personnel-de-maison","status":"publish","type":"page","link":"https:\/\/tiger-recruitment.com\/ch-fr\/chercher-a-recruter\/particuliers\/personnel-de-maison\/","title":{"rendered":"Personnel de Maison"},"content":{"rendered":"","protected":false},"excerpt":{"rendered":"<p>Leading domestic staffing agency<br \/>\nTiger Private recruits the complete spectrum of domestic staff into private households.<br \/>\nWe act as a full-service household staff recruitment agency to bring you the very best domestic staff to fit your every requirement.<br \/>\nIf you are looking to hire a housekeeper, find a chef, hire a personal driver or find yoga instructors, we can help.\u00a0We will meticulously build the perfect candidate profile with you so that we ensure impeccable alignment in both values and experience.<\/p>\n","protected":false},"author":4,"featured_media":0,"parent":1035033,"menu_order":0,"comment_status":"closed","ping_status":"closed","template":"page-blank.php","meta":{"_acf_changed":false,"footnotes":""},"class_list":["post-1035027","page","type-page","status-publish","hentry"],"acf":[],"yoast_head":"<!-- This site is optimized with the Yoast SEO plugin v27.1.1 - https:\/\/yoast.com\/product\/yoast-seo-wordpress\/ -->\n<title>Agence de recrutement de gouvernants et chefs cuisiniers priv\u00e9s | Zurich<\/title>\n<meta name=\"description\" content=\"Vous cherchez \u00e0 embaucher du personnel de maison ou un majordome suisse ? Tiger est une agence sp\u00e9cialis\u00e9e dans le recrutement de gouvernants et de chefs cuisiniers priv\u00e9s \u00e0 Zurich et ailleurs\" \/>\n<meta name=\"robots\" content=\"index, follow, max-snippet:-1, max-image-preview:large, max-video-preview:-1\" \/>\n<link rel=\"canonical\" href=\"https:\/\/tiger-recruitment.com\/ch-fr\/chercher-a-recruter\/particuliers\/personnel-de-maison\/\" \/>\n<meta property=\"og:locale\" content=\"fr_FR\" \/>\n<meta property=\"og:type\" content=\"article\" \/>\n<meta property=\"og:title\" content=\"Agence de recrutement de gouvernants et chefs cuisiniers priv\u00e9s | Zurich\" \/>\n<meta property=\"og:description\" content=\"Vous cherchez \u00e0 embaucher du personnel de maison ou un majordome suisse ? Tiger est une agence sp\u00e9cialis\u00e9e dans le recrutement de gouvernants et de chefs cuisiniers priv\u00e9s \u00e0 Zurich et ailleurs\" \/>\n<meta property=\"og:url\" content=\"https:\/\/tiger-recruitment.com\/ch-fr\/chercher-a-recruter\/particuliers\/personnel-de-maison\/\" \/>\n<meta property=\"og:site_name\" content=\"Tiger Recruitment\" \/>\n<meta property=\"article:publisher\" content=\"https:\/\/www.facebook.com\/tigerrecruitment.ltd\/\" \/>\n<meta property=\"article:modified_time\" content=\"2025-11-28T14:46:02+00:00\" \/>\n<meta name=\"twitter:card\" content=\"summary_large_image\" \/>\n<meta name=\"twitter:site\" content=\"@tigerrecruit\" \/>\n<!-- \/ Yoast SEO plugin. -->","yoast_head_json":{"title":"Agence de recrutement de gouvernants et chefs cuisiniers priv\u00e9s | Zurich","description":"Vous cherchez \u00e0 embaucher du personnel de maison ou un majordome suisse ? Tiger est une agence sp\u00e9cialis\u00e9e dans le recrutement de gouvernants et de chefs cuisiniers priv\u00e9s \u00e0 Zurich et ailleurs","robots":{"index":"index","follow":"follow","max-snippet":"max-snippet:-1","max-image-preview":"max-image-preview:large","max-video-preview":"max-video-preview:-1"},"canonical":"https:\/\/tiger-recruitment.com\/ch-fr\/chercher-a-recruter\/particuliers\/personnel-de-maison\/","og_locale":"fr_FR","og_type":"article","og_title":"Agence de recrutement de gouvernants et chefs cuisiniers priv\u00e9s | Zurich","og_description":"Vous cherchez \u00e0 embaucher du personnel de maison ou un majordome suisse ? Tiger est une agence sp\u00e9cialis\u00e9e dans le recrutement de gouvernants et de chefs cuisiniers priv\u00e9s \u00e0 Zurich et ailleurs","og_url":"https:\/\/tiger-recruitment.com\/ch-fr\/chercher-a-recruter\/particuliers\/personnel-de-maison\/","og_site_name":"Tiger Recruitment","article_publisher":"https:\/\/www.facebook.com\/tigerrecruitment.ltd\/","article_modified_time":"2025-11-28T14:46:02+00:00","twitter_card":"summary_large_image","twitter_site":"@tigerrecruit","schema":{"@context":"https:\/\/schema.org","@graph":[]}},"_links":{"self":[{"href":"https:\/\/tiger-recruitment.com\/ch-fr\/wp-json\/wp\/v2\/pages\/1035027","targetHints":{"allow":["GET"]}}],"collection":[{"href":"https:\/\/tiger-recruitment.com\/ch-fr\/wp-json\/wp\/v2\/pages"}],"about":[{"href":"https:\/\/tiger-recruitment.com\/ch-fr\/wp-json\/wp\/v2\/types\/page"}],"author":[{"embeddable":true,"href":"https:\/\/tiger-recruitment.com\/ch-fr\/wp-json\/wp\/v2\/users\/4"}],"replies":[{"embeddable":true,"href":"https:\/\/tiger-recruitment.com\/ch-fr\/wp-json\/wp\/v2\/comments?post=1035027"}],"version-history":[{"count":0,"href":"https:\/\/tiger-recruitment.com\/ch-fr\/wp-json\/wp\/v2\/pages\/1035027\/revisions"}],"up":[{"embeddable":true,"href":"https:\/\/tiger-recruitment.com\/ch-fr\/wp-json\/wp\/v2\/pages\/1035033"}],"wp:attachment":[{"href":"https:\/\/tiger-recruitment.com\/ch-fr\/wp-json\/wp\/v2\/media?parent=1035027"}],"curies":[{"name":"wp","href":"https:\/\/api.w.org\/{rel}","templated":true}]}}