{"id":1035005,"date":"2020-05-12T11:40:05","date_gmt":"2020-05-12T10:40:05","guid":{"rendered":"http:\/\/tiger-recruitment.com\/chercher-a-recruter\/hr\/"},"modified":"2026-02-17T11:42:13","modified_gmt":"2026-02-17T11:42:13","slug":"rh","status":"publish","type":"page","link":"https:\/\/tiger-recruitment.com\/ch-fr\/chercher-a-recruter\/rh\/","title":{"rendered":"RH"},"content":{"rendered":"","protected":false},"excerpt":{"rendered":"<p>Tiger Recruitment is a bespoke HR recruiter, focusing on sourcing talented HR professionals for employers of choice around the world. Our team is made up of experienced HR recruitment specialists who are equipped to advise and guide our clients through the entire recruiting process. Hiring human resources staff is a key recruitment decision as this person is integral to core business functions.<br \/>\nWe work closely with our clients to source the very best HR professionals across a variety of industries. Example HR jobs that we jobs that we recruit for include HR Manager, HR Director, D&amp;I Consultant, Recruitment Advisor, Internal Recruiter and Talent Acquisition Specialist\/Coordinator.<br \/>\nHeadquartered in London and with teams in NYC and Dubai, our extensive global network of experienced human resources specialists are on hand to deliver, no matter the requirement. From D&amp;I consultants to employee relations specialists, we can help.<br \/>\n&nbsp;<\/p>\n","protected":false},"author":5,"featured_media":0,"parent":1034560,"menu_order":0,"comment_status":"closed","ping_status":"closed","template":"page-blank.php","meta":{"_acf_changed":false,"footnotes":""},"class_list":["post-1035005","page","type-page","status-publish","hentry"],"acf":[],"yoast_head":"<!-- This site is optimized with the Yoast SEO plugin v27.1.1 - https:\/\/yoast.com\/product\/yoast-seo-wordpress\/ -->\n<title>Entreprise de recrutement dans les RH | Affectation de personnel dans les ressources humaines | Embaucher dans les RH<\/title>\n<meta name=\"description\" content=\"Vous cherchez \u00e0 embaucher du personnel en RH ? Nous sommes l&#039;un des principaux recruteurs de consultants en RH et personnel int\u00e9rimaires en RH \u00e0 Zurich, avec une port\u00e9e \u00e0 travers toute la Suisse\" \/>\n<meta name=\"robots\" content=\"index, follow, max-snippet:-1, max-image-preview:large, max-video-preview:-1\" \/>\n<link rel=\"canonical\" href=\"https:\/\/tiger-recruitment.com\/ch-fr\/chercher-a-recruter\/rh\/\" \/>\n<meta property=\"og:locale\" content=\"fr_FR\" \/>\n<meta property=\"og:type\" content=\"article\" \/>\n<meta property=\"og:title\" content=\"Entreprise de recrutement dans les RH | Affectation de personnel dans les ressources humaines | Embaucher dans les RH\" \/>\n<meta property=\"og:description\" content=\"Vous cherchez \u00e0 embaucher du personnel en RH ? Nous sommes l&#039;un des principaux recruteurs de consultants en RH et personnel int\u00e9rimaires en RH \u00e0 Zurich, avec une port\u00e9e \u00e0 travers toute la Suisse\" \/>\n<meta property=\"og:url\" content=\"https:\/\/tiger-recruitment.com\/ch-fr\/chercher-a-recruter\/rh\/\" \/>\n<meta property=\"og:site_name\" content=\"Tiger Recruitment\" \/>\n<meta property=\"article:publisher\" content=\"https:\/\/www.facebook.com\/tigerrecruitment.ltd\/\" \/>\n<meta property=\"article:modified_time\" content=\"2026-02-17T11:42:13+00:00\" \/>\n<meta name=\"twitter:card\" content=\"summary_large_image\" \/>\n<meta name=\"twitter:site\" content=\"@tigerrecruit\" \/>\n<!-- \/ Yoast SEO plugin. -->","yoast_head_json":{"title":"Entreprise de recrutement dans les RH | Affectation de personnel dans les ressources humaines | Embaucher dans les RH","description":"Vous cherchez \u00e0 embaucher du personnel en RH ? Nous sommes l'un des principaux recruteurs de consultants en RH et personnel int\u00e9rimaires en RH \u00e0 Zurich, avec une port\u00e9e \u00e0 travers toute la Suisse","robots":{"index":"index","follow":"follow","max-snippet":"max-snippet:-1","max-image-preview":"max-image-preview:large","max-video-preview":"max-video-preview:-1"},"canonical":"https:\/\/tiger-recruitment.com\/ch-fr\/chercher-a-recruter\/rh\/","og_locale":"fr_FR","og_type":"article","og_title":"Entreprise de recrutement dans les RH | Affectation de personnel dans les ressources humaines | Embaucher dans les RH","og_description":"Vous cherchez \u00e0 embaucher du personnel en RH ? Nous sommes l'un des principaux recruteurs de consultants en RH et personnel int\u00e9rimaires en RH \u00e0 Zurich, avec une port\u00e9e \u00e0 travers toute la Suisse","og_url":"https:\/\/tiger-recruitment.com\/ch-fr\/chercher-a-recruter\/rh\/","og_site_name":"Tiger Recruitment","article_publisher":"https:\/\/www.facebook.com\/tigerrecruitment.ltd\/","article_modified_time":"2026-02-17T11:42:13+00:00","twitter_card":"summary_large_image","twitter_site":"@tigerrecruit","schema":{"@context":"https:\/\/schema.org","@graph":[]}},"_links":{"self":[{"href":"https:\/\/tiger-recruitment.com\/ch-fr\/wp-json\/wp\/v2\/pages\/1035005","targetHints":{"allow":["GET"]}}],"collection":[{"href":"https:\/\/tiger-recruitment.com\/ch-fr\/wp-json\/wp\/v2\/pages"}],"about":[{"href":"https:\/\/tiger-recruitment.com\/ch-fr\/wp-json\/wp\/v2\/types\/page"}],"author":[{"embeddable":true,"href":"https:\/\/tiger-recruitment.com\/ch-fr\/wp-json\/wp\/v2\/users\/5"}],"replies":[{"embeddable":true,"href":"https:\/\/tiger-recruitment.com\/ch-fr\/wp-json\/wp\/v2\/comments?post=1035005"}],"version-history":[{"count":0,"href":"https:\/\/tiger-recruitment.com\/ch-fr\/wp-json\/wp\/v2\/pages\/1035005\/revisions"}],"up":[{"embeddable":true,"href":"https:\/\/tiger-recruitment.com\/ch-fr\/wp-json\/wp\/v2\/pages\/1034560"}],"wp:attachment":[{"href":"https:\/\/tiger-recruitment.com\/ch-fr\/wp-json\/wp\/v2\/media?parent=1035005"}],"curies":[{"name":"wp","href":"https:\/\/api.w.org\/{rel}","templated":true}]}}