{"id":1034965,"date":"2020-06-04T16:27:41","date_gmt":"2020-06-04T15:27:41","guid":{"rendered":"http:\/\/tiger-recruitment.com\/chercher-un-emploi\/technology\/"},"modified":"2025-07-01T10:49:30","modified_gmt":"2025-07-01T09:49:30","slug":"technologie","status":"publish","type":"page","link":"https:\/\/tiger-recruitment.com\/ch-fr\/chercher-un-emploi\/technologie\/","title":{"rendered":"Technologie"},"content":{"rendered":"","protected":false},"excerpt":{"rendered":"<p>Are you looking for your next developer job in London? Tiger Technology\u2019s consultants can match you with leading businesses across a variety of sectors.<\/p>\n","protected":false},"author":1505,"featured_media":0,"parent":1034469,"menu_order":0,"comment_status":"closed","ping_status":"closed","template":"page-blank.php","meta":{"_acf_changed":false,"footnotes":""},"class_list":["post-1034965","page","type-page","status-publish","hentry"],"acf":[],"yoast_head":"<!-- This site is optimized with the Yoast SEO plugin v27.1.1 - https:\/\/yoast.com\/product\/yoast-seo-wordpress\/ -->\n<title>Emplois d&#039;ing\u00e9nieur en logiciels | Emplois de d\u00e9veloppeur polyvalent<\/title>\n<meta name=\"description\" content=\"Vous recherchez un emploi de d\u00e9veloppeur de logiciels ou un poste plus g\u00e9n\u00e9raliste dans l&#039;informatique ? Nous sommes une agence de recrutement principale dans le secteur du num\u00e9rique \u00e0 Zurich\" \/>\n<meta name=\"robots\" content=\"index, follow, max-snippet:-1, max-image-preview:large, max-video-preview:-1\" \/>\n<link rel=\"canonical\" href=\"https:\/\/tiger-recruitment.com\/ch-fr\/chercher-un-emploi\/technologie\/\" \/>\n<meta property=\"og:locale\" content=\"fr_FR\" \/>\n<meta property=\"og:type\" content=\"article\" \/>\n<meta property=\"og:title\" content=\"Emplois d&#039;ing\u00e9nieur en logiciels | Emplois de d\u00e9veloppeur polyvalent\" \/>\n<meta property=\"og:description\" content=\"Vous recherchez un emploi de d\u00e9veloppeur de logiciels ou un poste plus g\u00e9n\u00e9raliste dans l&#039;informatique ? Nous sommes une agence de recrutement principale dans le secteur du num\u00e9rique \u00e0 Zurich\" \/>\n<meta property=\"og:url\" content=\"https:\/\/tiger-recruitment.com\/ch-fr\/chercher-un-emploi\/technologie\/\" \/>\n<meta property=\"og:site_name\" content=\"Tiger Recruitment\" \/>\n<meta property=\"article:publisher\" content=\"https:\/\/www.facebook.com\/tigerrecruitment.ltd\/\" \/>\n<meta property=\"article:modified_time\" content=\"2025-07-01T09:49:30+00:00\" \/>\n<meta name=\"twitter:card\" content=\"summary_large_image\" \/>\n<meta name=\"twitter:site\" content=\"@tigerrecruit\" \/>\n<!-- \/ Yoast SEO plugin. -->","yoast_head_json":{"title":"Emplois d'ing\u00e9nieur en logiciels | Emplois de d\u00e9veloppeur polyvalent","description":"Vous recherchez un emploi de d\u00e9veloppeur de logiciels ou un poste plus g\u00e9n\u00e9raliste dans l'informatique ? Nous sommes une agence de recrutement principale dans le secteur du num\u00e9rique \u00e0 Zurich","robots":{"index":"index","follow":"follow","max-snippet":"max-snippet:-1","max-image-preview":"max-image-preview:large","max-video-preview":"max-video-preview:-1"},"canonical":"https:\/\/tiger-recruitment.com\/ch-fr\/chercher-un-emploi\/technologie\/","og_locale":"fr_FR","og_type":"article","og_title":"Emplois d'ing\u00e9nieur en logiciels | Emplois de d\u00e9veloppeur polyvalent","og_description":"Vous recherchez un emploi de d\u00e9veloppeur de logiciels ou un poste plus g\u00e9n\u00e9raliste dans l'informatique ? Nous sommes une agence de recrutement principale dans le secteur du num\u00e9rique \u00e0 Zurich","og_url":"https:\/\/tiger-recruitment.com\/ch-fr\/chercher-un-emploi\/technologie\/","og_site_name":"Tiger Recruitment","article_publisher":"https:\/\/www.facebook.com\/tigerrecruitment.ltd\/","article_modified_time":"2025-07-01T09:49:30+00:00","twitter_card":"summary_large_image","twitter_site":"@tigerrecruit","schema":{"@context":"https:\/\/schema.org","@graph":[]}},"_links":{"self":[{"href":"https:\/\/tiger-recruitment.com\/ch-fr\/wp-json\/wp\/v2\/pages\/1034965","targetHints":{"allow":["GET"]}}],"collection":[{"href":"https:\/\/tiger-recruitment.com\/ch-fr\/wp-json\/wp\/v2\/pages"}],"about":[{"href":"https:\/\/tiger-recruitment.com\/ch-fr\/wp-json\/wp\/v2\/types\/page"}],"author":[{"embeddable":true,"href":"https:\/\/tiger-recruitment.com\/ch-fr\/wp-json\/wp\/v2\/users\/1505"}],"replies":[{"embeddable":true,"href":"https:\/\/tiger-recruitment.com\/ch-fr\/wp-json\/wp\/v2\/comments?post=1034965"}],"version-history":[{"count":0,"href":"https:\/\/tiger-recruitment.com\/ch-fr\/wp-json\/wp\/v2\/pages\/1034965\/revisions"}],"up":[{"embeddable":true,"href":"https:\/\/tiger-recruitment.com\/ch-fr\/wp-json\/wp\/v2\/pages\/1034469"}],"wp:attachment":[{"href":"https:\/\/tiger-recruitment.com\/ch-fr\/wp-json\/wp\/v2\/media?parent=1034965"}],"curies":[{"name":"wp","href":"https:\/\/api.w.org\/{rel}","templated":true}]}}