{"id":1034954,"date":"2020-05-19T16:53:51","date_gmt":"2020-05-19T15:53:51","guid":{"rendered":"http:\/\/tiger-recruitment.com\/chercher-un-emploi\/hr\/"},"modified":"2026-02-17T11:27:44","modified_gmt":"2026-02-17T11:27:44","slug":"rh","status":"publish","type":"page","link":"https:\/\/tiger-recruitment.com\/ch-fr\/chercher-un-emploi\/rh\/","title":{"rendered":"RH"},"content":{"rendered":"","protected":false},"excerpt":{"rendered":"<p>Tiger HR helps talented HR professionals find rewarding HR jobs with top tier companies. Our expert recruiters look forward to helping you with your job search.<\/p>\n","protected":false},"author":1505,"featured_media":0,"parent":1034469,"menu_order":0,"comment_status":"closed","ping_status":"closed","template":"page-blank.php","meta":{"_acf_changed":false,"footnotes":""},"class_list":["post-1034954","page","type-page","status-publish","hentry"],"acf":[],"yoast_head":"<!-- This site is optimized with the Yoast SEO plugin v27.1.1 - https:\/\/yoast.com\/product\/yoast-seo-wordpress\/ -->\n<title>Emplois dans les RH | Postes \u00e0 pourvoir Ressources Humaines | Zurich<\/title>\n<meta name=\"description\" content=\"Vous cherchez un emploi dans les RH \u00e0 Zurich? Nos consultants sp\u00e9cialis\u00e9s vous aideront \u00e0 trouver le poste id\u00e9al au sein des plus grandes entreprises en Suisse\" \/>\n<meta name=\"robots\" content=\"index, follow, max-snippet:-1, max-image-preview:large, max-video-preview:-1\" \/>\n<link rel=\"canonical\" href=\"https:\/\/tiger-recruitment.com\/ch-fr\/chercher-un-emploi\/rh\/\" \/>\n<meta property=\"og:locale\" content=\"fr_FR\" \/>\n<meta property=\"og:type\" content=\"article\" \/>\n<meta property=\"og:title\" content=\"Emplois dans les RH | Postes \u00e0 pourvoir Ressources Humaines | Zurich\" \/>\n<meta property=\"og:description\" content=\"Vous cherchez un emploi dans les RH \u00e0 Zurich? Nos consultants sp\u00e9cialis\u00e9s vous aideront \u00e0 trouver le poste id\u00e9al au sein des plus grandes entreprises en Suisse\" \/>\n<meta property=\"og:url\" content=\"https:\/\/tiger-recruitment.com\/ch-fr\/chercher-un-emploi\/rh\/\" \/>\n<meta property=\"og:site_name\" content=\"Tiger Recruitment\" \/>\n<meta property=\"article:publisher\" content=\"https:\/\/www.facebook.com\/tigerrecruitment.ltd\/\" \/>\n<meta property=\"article:modified_time\" content=\"2026-02-17T11:27:44+00:00\" \/>\n<meta name=\"twitter:card\" content=\"summary_large_image\" \/>\n<meta name=\"twitter:site\" content=\"@tigerrecruit\" \/>\n<!-- \/ Yoast SEO plugin. -->","yoast_head_json":{"title":"Emplois dans les RH | Postes \u00e0 pourvoir Ressources Humaines | Zurich","description":"Vous cherchez un emploi dans les RH \u00e0 Zurich? Nos consultants sp\u00e9cialis\u00e9s vous aideront \u00e0 trouver le poste id\u00e9al au sein des plus grandes entreprises en Suisse","robots":{"index":"index","follow":"follow","max-snippet":"max-snippet:-1","max-image-preview":"max-image-preview:large","max-video-preview":"max-video-preview:-1"},"canonical":"https:\/\/tiger-recruitment.com\/ch-fr\/chercher-un-emploi\/rh\/","og_locale":"fr_FR","og_type":"article","og_title":"Emplois dans les RH | Postes \u00e0 pourvoir Ressources Humaines | Zurich","og_description":"Vous cherchez un emploi dans les RH \u00e0 Zurich? Nos consultants sp\u00e9cialis\u00e9s vous aideront \u00e0 trouver le poste id\u00e9al au sein des plus grandes entreprises en Suisse","og_url":"https:\/\/tiger-recruitment.com\/ch-fr\/chercher-un-emploi\/rh\/","og_site_name":"Tiger Recruitment","article_publisher":"https:\/\/www.facebook.com\/tigerrecruitment.ltd\/","article_modified_time":"2026-02-17T11:27:44+00:00","twitter_card":"summary_large_image","twitter_site":"@tigerrecruit","schema":{"@context":"https:\/\/schema.org","@graph":[]}},"_links":{"self":[{"href":"https:\/\/tiger-recruitment.com\/ch-fr\/wp-json\/wp\/v2\/pages\/1034954","targetHints":{"allow":["GET"]}}],"collection":[{"href":"https:\/\/tiger-recruitment.com\/ch-fr\/wp-json\/wp\/v2\/pages"}],"about":[{"href":"https:\/\/tiger-recruitment.com\/ch-fr\/wp-json\/wp\/v2\/types\/page"}],"author":[{"embeddable":true,"href":"https:\/\/tiger-recruitment.com\/ch-fr\/wp-json\/wp\/v2\/users\/1505"}],"replies":[{"embeddable":true,"href":"https:\/\/tiger-recruitment.com\/ch-fr\/wp-json\/wp\/v2\/comments?post=1034954"}],"version-history":[{"count":0,"href":"https:\/\/tiger-recruitment.com\/ch-fr\/wp-json\/wp\/v2\/pages\/1034954\/revisions"}],"up":[{"embeddable":true,"href":"https:\/\/tiger-recruitment.com\/ch-fr\/wp-json\/wp\/v2\/pages\/1034469"}],"wp:attachment":[{"href":"https:\/\/tiger-recruitment.com\/ch-fr\/wp-json\/wp\/v2\/media?parent=1034954"}],"curies":[{"name":"wp","href":"https:\/\/api.w.org\/{rel}","templated":true}]}}