{"id":1034937,"date":"2018-01-07T22:23:55","date_gmt":"2018-01-07T22:23:55","guid":{"rendered":"http:\/\/tiger-recruitment.com\/home\/"},"modified":"2026-02-19T09:04:49","modified_gmt":"2026-02-19T09:04:49","slug":"home-2","status":"publish","type":"page","link":"https:\/\/tiger-recruitment.com\/ch-fr\/","title":{"rendered":"Page d&#8217;accueil"},"content":{"rendered":"","protected":false},"excerpt":{"rendered":"<p>Headquartered in London, we\u2019re a recruitment agency that specialises in matching exceptional support staff to top businesses and private individuals globally.<br \/>\nInitially set up in 2001 as an administrative recruitment agency with a focus on personal assistant (PA) recruitment, secretarial recruitment and virtual services, we have since expanded our areas of expertise to encompass HR recruitment, private staff recruitment, hospitality staff recruitment and technology recruitment.<br \/>\nTiger brings a fiercely distinctive approach to hiring staff. Our brand is synonymous with excellence, positivity, integrity, dedication and gravitas and we aim to deliver an exceptional service to our clients and candidates in everything we do.<br \/>\nOur expert consultants only work with high-calibre individuals and offer a tailored approach to recruitment in London and beyond. This is what makes us one of the market-leading permanent and temp recruitment agencies in London.<\/p>\n","protected":false},"author":5,"featured_media":0,"parent":0,"menu_order":0,"comment_status":"closed","ping_status":"closed","template":"page-blank.php","meta":{"_acf_changed":false,"footnotes":""},"class_list":["post-1034937","page","type-page","status-publish","hentry"],"acf":[],"yoast_head":"<!-- This site is optimized with the Yoast SEO plugin v27.1.1 - https:\/\/yoast.com\/product\/yoast-seo-wordpress\/ -->\n<title>Agence de Recrutement \u00e0 Zurich<\/title>\n<meta name=\"description\" content=\"Agence de recrutement en Suisse avec des emplois \u00e0 Zurich, Gen\u00e8ve, Zoug et au-del\u00e0.\" \/>\n<meta name=\"robots\" content=\"index, follow, max-snippet:-1, max-image-preview:large, max-video-preview:-1\" \/>\n<link rel=\"canonical\" href=\"https:\/\/tiger-recruitment.com\/ch-fr\/\" \/>\n<meta property=\"og:locale\" content=\"fr_FR\" \/>\n<meta property=\"og:type\" content=\"article\" \/>\n<meta property=\"og:title\" content=\"Agence de Recrutement \u00e0 Zurich\" \/>\n<meta property=\"og:description\" content=\"Agence de recrutement en Suisse avec des emplois \u00e0 Zurich, Gen\u00e8ve, Zoug et au-del\u00e0.\" \/>\n<meta property=\"og:url\" content=\"https:\/\/tiger-recruitment.com\/ch-fr\/\" \/>\n<meta property=\"og:site_name\" content=\"Tiger Recruitment\" \/>\n<meta property=\"article:publisher\" content=\"https:\/\/www.facebook.com\/tigerrecruitment.ltd\/\" \/>\n<meta property=\"article:modified_time\" content=\"2026-02-19T09:04:49+00:00\" \/>\n<meta name=\"twitter:card\" content=\"summary_large_image\" \/>\n<meta name=\"twitter:site\" content=\"@tigerrecruit\" \/>\n<!-- \/ Yoast SEO plugin. -->","yoast_head_json":{"title":"Agence de Recrutement \u00e0 Zurich","description":"Agence de recrutement en Suisse avec des emplois \u00e0 Zurich, Gen\u00e8ve, Zoug et au-del\u00e0.","robots":{"index":"index","follow":"follow","max-snippet":"max-snippet:-1","max-image-preview":"max-image-preview:large","max-video-preview":"max-video-preview:-1"},"canonical":"https:\/\/tiger-recruitment.com\/ch-fr\/","og_locale":"fr_FR","og_type":"article","og_title":"Agence de Recrutement \u00e0 Zurich","og_description":"Agence de recrutement en Suisse avec des emplois \u00e0 Zurich, Gen\u00e8ve, Zoug et au-del\u00e0.","og_url":"https:\/\/tiger-recruitment.com\/ch-fr\/","og_site_name":"Tiger Recruitment","article_publisher":"https:\/\/www.facebook.com\/tigerrecruitment.ltd\/","article_modified_time":"2026-02-19T09:04:49+00:00","twitter_card":"summary_large_image","twitter_site":"@tigerrecruit","schema":{"@context":"https:\/\/schema.org","@graph":[]}},"_links":{"self":[{"href":"https:\/\/tiger-recruitment.com\/ch-fr\/wp-json\/wp\/v2\/pages\/1034937","targetHints":{"allow":["GET"]}}],"collection":[{"href":"https:\/\/tiger-recruitment.com\/ch-fr\/wp-json\/wp\/v2\/pages"}],"about":[{"href":"https:\/\/tiger-recruitment.com\/ch-fr\/wp-json\/wp\/v2\/types\/page"}],"author":[{"embeddable":true,"href":"https:\/\/tiger-recruitment.com\/ch-fr\/wp-json\/wp\/v2\/users\/5"}],"replies":[{"embeddable":true,"href":"https:\/\/tiger-recruitment.com\/ch-fr\/wp-json\/wp\/v2\/comments?post=1034937"}],"version-history":[{"count":0,"href":"https:\/\/tiger-recruitment.com\/ch-fr\/wp-json\/wp\/v2\/pages\/1034937\/revisions"}],"wp:attachment":[{"href":"https:\/\/tiger-recruitment.com\/ch-fr\/wp-json\/wp\/v2\/media?parent=1034937"}],"curies":[{"name":"wp","href":"https:\/\/api.w.org\/{rel}","templated":true}]}}