{"id":1034731,"date":"2018-03-01T10:36:37","date_gmt":"2018-03-01T10:36:37","guid":{"rendered":"http:\/\/tiger-recruitment.com\/looking-to-recruit\/personal-assistant-recruitment\/"},"modified":"2025-07-01T13:33:43","modified_gmt":"2025-07-01T12:33:43","slug":"recrutement-assistant-personnel","status":"publish","type":"page","link":"https:\/\/tiger-recruitment.com\/ch-fr\/chercher-a-recruter\/recrutement-assistant-personnel\/","title":{"rendered":"Recrutement Assistant Personnel"},"content":{"rendered":"","protected":false},"excerpt":{"rendered":"<p>Looking to hire a personal assistant in London or further afield?<br \/>\nOur team of PA recruitment specialists are on hand to assist and can service all industries, from creative start-ups to established global banks. As the leading PA recruitment agency in London, we carefully screen our candidates to bring you only the very best individuals in the market. We can assist with sourcing:<\/p>\n<p>Corporate PAs<br \/>\nTeam Assistants<br \/>\nPrivate PAs<br \/>\nFamily Office PAs<br \/>\nBusiness Assistants<br \/>\nVirtual PAs<\/p>\n<p>Call our head office on +44 207 917 1801 to brief us on your next requirement.<\/p>\n","protected":false},"author":4,"featured_media":0,"parent":1034560,"menu_order":0,"comment_status":"closed","ping_status":"closed","template":"page-blank.php","meta":{"_acf_changed":false,"footnotes":""},"class_list":["post-1034731","page","type-page","status-publish","hentry"],"acf":[],"yoast_head":"<!-- This site is optimized with the Yoast SEO plugin v27.1.1 - https:\/\/yoast.com\/product\/yoast-seo-wordpress\/ -->\n<title>Agence de recrutement d&#039;assistants personnels \u00e0 Zurich<\/title>\n<meta name=\"description\" content=\"Vous cherchez \u00e0 recruter un assistant administratif \u00e0 Zurich, Gen\u00e8ve, Zoug ou ailleurs ? Tiger peut aider.\" \/>\n<meta name=\"robots\" content=\"index, follow, max-snippet:-1, max-image-preview:large, max-video-preview:-1\" \/>\n<link rel=\"canonical\" href=\"https:\/\/tiger-recruitment.com\/ch-fr\/chercher-a-recruter\/recrutement-assistant-personnel\/\" \/>\n<meta property=\"og:locale\" content=\"fr_FR\" \/>\n<meta property=\"og:type\" content=\"article\" \/>\n<meta property=\"og:title\" content=\"Agence de recrutement d&#039;assistants personnels \u00e0 Zurich\" \/>\n<meta property=\"og:description\" content=\"Vous cherchez \u00e0 recruter un assistant administratif \u00e0 Zurich, Gen\u00e8ve, Zoug ou ailleurs ? Tiger peut aider.\" \/>\n<meta property=\"og:url\" content=\"https:\/\/tiger-recruitment.com\/ch-fr\/chercher-a-recruter\/recrutement-assistant-personnel\/\" \/>\n<meta property=\"og:site_name\" content=\"Tiger Recruitment\" \/>\n<meta property=\"article:publisher\" content=\"https:\/\/www.facebook.com\/tigerrecruitment.ltd\/\" \/>\n<meta property=\"article:modified_time\" content=\"2025-07-01T12:33:43+00:00\" \/>\n<meta name=\"twitter:card\" content=\"summary_large_image\" \/>\n<meta name=\"twitter:site\" content=\"@tigerrecruit\" \/>\n<!-- \/ Yoast SEO plugin. -->","yoast_head_json":{"title":"Agence de recrutement d'assistants personnels \u00e0 Zurich","description":"Vous cherchez \u00e0 recruter un assistant administratif \u00e0 Zurich, Gen\u00e8ve, Zoug ou ailleurs ? Tiger peut aider.","robots":{"index":"index","follow":"follow","max-snippet":"max-snippet:-1","max-image-preview":"max-image-preview:large","max-video-preview":"max-video-preview:-1"},"canonical":"https:\/\/tiger-recruitment.com\/ch-fr\/chercher-a-recruter\/recrutement-assistant-personnel\/","og_locale":"fr_FR","og_type":"article","og_title":"Agence de recrutement d'assistants personnels \u00e0 Zurich","og_description":"Vous cherchez \u00e0 recruter un assistant administratif \u00e0 Zurich, Gen\u00e8ve, Zoug ou ailleurs ? Tiger peut aider.","og_url":"https:\/\/tiger-recruitment.com\/ch-fr\/chercher-a-recruter\/recrutement-assistant-personnel\/","og_site_name":"Tiger Recruitment","article_publisher":"https:\/\/www.facebook.com\/tigerrecruitment.ltd\/","article_modified_time":"2025-07-01T12:33:43+00:00","twitter_card":"summary_large_image","twitter_site":"@tigerrecruit","schema":{"@context":"https:\/\/schema.org","@graph":[]}},"_links":{"self":[{"href":"https:\/\/tiger-recruitment.com\/ch-fr\/wp-json\/wp\/v2\/pages\/1034731","targetHints":{"allow":["GET"]}}],"collection":[{"href":"https:\/\/tiger-recruitment.com\/ch-fr\/wp-json\/wp\/v2\/pages"}],"about":[{"href":"https:\/\/tiger-recruitment.com\/ch-fr\/wp-json\/wp\/v2\/types\/page"}],"author":[{"embeddable":true,"href":"https:\/\/tiger-recruitment.com\/ch-fr\/wp-json\/wp\/v2\/users\/4"}],"replies":[{"embeddable":true,"href":"https:\/\/tiger-recruitment.com\/ch-fr\/wp-json\/wp\/v2\/comments?post=1034731"}],"version-history":[{"count":0,"href":"https:\/\/tiger-recruitment.com\/ch-fr\/wp-json\/wp\/v2\/pages\/1034731\/revisions"}],"up":[{"embeddable":true,"href":"https:\/\/tiger-recruitment.com\/ch-fr\/wp-json\/wp\/v2\/pages\/1034560"}],"wp:attachment":[{"href":"https:\/\/tiger-recruitment.com\/ch-fr\/wp-json\/wp\/v2\/media?parent=1034731"}],"curies":[{"name":"wp","href":"https:\/\/api.w.org\/{rel}","templated":true}]}}