{"id":1034626,"date":"2018-03-02T14:46:36","date_gmt":"2018-03-02T14:46:36","guid":{"rendered":"http:\/\/tiger-recruitment.com\/pa-jobs\/"},"modified":"2025-07-01T10:00:18","modified_gmt":"2025-07-01T09:00:18","slug":"emplois-d-assistant-personnel","status":"publish","type":"page","link":"https:\/\/tiger-recruitment.com\/ch-fr\/chercher-un-emploi\/emplois-d-assistant-personnel\/","title":{"rendered":"Emplois d&#8217;assistant personnel"},"content":{"rendered":"<p>Tiger Recruitment is dedicated to helping candidates find outstanding PA jobs in London and beyond.<\/p>\n","protected":false},"excerpt":{"rendered":"<p>Tiger Recruitment is dedicated to helping candidates find outstanding PA jobs in London and beyond.<\/p>\n","protected":false},"author":4,"featured_media":0,"parent":1034469,"menu_order":0,"comment_status":"closed","ping_status":"closed","template":"page-blank.php","meta":{"_acf_changed":false,"footnotes":""},"class_list":["post-1034626","page","type-page","status-publish","hentry"],"acf":[],"yoast_head":"<!-- This site is optimized with the Yoast SEO plugin v27.1.1 - https:\/\/yoast.com\/product\/yoast-seo-wordpress\/ -->\n<title>EMPLOIS D&#039;ASSISTANT PERSONNEL | ZURICH<\/title>\n<meta name=\"description\" content=\"Vous cherchez un emploi d&#039;assistant personnel ? Nous sommes sp\u00e9cialis\u00e9s dans les emplois d&#039;assistants temporaires et permanents \u00e0 Zurich\" \/>\n<meta name=\"robots\" content=\"index, follow, max-snippet:-1, max-image-preview:large, max-video-preview:-1\" \/>\n<link rel=\"canonical\" href=\"https:\/\/tiger-recruitment.com\/ch-fr\/chercher-un-emploi\/emplois-d-assistant-personnel\/\" \/>\n<meta property=\"og:locale\" content=\"fr_FR\" \/>\n<meta property=\"og:type\" content=\"article\" \/>\n<meta property=\"og:title\" content=\"EMPLOIS D&#039;ASSISTANT PERSONNEL | ZURICH\" \/>\n<meta property=\"og:description\" content=\"Vous cherchez un emploi d&#039;assistant personnel ? Nous sommes sp\u00e9cialis\u00e9s dans les emplois d&#039;assistants temporaires et permanents \u00e0 Zurich\" \/>\n<meta property=\"og:url\" content=\"https:\/\/tiger-recruitment.com\/ch-fr\/chercher-un-emploi\/emplois-d-assistant-personnel\/\" \/>\n<meta property=\"og:site_name\" content=\"Tiger Recruitment\" \/>\n<meta property=\"article:publisher\" content=\"https:\/\/www.facebook.com\/tigerrecruitment.ltd\/\" \/>\n<meta property=\"article:modified_time\" content=\"2025-07-01T09:00:18+00:00\" \/>\n<meta name=\"twitter:card\" content=\"summary_large_image\" \/>\n<meta name=\"twitter:site\" content=\"@tigerrecruit\" \/>\n<!-- \/ Yoast SEO plugin. -->","yoast_head_json":{"title":"EMPLOIS D'ASSISTANT PERSONNEL | ZURICH","description":"Vous cherchez un emploi d'assistant personnel ? Nous sommes sp\u00e9cialis\u00e9s dans les emplois d'assistants temporaires et permanents \u00e0 Zurich","robots":{"index":"index","follow":"follow","max-snippet":"max-snippet:-1","max-image-preview":"max-image-preview:large","max-video-preview":"max-video-preview:-1"},"canonical":"https:\/\/tiger-recruitment.com\/ch-fr\/chercher-un-emploi\/emplois-d-assistant-personnel\/","og_locale":"fr_FR","og_type":"article","og_title":"EMPLOIS D'ASSISTANT PERSONNEL | ZURICH","og_description":"Vous cherchez un emploi d'assistant personnel ? Nous sommes sp\u00e9cialis\u00e9s dans les emplois d'assistants temporaires et permanents \u00e0 Zurich","og_url":"https:\/\/tiger-recruitment.com\/ch-fr\/chercher-un-emploi\/emplois-d-assistant-personnel\/","og_site_name":"Tiger Recruitment","article_publisher":"https:\/\/www.facebook.com\/tigerrecruitment.ltd\/","article_modified_time":"2025-07-01T09:00:18+00:00","twitter_card":"summary_large_image","twitter_site":"@tigerrecruit","schema":{"@context":"https:\/\/schema.org","@graph":[]}},"_links":{"self":[{"href":"https:\/\/tiger-recruitment.com\/ch-fr\/wp-json\/wp\/v2\/pages\/1034626","targetHints":{"allow":["GET"]}}],"collection":[{"href":"https:\/\/tiger-recruitment.com\/ch-fr\/wp-json\/wp\/v2\/pages"}],"about":[{"href":"https:\/\/tiger-recruitment.com\/ch-fr\/wp-json\/wp\/v2\/types\/page"}],"author":[{"embeddable":true,"href":"https:\/\/tiger-recruitment.com\/ch-fr\/wp-json\/wp\/v2\/users\/4"}],"replies":[{"embeddable":true,"href":"https:\/\/tiger-recruitment.com\/ch-fr\/wp-json\/wp\/v2\/comments?post=1034626"}],"version-history":[{"count":0,"href":"https:\/\/tiger-recruitment.com\/ch-fr\/wp-json\/wp\/v2\/pages\/1034626\/revisions"}],"up":[{"embeddable":true,"href":"https:\/\/tiger-recruitment.com\/ch-fr\/wp-json\/wp\/v2\/pages\/1034469"}],"wp:attachment":[{"href":"https:\/\/tiger-recruitment.com\/ch-fr\/wp-json\/wp\/v2\/media?parent=1034626"}],"curies":[{"name":"wp","href":"https:\/\/api.w.org\/{rel}","templated":true}]}}