{"id":1034600,"date":"2022-01-24T16:20:26","date_gmt":"2022-01-24T16:20:26","guid":{"rendered":"http:\/\/tiger-recruitment.com\/cherchez-un-emploi\/finance-and-accounting\/"},"modified":"2026-02-16T15:40:46","modified_gmt":"2026-02-16T15:40:46","slug":"finances-et-comptabilite","status":"publish","type":"page","link":"https:\/\/tiger-recruitment.com\/ch-fr\/chercher-un-emploi\/finances-et-comptabilite\/","title":{"rendered":"Finances et comptabilit\u00e9"},"content":{"rendered":"","protected":false},"excerpt":{"rendered":"","protected":false},"author":41396,"featured_media":0,"parent":1034469,"menu_order":0,"comment_status":"closed","ping_status":"closed","template":"page-blank.php","meta":{"_acf_changed":false,"footnotes":""},"class_list":["post-1034600","page","type-page","status-publish","hentry"],"acf":[],"yoast_head":"<!-- This site is optimized with the Yoast SEO plugin v27.1.1 - https:\/\/yoast.com\/product\/yoast-seo-wordpress\/ -->\n<title>EMPLOIS EN FINANCE ET COMPTABILIT\u00c9 | ZURICH<\/title>\n<meta name=\"description\" content=\"\u00c0 LA RECHERCHE D&#039;UN EMPLOI EN FINANCE ET EN COMPTABILIT\u00c9? TIGER PEUT AIDER\" \/>\n<meta name=\"robots\" content=\"index, follow, max-snippet:-1, max-image-preview:large, max-video-preview:-1\" \/>\n<link rel=\"canonical\" href=\"https:\/\/tiger-recruitment.com\/ch-fr\/chercher-un-emploi\/finances-et-comptabilite\/\" \/>\n<meta property=\"og:locale\" content=\"fr_FR\" \/>\n<meta property=\"og:type\" content=\"article\" \/>\n<meta property=\"og:title\" content=\"EMPLOIS EN FINANCE ET COMPTABILIT\u00c9 | ZURICH\" \/>\n<meta property=\"og:description\" content=\"\u00c0 LA RECHERCHE D&#039;UN EMPLOI EN FINANCE ET EN COMPTABILIT\u00c9? TIGER PEUT AIDER\" \/>\n<meta property=\"og:url\" content=\"https:\/\/tiger-recruitment.com\/ch-fr\/chercher-un-emploi\/finances-et-comptabilite\/\" \/>\n<meta property=\"og:site_name\" content=\"Tiger Recruitment\" \/>\n<meta property=\"article:publisher\" content=\"https:\/\/www.facebook.com\/tigerrecruitment.ltd\/\" \/>\n<meta property=\"article:modified_time\" content=\"2026-02-16T15:40:46+00:00\" \/>\n<meta name=\"twitter:card\" content=\"summary_large_image\" \/>\n<meta name=\"twitter:site\" content=\"@tigerrecruit\" \/>\n<!-- \/ Yoast SEO plugin. -->","yoast_head_json":{"title":"EMPLOIS EN FINANCE ET COMPTABILIT\u00c9 | ZURICH","description":"\u00c0 LA RECHERCHE D'UN EMPLOI EN FINANCE ET EN COMPTABILIT\u00c9? TIGER PEUT AIDER","robots":{"index":"index","follow":"follow","max-snippet":"max-snippet:-1","max-image-preview":"max-image-preview:large","max-video-preview":"max-video-preview:-1"},"canonical":"https:\/\/tiger-recruitment.com\/ch-fr\/chercher-un-emploi\/finances-et-comptabilite\/","og_locale":"fr_FR","og_type":"article","og_title":"EMPLOIS EN FINANCE ET COMPTABILIT\u00c9 | ZURICH","og_description":"\u00c0 LA RECHERCHE D'UN EMPLOI EN FINANCE ET EN COMPTABILIT\u00c9? TIGER PEUT AIDER","og_url":"https:\/\/tiger-recruitment.com\/ch-fr\/chercher-un-emploi\/finances-et-comptabilite\/","og_site_name":"Tiger Recruitment","article_publisher":"https:\/\/www.facebook.com\/tigerrecruitment.ltd\/","article_modified_time":"2026-02-16T15:40:46+00:00","twitter_card":"summary_large_image","twitter_site":"@tigerrecruit","schema":{"@context":"https:\/\/schema.org","@graph":[]}},"_links":{"self":[{"href":"https:\/\/tiger-recruitment.com\/ch-fr\/wp-json\/wp\/v2\/pages\/1034600","targetHints":{"allow":["GET"]}}],"collection":[{"href":"https:\/\/tiger-recruitment.com\/ch-fr\/wp-json\/wp\/v2\/pages"}],"about":[{"href":"https:\/\/tiger-recruitment.com\/ch-fr\/wp-json\/wp\/v2\/types\/page"}],"author":[{"embeddable":true,"href":"https:\/\/tiger-recruitment.com\/ch-fr\/wp-json\/wp\/v2\/users\/41396"}],"replies":[{"embeddable":true,"href":"https:\/\/tiger-recruitment.com\/ch-fr\/wp-json\/wp\/v2\/comments?post=1034600"}],"version-history":[{"count":0,"href":"https:\/\/tiger-recruitment.com\/ch-fr\/wp-json\/wp\/v2\/pages\/1034600\/revisions"}],"up":[{"embeddable":true,"href":"https:\/\/tiger-recruitment.com\/ch-fr\/wp-json\/wp\/v2\/pages\/1034469"}],"wp:attachment":[{"href":"https:\/\/tiger-recruitment.com\/ch-fr\/wp-json\/wp\/v2\/media?parent=1034600"}],"curies":[{"name":"wp","href":"https:\/\/api.w.org\/{rel}","templated":true}]}}