{"id":1034589,"date":"2018-03-01T18:05:24","date_gmt":"2018-03-01T18:05:24","guid":{"rendered":"http:\/\/tiger-recruitment.com\/cherchez-un-emploi\/private-support-candidates\/"},"modified":"2025-07-01T10:40:46","modified_gmt":"2025-07-01T09:40:46","slug":"bureau-de-gestion-du-patrimoine","status":"publish","type":"page","link":"https:\/\/tiger-recruitment.com\/ch-fr\/chercher-un-emploi\/bureau-de-gestion-du-patrimoine\/","title":{"rendered":"Emplois de bureau de gestion de patrimoine"},"content":{"rendered":"","protected":false},"excerpt":{"rendered":"<p>Our Tiger Private consultants have all previously held top family office roles, from private personal assistant positions to chief of staff positions, so we understand the intricacies of these jobs.<br \/>\nThat\u2019s why, at interview stage, we\u2019ll spend a little more time getting to know you and learning about your experience to make sure we understand your aspirations.<br \/>\nWe\u2019re delighted to have assisted many talented individuals who are now working in sought-after travelling PA positions, family office roles, celebrity personal assistant jobs and concierge positions across the UK and internationally.<\/p>\n","protected":false},"author":5,"featured_media":0,"parent":1034469,"menu_order":0,"comment_status":"closed","ping_status":"closed","template":"page-blank.php","meta":{"_acf_changed":false,"footnotes":""},"class_list":["post-1034589","page","type-page","status-publish","hentry"],"acf":[],"yoast_head":"<!-- This site is optimized with the Yoast SEO plugin v27.1.1 - https:\/\/yoast.com\/product\/yoast-seo-wordpress\/ -->\n<title>EMPLOIS DE BUREAU DE GESTION DE PATRIMOINE<\/title>\n<meta name=\"description\" content=\"emploi dans la gestion de patrimoine \u00e0 zurich, gen\u00e8ve et au-del\u00e0\" \/>\n<meta name=\"robots\" content=\"index, follow, max-snippet:-1, max-image-preview:large, max-video-preview:-1\" \/>\n<link rel=\"canonical\" href=\"https:\/\/tiger-recruitment.com\/ch-fr\/chercher-un-emploi\/bureau-de-gestion-du-patrimoine\/\" \/>\n<meta property=\"og:locale\" content=\"fr_FR\" \/>\n<meta property=\"og:type\" content=\"article\" \/>\n<meta property=\"og:title\" content=\"EMPLOIS DE BUREAU DE GESTION DE PATRIMOINE\" \/>\n<meta property=\"og:description\" content=\"emploi dans la gestion de patrimoine \u00e0 zurich, gen\u00e8ve et au-del\u00e0\" \/>\n<meta property=\"og:url\" content=\"https:\/\/tiger-recruitment.com\/ch-fr\/chercher-un-emploi\/bureau-de-gestion-du-patrimoine\/\" \/>\n<meta property=\"og:site_name\" content=\"Tiger Recruitment\" \/>\n<meta property=\"article:publisher\" content=\"https:\/\/www.facebook.com\/tigerrecruitment.ltd\/\" \/>\n<meta property=\"article:modified_time\" content=\"2025-07-01T09:40:46+00:00\" \/>\n<meta name=\"twitter:card\" content=\"summary_large_image\" \/>\n<meta name=\"twitter:site\" content=\"@tigerrecruit\" \/>\n<!-- \/ Yoast SEO plugin. -->","yoast_head_json":{"title":"EMPLOIS DE BUREAU DE GESTION DE PATRIMOINE","description":"emploi dans la gestion de patrimoine \u00e0 zurich, gen\u00e8ve et au-del\u00e0","robots":{"index":"index","follow":"follow","max-snippet":"max-snippet:-1","max-image-preview":"max-image-preview:large","max-video-preview":"max-video-preview:-1"},"canonical":"https:\/\/tiger-recruitment.com\/ch-fr\/chercher-un-emploi\/bureau-de-gestion-du-patrimoine\/","og_locale":"fr_FR","og_type":"article","og_title":"EMPLOIS DE BUREAU DE GESTION DE PATRIMOINE","og_description":"emploi dans la gestion de patrimoine \u00e0 zurich, gen\u00e8ve et au-del\u00e0","og_url":"https:\/\/tiger-recruitment.com\/ch-fr\/chercher-un-emploi\/bureau-de-gestion-du-patrimoine\/","og_site_name":"Tiger Recruitment","article_publisher":"https:\/\/www.facebook.com\/tigerrecruitment.ltd\/","article_modified_time":"2025-07-01T09:40:46+00:00","twitter_card":"summary_large_image","twitter_site":"@tigerrecruit","schema":{"@context":"https:\/\/schema.org","@graph":[]}},"_links":{"self":[{"href":"https:\/\/tiger-recruitment.com\/ch-fr\/wp-json\/wp\/v2\/pages\/1034589","targetHints":{"allow":["GET"]}}],"collection":[{"href":"https:\/\/tiger-recruitment.com\/ch-fr\/wp-json\/wp\/v2\/pages"}],"about":[{"href":"https:\/\/tiger-recruitment.com\/ch-fr\/wp-json\/wp\/v2\/types\/page"}],"author":[{"embeddable":true,"href":"https:\/\/tiger-recruitment.com\/ch-fr\/wp-json\/wp\/v2\/users\/5"}],"replies":[{"embeddable":true,"href":"https:\/\/tiger-recruitment.com\/ch-fr\/wp-json\/wp\/v2\/comments?post=1034589"}],"version-history":[{"count":0,"href":"https:\/\/tiger-recruitment.com\/ch-fr\/wp-json\/wp\/v2\/pages\/1034589\/revisions"}],"up":[{"embeddable":true,"href":"https:\/\/tiger-recruitment.com\/ch-fr\/wp-json\/wp\/v2\/pages\/1034469"}],"wp:attachment":[{"href":"https:\/\/tiger-recruitment.com\/ch-fr\/wp-json\/wp\/v2\/media?parent=1034589"}],"curies":[{"name":"wp","href":"https:\/\/api.w.org\/{rel}","templated":true}]}}