{"id":1034576,"date":"2018-09-14T10:33:01","date_gmt":"2018-09-14T09:33:01","guid":{"rendered":"http:\/\/tiger-recruitment.com\/cherchez-un-emploi\/ea-jobs\/"},"modified":"2025-07-01T10:01:17","modified_gmt":"2025-07-01T09:01:17","slug":"emplois-d-adjoint-executif","status":"publish","type":"page","link":"https:\/\/tiger-recruitment.com\/ch-fr\/chercher-un-emploi\/emplois-d-adjoint-executif\/","title":{"rendered":"Emplois d&#8217;adjoint ex\u00e9cutif"},"content":{"rendered":"","protected":false},"excerpt":{"rendered":"<p>Tiger Recruitment specialises in executive assistant recruitment, working with employers of choice across a range of industries, including finance and investments, private equity, insurance, law, media and technology.<br \/>\nWith such a wide variety of clients, we always have a large collection of executive assistant jobs on offer, starting from executive PAs to C-suite EAs and board-level EAs. We also encourage career progression and growth for our EAs, recruiting for business assistant positions.<\/p>\n","protected":false},"author":4,"featured_media":0,"parent":1034469,"menu_order":0,"comment_status":"closed","ping_status":"closed","template":"page-blank.php","meta":{"_acf_changed":false,"footnotes":""},"class_list":["post-1034576","page","type-page","status-publish","hentry"],"acf":[],"yoast_head":"<!-- This site is optimized with the Yoast SEO plugin v27.1.1 - https:\/\/yoast.com\/product\/yoast-seo-wordpress\/ -->\n<title>EMPLOIS D&#039;ADJOINT EX\u00c9CUTIF<\/title>\n<meta name=\"description\" content=\"TROUVER DES EMPLOIS D&#039;ASSISTANT DE DIRECTION \u00c0 ZURICH ET GEN\u00c8VE\" \/>\n<meta name=\"robots\" content=\"index, follow, max-snippet:-1, max-image-preview:large, max-video-preview:-1\" \/>\n<link rel=\"canonical\" href=\"https:\/\/tiger-recruitment.com\/ch-fr\/chercher-un-emploi\/emplois-d-adjoint-executif\/\" \/>\n<meta property=\"og:locale\" content=\"fr_FR\" \/>\n<meta property=\"og:type\" content=\"article\" \/>\n<meta property=\"og:title\" content=\"EMPLOIS D&#039;ADJOINT EX\u00c9CUTIF\" \/>\n<meta property=\"og:description\" content=\"TROUVER DES EMPLOIS D&#039;ASSISTANT DE DIRECTION \u00c0 ZURICH ET GEN\u00c8VE\" \/>\n<meta property=\"og:url\" content=\"https:\/\/tiger-recruitment.com\/ch-fr\/chercher-un-emploi\/emplois-d-adjoint-executif\/\" \/>\n<meta property=\"og:site_name\" content=\"Tiger Recruitment\" \/>\n<meta property=\"article:publisher\" content=\"https:\/\/www.facebook.com\/tigerrecruitment.ltd\/\" \/>\n<meta property=\"article:modified_time\" content=\"2025-07-01T09:01:17+00:00\" \/>\n<meta name=\"twitter:card\" content=\"summary_large_image\" \/>\n<meta name=\"twitter:site\" content=\"@tigerrecruit\" \/>\n<!-- \/ Yoast SEO plugin. -->","yoast_head_json":{"title":"EMPLOIS D'ADJOINT EX\u00c9CUTIF","description":"TROUVER DES EMPLOIS D'ASSISTANT DE DIRECTION \u00c0 ZURICH ET GEN\u00c8VE","robots":{"index":"index","follow":"follow","max-snippet":"max-snippet:-1","max-image-preview":"max-image-preview:large","max-video-preview":"max-video-preview:-1"},"canonical":"https:\/\/tiger-recruitment.com\/ch-fr\/chercher-un-emploi\/emplois-d-adjoint-executif\/","og_locale":"fr_FR","og_type":"article","og_title":"EMPLOIS D'ADJOINT EX\u00c9CUTIF","og_description":"TROUVER DES EMPLOIS D'ASSISTANT DE DIRECTION \u00c0 ZURICH ET GEN\u00c8VE","og_url":"https:\/\/tiger-recruitment.com\/ch-fr\/chercher-un-emploi\/emplois-d-adjoint-executif\/","og_site_name":"Tiger Recruitment","article_publisher":"https:\/\/www.facebook.com\/tigerrecruitment.ltd\/","article_modified_time":"2025-07-01T09:01:17+00:00","twitter_card":"summary_large_image","twitter_site":"@tigerrecruit","schema":{"@context":"https:\/\/schema.org","@graph":[]}},"_links":{"self":[{"href":"https:\/\/tiger-recruitment.com\/ch-fr\/wp-json\/wp\/v2\/pages\/1034576","targetHints":{"allow":["GET"]}}],"collection":[{"href":"https:\/\/tiger-recruitment.com\/ch-fr\/wp-json\/wp\/v2\/pages"}],"about":[{"href":"https:\/\/tiger-recruitment.com\/ch-fr\/wp-json\/wp\/v2\/types\/page"}],"author":[{"embeddable":true,"href":"https:\/\/tiger-recruitment.com\/ch-fr\/wp-json\/wp\/v2\/users\/4"}],"replies":[{"embeddable":true,"href":"https:\/\/tiger-recruitment.com\/ch-fr\/wp-json\/wp\/v2\/comments?post=1034576"}],"version-history":[{"count":0,"href":"https:\/\/tiger-recruitment.com\/ch-fr\/wp-json\/wp\/v2\/pages\/1034576\/revisions"}],"up":[{"embeddable":true,"href":"https:\/\/tiger-recruitment.com\/ch-fr\/wp-json\/wp\/v2\/pages\/1034469"}],"wp:attachment":[{"href":"https:\/\/tiger-recruitment.com\/ch-fr\/wp-json\/wp\/v2\/media?parent=1034576"}],"curies":[{"name":"wp","href":"https:\/\/api.w.org\/{rel}","templated":true}]}}