{"id":1034560,"date":"2018-01-08T05:10:46","date_gmt":"2018-01-08T05:10:46","guid":{"rendered":"http:\/\/tiger-recruitment.com\/looking-to-recruit\/"},"modified":"2023-12-08T11:31:11","modified_gmt":"2023-12-08T11:31:11","slug":"chercher-a-recruter","status":"publish","type":"page","link":"https:\/\/tiger-recruitment.com\/ch-fr\/chercher-a-recruter\/","title":{"rendered":"Chercher \u00e0 recruter"},"content":{"rendered":"","protected":false},"excerpt":{"rendered":"<p>Top staffing agency in London<br \/>\nTiger Recruitment specialises in recruiting temporary and permanent support staff.<br \/>\nWe are a boutique consultancy made up of experienced consultants who source the best individuals in London and further afield.<\/p>\n","protected":false},"author":5,"featured_media":0,"parent":0,"menu_order":20,"comment_status":"closed","ping_status":"closed","template":"page-blank.php","meta":{"_acf_changed":false,"footnotes":""},"class_list":["post-1034560","page","type-page","status-publish","hentry"],"acf":[],"yoast_head":"<!-- This site is optimized with the Yoast SEO plugin v27.1.1 - https:\/\/yoast.com\/product\/yoast-seo-wordpress\/ -->\n<title>Services et solutions de sp\u00e9cialistes en recrutement | Zurich<\/title>\n<meta name=\"description\" content=\"Chasseurs de t\u00eates experts \u00e0 Zurich\" \/>\n<meta name=\"robots\" content=\"index, follow, max-snippet:-1, max-image-preview:large, max-video-preview:-1\" \/>\n<link rel=\"canonical\" href=\"https:\/\/tiger-recruitment.com\/ch-fr\/chercher-a-recruter\/\" \/>\n<meta property=\"og:locale\" content=\"fr_FR\" \/>\n<meta property=\"og:type\" content=\"article\" \/>\n<meta property=\"og:title\" content=\"Services et solutions de sp\u00e9cialistes en recrutement | Zurich\" \/>\n<meta property=\"og:description\" content=\"Chasseurs de t\u00eates experts \u00e0 Zurich\" \/>\n<meta property=\"og:url\" content=\"https:\/\/tiger-recruitment.com\/ch-fr\/chercher-a-recruter\/\" \/>\n<meta property=\"og:site_name\" content=\"Tiger Recruitment\" \/>\n<meta property=\"article:publisher\" content=\"https:\/\/www.facebook.com\/tigerrecruitment.ltd\/\" \/>\n<meta property=\"article:modified_time\" content=\"2023-12-08T11:31:11+00:00\" \/>\n<meta name=\"twitter:card\" content=\"summary_large_image\" \/>\n<meta name=\"twitter:site\" content=\"@tigerrecruit\" \/>\n<!-- \/ Yoast SEO plugin. -->","yoast_head_json":{"title":"Services et solutions de sp\u00e9cialistes en recrutement | Zurich","description":"Chasseurs de t\u00eates experts \u00e0 Zurich","robots":{"index":"index","follow":"follow","max-snippet":"max-snippet:-1","max-image-preview":"max-image-preview:large","max-video-preview":"max-video-preview:-1"},"canonical":"https:\/\/tiger-recruitment.com\/ch-fr\/chercher-a-recruter\/","og_locale":"fr_FR","og_type":"article","og_title":"Services et solutions de sp\u00e9cialistes en recrutement | Zurich","og_description":"Chasseurs de t\u00eates experts \u00e0 Zurich","og_url":"https:\/\/tiger-recruitment.com\/ch-fr\/chercher-a-recruter\/","og_site_name":"Tiger Recruitment","article_publisher":"https:\/\/www.facebook.com\/tigerrecruitment.ltd\/","article_modified_time":"2023-12-08T11:31:11+00:00","twitter_card":"summary_large_image","twitter_site":"@tigerrecruit","schema":{"@context":"https:\/\/schema.org","@graph":[]}},"_links":{"self":[{"href":"https:\/\/tiger-recruitment.com\/ch-fr\/wp-json\/wp\/v2\/pages\/1034560","targetHints":{"allow":["GET"]}}],"collection":[{"href":"https:\/\/tiger-recruitment.com\/ch-fr\/wp-json\/wp\/v2\/pages"}],"about":[{"href":"https:\/\/tiger-recruitment.com\/ch-fr\/wp-json\/wp\/v2\/types\/page"}],"author":[{"embeddable":true,"href":"https:\/\/tiger-recruitment.com\/ch-fr\/wp-json\/wp\/v2\/users\/5"}],"replies":[{"embeddable":true,"href":"https:\/\/tiger-recruitment.com\/ch-fr\/wp-json\/wp\/v2\/comments?post=1034560"}],"version-history":[{"count":0,"href":"https:\/\/tiger-recruitment.com\/ch-fr\/wp-json\/wp\/v2\/pages\/1034560\/revisions"}],"wp:attachment":[{"href":"https:\/\/tiger-recruitment.com\/ch-fr\/wp-json\/wp\/v2\/media?parent=1034560"}],"curies":[{"name":"wp","href":"https:\/\/api.w.org\/{rel}","templated":true}]}}