{"id":1211470,"date":"2026-02-11T11:07:53","date_gmt":"2026-02-11T11:07:53","guid":{"rendered":"https:\/\/tiger-recruitment.com\/?page_id=1211470"},"modified":"2026-02-19T12:22:50","modified_gmt":"2026-02-19T12:22:50","slug":"uber-uns","status":"publish","type":"page","link":"https:\/\/tiger-recruitment.com\/ch-de\/finance\/uber-uns\/","title":{"rendered":"\u00dcber uns &#8211; Finanzen"},"content":{"rendered":"","protected":false},"excerpt":{"rendered":"","protected":false},"author":57471,"featured_media":0,"parent":1207961,"menu_order":30,"comment_status":"closed","ping_status":"closed","template":"page-blank.php","meta":{"_acf_changed":false,"footnotes":""},"class_list":["post-1211470","page","type-page","status-publish","hentry"],"acf":[],"yoast_head":"<!-- This site is optimized with the Yoast SEO plugin v27.1.1 - https:\/\/yoast.com\/product\/yoast-seo-wordpress\/ -->\n<title>\u00dcber Tiger Finance | Personalvermittlung in Z\u00fcrich<\/title>\n<meta name=\"description\" content=\"Entdecken Sie Tiger Finance, die spezialisierte Personalvermittlung, die erstklassige Fachkr\u00e4fte im Finanz- und Rechnungswesen mit f\u00fchrenden Arbeitgebern verbindet.\" \/>\n<meta name=\"robots\" content=\"noindex, follow\" \/>\n<meta property=\"og:locale\" content=\"de_DE\" \/>\n<meta property=\"og:type\" content=\"article\" \/>\n<meta property=\"og:title\" content=\"\u00dcber Tiger Finance | Personalvermittlung in Z\u00fcrich\" \/>\n<meta property=\"og:description\" content=\"Entdecken Sie Tiger Finance, die spezialisierte Personalvermittlung, die erstklassige Fachkr\u00e4fte im Finanz- und Rechnungswesen mit f\u00fchrenden Arbeitgebern verbindet.\" \/>\n<meta property=\"og:url\" content=\"https:\/\/tiger-recruitment.com\/ch-de\/finance\/uber-uns\/\" \/>\n<meta property=\"og:site_name\" content=\"Tiger Recruitment\" \/>\n<meta property=\"article:publisher\" content=\"https:\/\/www.facebook.com\/tigerrecruitment.ltd\/\" \/>\n<meta property=\"article:modified_time\" content=\"2026-02-19T12:22:50+00:00\" \/>\n<meta name=\"twitter:card\" content=\"summary_large_image\" \/>\n<meta name=\"twitter:site\" content=\"@tigerrecruit\" \/>\n<!-- \/ Yoast SEO plugin. -->","yoast_head_json":{"title":"\u00dcber Tiger Finance | Personalvermittlung in Z\u00fcrich","description":"Entdecken Sie Tiger Finance, die spezialisierte Personalvermittlung, die erstklassige Fachkr\u00e4fte im Finanz- und Rechnungswesen mit f\u00fchrenden Arbeitgebern verbindet.","robots":{"index":"noindex","follow":"follow"},"og_locale":"de_DE","og_type":"article","og_title":"\u00dcber Tiger Finance | Personalvermittlung in Z\u00fcrich","og_description":"Entdecken Sie Tiger Finance, die spezialisierte Personalvermittlung, die erstklassige Fachkr\u00e4fte im Finanz- und Rechnungswesen mit f\u00fchrenden Arbeitgebern verbindet.","og_url":"https:\/\/tiger-recruitment.com\/ch-de\/finance\/uber-uns\/","og_site_name":"Tiger Recruitment","article_publisher":"https:\/\/www.facebook.com\/tigerrecruitment.ltd\/","article_modified_time":"2026-02-19T12:22:50+00:00","twitter_card":"summary_large_image","twitter_site":"@tigerrecruit","schema":{"@context":"https:\/\/schema.org","@graph":[]}},"_links":{"self":[{"href":"https:\/\/tiger-recruitment.com\/ch-de\/wp-json\/wp\/v2\/pages\/1211470","targetHints":{"allow":["GET"]}}],"collection":[{"href":"https:\/\/tiger-recruitment.com\/ch-de\/wp-json\/wp\/v2\/pages"}],"about":[{"href":"https:\/\/tiger-recruitment.com\/ch-de\/wp-json\/wp\/v2\/types\/page"}],"author":[{"embeddable":true,"href":"https:\/\/tiger-recruitment.com\/ch-de\/wp-json\/wp\/v2\/users\/57471"}],"replies":[{"embeddable":true,"href":"https:\/\/tiger-recruitment.com\/ch-de\/wp-json\/wp\/v2\/comments?post=1211470"}],"version-history":[{"count":0,"href":"https:\/\/tiger-recruitment.com\/ch-de\/wp-json\/wp\/v2\/pages\/1211470\/revisions"}],"up":[{"embeddable":true,"href":"https:\/\/tiger-recruitment.com\/ch-de\/wp-json\/wp\/v2\/pages\/1207961"}],"wp:attachment":[{"href":"https:\/\/tiger-recruitment.com\/ch-de\/wp-json\/wp\/v2\/media?parent=1211470"}],"curies":[{"name":"wp","href":"https:\/\/api.w.org\/{rel}","templated":true}]}}