{"id":1211416,"date":"2026-02-05T11:19:30","date_gmt":"2026-02-05T11:19:30","guid":{"rendered":"https:\/\/tiger-recruitment.com\/?page_id=1211416"},"modified":"2026-02-18T14:49:34","modified_gmt":"2026-02-18T14:49:34","slug":"eor-standorte","status":"publish","type":"page","link":"https:\/\/tiger-recruitment.com\/ch-de\/employer-of-record\/eor-standorte\/","title":{"rendered":"EOR Standorte"},"content":{"rendered":"","protected":false},"excerpt":{"rendered":"","protected":false},"author":57471,"featured_media":0,"parent":1211530,"menu_order":0,"comment_status":"closed","ping_status":"closed","template":"page-blank.php","meta":{"_acf_changed":false,"footnotes":""},"class_list":["post-1211416","page","type-page","status-publish","hentry"],"acf":[],"yoast_head":"<!-- This site is optimized with the Yoast SEO plugin v27.1.1 - https:\/\/yoast.com\/product\/yoast-seo-wordpress\/ -->\n<title>Dienstleistungen als Employer of Record in der Schweiz | Tiger Recruitment<\/title>\n<meta name=\"description\" content=\"Weltweit mit Vertrauen einstellen dank der EOR-Dienstleistungen von Tiger Recruitment. Von Z\u00fcrich \u00fcber London und Dublin bis nach New York \u00fcbernehmen wir Gehaltsabrechnung, Compliance und Onboarding in wichtigen Regionen und sorgen so f\u00fcr reibungsfreie und regelkonforme Einstellungen an jedem Standort.\" \/>\n<meta name=\"robots\" content=\"index, follow, max-snippet:-1, max-image-preview:large, max-video-preview:-1\" \/>\n<link rel=\"canonical\" href=\"https:\/\/tiger-recruitment.com\/ch-de\/employer-of-record\/eor-standorte\/\" \/>\n<meta property=\"og:locale\" content=\"de_DE\" \/>\n<meta property=\"og:type\" content=\"article\" \/>\n<meta property=\"og:title\" content=\"Dienstleistungen als Employer of Record in der Schweiz | Tiger Recruitment\" \/>\n<meta property=\"og:description\" content=\"Weltweit mit Vertrauen einstellen dank der EOR-Dienstleistungen von Tiger Recruitment. Von Z\u00fcrich \u00fcber London und Dublin bis nach New York \u00fcbernehmen wir Gehaltsabrechnung, Compliance und Onboarding in wichtigen Regionen und sorgen so f\u00fcr reibungsfreie und regelkonforme Einstellungen an jedem Standort.\" \/>\n<meta property=\"og:url\" content=\"https:\/\/tiger-recruitment.com\/ch-de\/employer-of-record\/eor-standorte\/\" \/>\n<meta property=\"og:site_name\" content=\"Tiger Recruitment\" \/>\n<meta property=\"article:publisher\" content=\"https:\/\/www.facebook.com\/tigerrecruitment.ltd\/\" \/>\n<meta property=\"article:modified_time\" content=\"2026-02-18T14:49:34+00:00\" \/>\n<meta name=\"twitter:card\" content=\"summary_large_image\" \/>\n<meta name=\"twitter:site\" content=\"@tigerrecruit\" \/>\n<!-- \/ Yoast SEO plugin. -->","yoast_head_json":{"title":"Dienstleistungen als Employer of Record in der Schweiz | Tiger Recruitment","description":"Weltweit mit Vertrauen einstellen dank der EOR-Dienstleistungen von Tiger Recruitment. Von Z\u00fcrich \u00fcber London und Dublin bis nach New York \u00fcbernehmen wir Gehaltsabrechnung, Compliance und Onboarding in wichtigen Regionen und sorgen so f\u00fcr reibungsfreie und regelkonforme Einstellungen an jedem Standort.","robots":{"index":"index","follow":"follow","max-snippet":"max-snippet:-1","max-image-preview":"max-image-preview:large","max-video-preview":"max-video-preview:-1"},"canonical":"https:\/\/tiger-recruitment.com\/ch-de\/employer-of-record\/eor-standorte\/","og_locale":"de_DE","og_type":"article","og_title":"Dienstleistungen als Employer of Record in der Schweiz | Tiger Recruitment","og_description":"Weltweit mit Vertrauen einstellen dank der EOR-Dienstleistungen von Tiger Recruitment. Von Z\u00fcrich \u00fcber London und Dublin bis nach New York \u00fcbernehmen wir Gehaltsabrechnung, Compliance und Onboarding in wichtigen Regionen und sorgen so f\u00fcr reibungsfreie und regelkonforme Einstellungen an jedem Standort.","og_url":"https:\/\/tiger-recruitment.com\/ch-de\/employer-of-record\/eor-standorte\/","og_site_name":"Tiger Recruitment","article_publisher":"https:\/\/www.facebook.com\/tigerrecruitment.ltd\/","article_modified_time":"2026-02-18T14:49:34+00:00","twitter_card":"summary_large_image","twitter_site":"@tigerrecruit","schema":{"@context":"https:\/\/schema.org","@graph":[]}},"_links":{"self":[{"href":"https:\/\/tiger-recruitment.com\/ch-de\/wp-json\/wp\/v2\/pages\/1211416","targetHints":{"allow":["GET"]}}],"collection":[{"href":"https:\/\/tiger-recruitment.com\/ch-de\/wp-json\/wp\/v2\/pages"}],"about":[{"href":"https:\/\/tiger-recruitment.com\/ch-de\/wp-json\/wp\/v2\/types\/page"}],"author":[{"embeddable":true,"href":"https:\/\/tiger-recruitment.com\/ch-de\/wp-json\/wp\/v2\/users\/57471"}],"replies":[{"embeddable":true,"href":"https:\/\/tiger-recruitment.com\/ch-de\/wp-json\/wp\/v2\/comments?post=1211416"}],"version-history":[{"count":0,"href":"https:\/\/tiger-recruitment.com\/ch-de\/wp-json\/wp\/v2\/pages\/1211416\/revisions"}],"up":[{"embeddable":true,"href":"https:\/\/tiger-recruitment.com\/ch-de\/wp-json\/wp\/v2\/pages\/1211530"}],"wp:attachment":[{"href":"https:\/\/tiger-recruitment.com\/ch-de\/wp-json\/wp\/v2\/media?parent=1211416"}],"curies":[{"name":"wp","href":"https:\/\/api.w.org\/{rel}","templated":true}]}}