{"id":1211396,"date":"2026-02-03T11:33:39","date_gmt":"2026-02-03T11:33:39","guid":{"rendered":"https:\/\/tiger-recruitment.com\/?page_id=1211396"},"modified":"2026-02-18T11:32:22","modified_gmt":"2026-02-18T11:32:22","slug":"uber-uns","status":"publish","type":"page","link":"https:\/\/tiger-recruitment.com\/ch-de\/hr\/uber-uns\/","title":{"rendered":"\u00fcber uns &#8211; HR"},"content":{"rendered":"","protected":false},"excerpt":{"rendered":"","protected":false},"author":57471,"featured_media":0,"parent":1208671,"menu_order":30,"comment_status":"closed","ping_status":"closed","template":"page-blank.php","meta":{"_acf_changed":false,"footnotes":""},"class_list":["post-1211396","page","type-page","status-publish","hentry"],"acf":[],"yoast_head":"<!-- This site is optimized with the Yoast SEO plugin v27.1.1 - https:\/\/yoast.com\/product\/yoast-seo-wordpress\/ -->\n<title>\u00dcber Tiger HR | Personalvermittlungsagentur in der Schweiz<\/title>\n<meta name=\"description\" content=\"Erfahren Sie mehr \u00fcber Tiger HR, die marktf\u00fchrende Personalvermittlungsagentur mit Sitz in Z\u00fcrich.\" \/>\n<meta name=\"robots\" content=\"noindex, follow\" \/>\n<meta property=\"og:locale\" content=\"de_DE\" \/>\n<meta property=\"og:type\" content=\"article\" \/>\n<meta property=\"og:title\" content=\"\u00dcber Tiger HR | Personalvermittlungsagentur in der Schweiz\" \/>\n<meta property=\"og:description\" content=\"Erfahren Sie mehr \u00fcber Tiger HR, die marktf\u00fchrende Personalvermittlungsagentur mit Sitz in Z\u00fcrich.\" \/>\n<meta property=\"og:url\" content=\"https:\/\/tiger-recruitment.com\/ch-de\/hr\/uber-uns\/\" \/>\n<meta property=\"og:site_name\" content=\"Tiger Recruitment\" \/>\n<meta property=\"article:publisher\" content=\"https:\/\/www.facebook.com\/tigerrecruitment.ltd\/\" \/>\n<meta property=\"article:modified_time\" content=\"2026-02-18T11:32:22+00:00\" \/>\n<meta name=\"twitter:card\" content=\"summary_large_image\" \/>\n<meta name=\"twitter:site\" content=\"@tigerrecruit\" \/>\n<!-- \/ Yoast SEO plugin. -->","yoast_head_json":{"title":"\u00dcber Tiger HR | Personalvermittlungsagentur in der Schweiz","description":"Erfahren Sie mehr \u00fcber Tiger HR, die marktf\u00fchrende Personalvermittlungsagentur mit Sitz in Z\u00fcrich.","robots":{"index":"noindex","follow":"follow"},"og_locale":"de_DE","og_type":"article","og_title":"\u00dcber Tiger HR | Personalvermittlungsagentur in der Schweiz","og_description":"Erfahren Sie mehr \u00fcber Tiger HR, die marktf\u00fchrende Personalvermittlungsagentur mit Sitz in Z\u00fcrich.","og_url":"https:\/\/tiger-recruitment.com\/ch-de\/hr\/uber-uns\/","og_site_name":"Tiger Recruitment","article_publisher":"https:\/\/www.facebook.com\/tigerrecruitment.ltd\/","article_modified_time":"2026-02-18T11:32:22+00:00","twitter_card":"summary_large_image","twitter_site":"@tigerrecruit","schema":{"@context":"https:\/\/schema.org","@graph":[]}},"_links":{"self":[{"href":"https:\/\/tiger-recruitment.com\/ch-de\/wp-json\/wp\/v2\/pages\/1211396","targetHints":{"allow":["GET"]}}],"collection":[{"href":"https:\/\/tiger-recruitment.com\/ch-de\/wp-json\/wp\/v2\/pages"}],"about":[{"href":"https:\/\/tiger-recruitment.com\/ch-de\/wp-json\/wp\/v2\/types\/page"}],"author":[{"embeddable":true,"href":"https:\/\/tiger-recruitment.com\/ch-de\/wp-json\/wp\/v2\/users\/57471"}],"replies":[{"embeddable":true,"href":"https:\/\/tiger-recruitment.com\/ch-de\/wp-json\/wp\/v2\/comments?post=1211396"}],"version-history":[{"count":0,"href":"https:\/\/tiger-recruitment.com\/ch-de\/wp-json\/wp\/v2\/pages\/1211396\/revisions"}],"up":[{"embeddable":true,"href":"https:\/\/tiger-recruitment.com\/ch-de\/wp-json\/wp\/v2\/pages\/1208671"}],"wp:attachment":[{"href":"https:\/\/tiger-recruitment.com\/ch-de\/wp-json\/wp\/v2\/media?parent=1211396"}],"curies":[{"name":"wp","href":"https:\/\/api.w.org\/{rel}","templated":true}]}}