{"id":1207961,"date":"2025-03-03T10:48:33","date_gmt":"2025-03-03T10:48:33","guid":{"rendered":"https:\/\/tiger-recruitment.com\/?page_id=1207961"},"modified":"2026-02-20T09:36:07","modified_gmt":"2026-02-20T09:36:07","slug":"finance","status":"publish","type":"page","link":"https:\/\/tiger-recruitment.com\/ch-de\/finance\/","title":{"rendered":"Finance &#8211; Home"},"content":{"rendered":"","protected":false},"excerpt":{"rendered":"<p>Tiger Recruitment is a London recruitment agency that&#8217;s made up of five key divisions: Tiger Business Support, Tiger Private, Tiger HR, \u00a0Tiger Hospitality and Tiger Technology. While each of these areas focuses on matching exceptional support staff to our clients, each caters to a unique sector. We prefer to tailor our approach to each individual requirement, ensuring the employers\u2019 values are reflected in each candidate we put forward for a role.<br \/>\nThis is what makes Tiger Fiercely Distinctive.<\/p>\n","protected":false},"author":100621,"featured_media":0,"parent":0,"menu_order":30,"comment_status":"closed","ping_status":"closed","template":"page-blank.php","meta":{"_acf_changed":false,"footnotes":""},"class_list":["post-1207961","page","type-page","status-publish","hentry"],"acf":[],"yoast_head":"<!-- This site is optimized with the Yoast SEO plugin v27.1.1 - https:\/\/yoast.com\/product\/yoast-seo-wordpress\/ -->\n<title>Finanzrekrutierung | Jobs &amp; Einstellungsl\u00f6sungen | Tiger Finance<\/title>\n<meta name=\"description\" content=\"Sie suchen Top-Talente im Finanzwesen oder Ihren n\u00e4chsten Job? Tiger Finance bringt Arbeitgeber mit qualifizierten Finanz- und Buchhaltungsfachkr\u00e4ften zusammen. Starten Sie noch heute Ihre Suche!\" \/>\n<meta name=\"robots\" content=\"index, follow, max-snippet:-1, max-image-preview:large, max-video-preview:-1\" \/>\n<link rel=\"canonical\" href=\"https:\/\/tiger-recruitment.com\/ch-de\/finance\/\" \/>\n<meta property=\"og:locale\" content=\"de_DE\" \/>\n<meta property=\"og:type\" content=\"article\" \/>\n<meta property=\"og:title\" content=\"Finanzrekrutierung | Jobs &amp; Einstellungsl\u00f6sungen | Tiger Finance\" \/>\n<meta property=\"og:description\" content=\"Sie suchen Top-Talente im Finanzwesen oder Ihren n\u00e4chsten Job? Tiger Finance bringt Arbeitgeber mit qualifizierten Finanz- und Buchhaltungsfachkr\u00e4ften zusammen. Starten Sie noch heute Ihre Suche!\" \/>\n<meta property=\"og:url\" content=\"https:\/\/tiger-recruitment.com\/ch-de\/finance\/\" \/>\n<meta property=\"og:site_name\" content=\"Tiger Recruitment\" \/>\n<meta property=\"article:publisher\" content=\"https:\/\/www.facebook.com\/tigerrecruitment.ltd\/\" \/>\n<meta property=\"article:modified_time\" content=\"2026-02-20T09:36:07+00:00\" \/>\n<meta name=\"twitter:card\" content=\"summary_large_image\" \/>\n<meta name=\"twitter:site\" content=\"@tigerrecruit\" \/>\n<!-- \/ Yoast SEO plugin. -->","yoast_head_json":{"title":"Finanzrekrutierung | Jobs & Einstellungsl\u00f6sungen | Tiger Finance","description":"Sie suchen Top-Talente im Finanzwesen oder Ihren n\u00e4chsten Job? Tiger Finance bringt Arbeitgeber mit qualifizierten Finanz- und Buchhaltungsfachkr\u00e4ften zusammen. Starten Sie noch heute Ihre Suche!","robots":{"index":"index","follow":"follow","max-snippet":"max-snippet:-1","max-image-preview":"max-image-preview:large","max-video-preview":"max-video-preview:-1"},"canonical":"https:\/\/tiger-recruitment.com\/ch-de\/finance\/","og_locale":"de_DE","og_type":"article","og_title":"Finanzrekrutierung | Jobs & Einstellungsl\u00f6sungen | Tiger Finance","og_description":"Sie suchen Top-Talente im Finanzwesen oder Ihren n\u00e4chsten Job? Tiger Finance bringt Arbeitgeber mit qualifizierten Finanz- und Buchhaltungsfachkr\u00e4ften zusammen. Starten Sie noch heute Ihre Suche!","og_url":"https:\/\/tiger-recruitment.com\/ch-de\/finance\/","og_site_name":"Tiger Recruitment","article_publisher":"https:\/\/www.facebook.com\/tigerrecruitment.ltd\/","article_modified_time":"2026-02-20T09:36:07+00:00","twitter_card":"summary_large_image","twitter_site":"@tigerrecruit","schema":{"@context":"https:\/\/schema.org","@graph":[]}},"_links":{"self":[{"href":"https:\/\/tiger-recruitment.com\/ch-de\/wp-json\/wp\/v2\/pages\/1207961","targetHints":{"allow":["GET"]}}],"collection":[{"href":"https:\/\/tiger-recruitment.com\/ch-de\/wp-json\/wp\/v2\/pages"}],"about":[{"href":"https:\/\/tiger-recruitment.com\/ch-de\/wp-json\/wp\/v2\/types\/page"}],"author":[{"embeddable":true,"href":"https:\/\/tiger-recruitment.com\/ch-de\/wp-json\/wp\/v2\/users\/100621"}],"replies":[{"embeddable":true,"href":"https:\/\/tiger-recruitment.com\/ch-de\/wp-json\/wp\/v2\/comments?post=1207961"}],"version-history":[{"count":0,"href":"https:\/\/tiger-recruitment.com\/ch-de\/wp-json\/wp\/v2\/pages\/1207961\/revisions"}],"wp:attachment":[{"href":"https:\/\/tiger-recruitment.com\/ch-de\/wp-json\/wp\/v2\/media?parent=1207961"}],"curies":[{"name":"wp","href":"https:\/\/api.w.org\/{rel}","templated":true}]}}