{"id":1099719,"date":"2023-01-10T12:08:51","date_gmt":"2023-01-10T12:08:51","guid":{"rendered":"http:\/\/tiger-recruitment.com\/auf-der-suche-nach-einem-job\/finanzen-und-accounting\/banking-operations\/"},"modified":"2025-07-01T17:07:11","modified_gmt":"2025-07-01T16:07:11","slug":"bankgeschafte","status":"publish","type":"page","link":"https:\/\/tiger-recruitment.com\/ch-de\/auf-der-suche-nach-einem-job\/finanzen-und-accounting\/bankgeschafte\/","title":{"rendered":"Bankgesch\u00e4fte"},"content":{"rendered":"","protected":false},"excerpt":{"rendered":"","protected":false},"author":57471,"featured_media":0,"parent":1035805,"menu_order":0,"comment_status":"closed","ping_status":"closed","template":"page-blank.php","meta":{"_acf_changed":false,"footnotes":""},"class_list":["post-1099719","page","type-page","status-publish","hentry"],"acf":[],"yoast_head":"<!-- This site is optimized with the Yoast SEO plugin v27.1.1 - https:\/\/yoast.com\/product\/yoast-seo-wordpress\/ -->\n<title>Bankjobs Z\u00fcrich | Bankjobs | Tiger<\/title>\n<meta name=\"description\" content=\"Sie suchen einen Bankjob? Finden Sie Bankjobs in Z\u00fcrich, der Schweiz und dar\u00fcber hinaus. Registrieren Sie sich noch heute bei Tiger und beginnen Sie Ihre Suche.\" \/>\n<meta name=\"robots\" content=\"index, follow, max-snippet:-1, max-image-preview:large, max-video-preview:-1\" \/>\n<link rel=\"canonical\" href=\"https:\/\/tiger-recruitment.com\/ch-de\/auf-der-suche-nach-einem-job\/finanzen-und-accounting\/bankgeschafte\/\" \/>\n<meta property=\"og:locale\" content=\"de_DE\" \/>\n<meta property=\"og:type\" content=\"article\" \/>\n<meta property=\"og:title\" content=\"Bankjobs Z\u00fcrich | Bankjobs | Tiger\" \/>\n<meta property=\"og:description\" content=\"Sie suchen einen Bankjob? Finden Sie Bankjobs in Z\u00fcrich, der Schweiz und dar\u00fcber hinaus. Registrieren Sie sich noch heute bei Tiger und beginnen Sie Ihre Suche.\" \/>\n<meta property=\"og:url\" content=\"https:\/\/tiger-recruitment.com\/ch-de\/auf-der-suche-nach-einem-job\/finanzen-und-accounting\/bankgeschafte\/\" \/>\n<meta property=\"og:site_name\" content=\"Tiger Recruitment\" \/>\n<meta property=\"article:publisher\" content=\"https:\/\/www.facebook.com\/tigerrecruitment.ltd\/\" \/>\n<meta property=\"article:modified_time\" content=\"2025-07-01T16:07:11+00:00\" \/>\n<meta name=\"twitter:card\" content=\"summary_large_image\" \/>\n<meta name=\"twitter:site\" content=\"@tigerrecruit\" \/>\n<!-- \/ Yoast SEO plugin. -->","yoast_head_json":{"title":"Bankjobs Z\u00fcrich | Bankjobs | Tiger","description":"Sie suchen einen Bankjob? Finden Sie Bankjobs in Z\u00fcrich, der Schweiz und dar\u00fcber hinaus. Registrieren Sie sich noch heute bei Tiger und beginnen Sie Ihre Suche.","robots":{"index":"index","follow":"follow","max-snippet":"max-snippet:-1","max-image-preview":"max-image-preview:large","max-video-preview":"max-video-preview:-1"},"canonical":"https:\/\/tiger-recruitment.com\/ch-de\/auf-der-suche-nach-einem-job\/finanzen-und-accounting\/bankgeschafte\/","og_locale":"de_DE","og_type":"article","og_title":"Bankjobs Z\u00fcrich | Bankjobs | Tiger","og_description":"Sie suchen einen Bankjob? Finden Sie Bankjobs in Z\u00fcrich, der Schweiz und dar\u00fcber hinaus. Registrieren Sie sich noch heute bei Tiger und beginnen Sie Ihre Suche.","og_url":"https:\/\/tiger-recruitment.com\/ch-de\/auf-der-suche-nach-einem-job\/finanzen-und-accounting\/bankgeschafte\/","og_site_name":"Tiger Recruitment","article_publisher":"https:\/\/www.facebook.com\/tigerrecruitment.ltd\/","article_modified_time":"2025-07-01T16:07:11+00:00","twitter_card":"summary_large_image","twitter_site":"@tigerrecruit","schema":{"@context":"https:\/\/schema.org","@graph":[]}},"_links":{"self":[{"href":"https:\/\/tiger-recruitment.com\/ch-de\/wp-json\/wp\/v2\/pages\/1099719","targetHints":{"allow":["GET"]}}],"collection":[{"href":"https:\/\/tiger-recruitment.com\/ch-de\/wp-json\/wp\/v2\/pages"}],"about":[{"href":"https:\/\/tiger-recruitment.com\/ch-de\/wp-json\/wp\/v2\/types\/page"}],"author":[{"embeddable":true,"href":"https:\/\/tiger-recruitment.com\/ch-de\/wp-json\/wp\/v2\/users\/57471"}],"replies":[{"embeddable":true,"href":"https:\/\/tiger-recruitment.com\/ch-de\/wp-json\/wp\/v2\/comments?post=1099719"}],"version-history":[{"count":0,"href":"https:\/\/tiger-recruitment.com\/ch-de\/wp-json\/wp\/v2\/pages\/1099719\/revisions"}],"up":[{"embeddable":true,"href":"https:\/\/tiger-recruitment.com\/ch-de\/wp-json\/wp\/v2\/pages\/1035805"}],"wp:attachment":[{"href":"https:\/\/tiger-recruitment.com\/ch-de\/wp-json\/wp\/v2\/media?parent=1099719"}],"curies":[{"name":"wp","href":"https:\/\/api.w.org\/{rel}","templated":true}]}}