{"id":1052127,"date":"2018-07-16T17:43:58","date_gmt":"2018-07-16T16:43:58","guid":{"rendered":"http:\/\/tiger-recruitment.com\/auf-der-suche-nach-rekruten\/privat\/temporary\/"},"modified":"2023-09-12T13:12:08","modified_gmt":"2023-09-12T12:12:08","slug":"zeitarbeit","status":"publish","type":"page","link":"https:\/\/tiger-recruitment.com\/ch-de\/auf-der-suche-nach-rekruten\/privat\/zeitarbeit\/","title":{"rendered":"zeitarbeit"},"content":{"rendered":"","protected":false},"excerpt":{"rendered":"<p>As a specialist private household recruitment agency, Tiger Private\u2019s expert consultants are well-versed in filling temporary jobs with outstanding candidates on tight deadlines.<br \/>\nWhether it\u2019s a holiday nanny, a personal chef for a night or extended seasonal private household staff, our private temporary division can help with all your family office or private household employee requirements.<br \/>\nGet in touch by calling +44 207 917 1803 or emailing Ruth today.<\/p>\n","protected":false},"author":2,"featured_media":0,"parent":1036091,"menu_order":0,"comment_status":"closed","ping_status":"closed","template":"page-blank.php","meta":{"_acf_changed":false,"footnotes":""},"class_list":["post-1052127","page","type-page","status-publish","hentry"],"acf":[],"yoast_head":"<!-- This site is optimized with the Yoast SEO plugin v27.1.1 - https:\/\/yoast.com\/product\/yoast-seo-wordpress\/ -->\n<title>Privater Personalvermittler, spezialisiert auf die Einstellung von Saisonarbeitern | Z\u00fcrich<\/title>\n<meta name=\"description\" content=\"Wenn Sie Zeitarbeitskr\u00e4fte f\u00fcr einen Privathaushalt oder ein Family Office einstellen m\u00f6chten, k\u00f6nnen wir Kandidaten f\u00fcr eine Reihe von kurz- und langfristigen Arbeitsverh\u00e4ltnissen finden.\" \/>\n<meta name=\"robots\" content=\"index, follow, max-snippet:-1, max-image-preview:large, max-video-preview:-1\" \/>\n<link rel=\"canonical\" href=\"https:\/\/tiger-recruitment.com\/ch-de\/auf-der-suche-nach-rekruten\/privat\/zeitarbeit\/\" \/>\n<meta property=\"og:locale\" content=\"de_DE\" \/>\n<meta property=\"og:type\" content=\"article\" \/>\n<meta property=\"og:title\" content=\"Privater Personalvermittler, spezialisiert auf die Einstellung von Saisonarbeitern | Z\u00fcrich\" \/>\n<meta property=\"og:description\" content=\"Wenn Sie Zeitarbeitskr\u00e4fte f\u00fcr einen Privathaushalt oder ein Family Office einstellen m\u00f6chten, k\u00f6nnen wir Kandidaten f\u00fcr eine Reihe von kurz- und langfristigen Arbeitsverh\u00e4ltnissen finden.\" \/>\n<meta property=\"og:url\" content=\"https:\/\/tiger-recruitment.com\/ch-de\/auf-der-suche-nach-rekruten\/privat\/zeitarbeit\/\" \/>\n<meta property=\"og:site_name\" content=\"Tiger Recruitment\" \/>\n<meta property=\"article:publisher\" content=\"https:\/\/www.facebook.com\/tigerrecruitment.ltd\/\" \/>\n<meta property=\"article:modified_time\" content=\"2023-09-12T12:12:08+00:00\" \/>\n<meta name=\"twitter:card\" content=\"summary_large_image\" \/>\n<meta name=\"twitter:site\" content=\"@tigerrecruit\" \/>\n<!-- \/ Yoast SEO plugin. -->","yoast_head_json":{"title":"Privater Personalvermittler, spezialisiert auf die Einstellung von Saisonarbeitern | Z\u00fcrich","description":"Wenn Sie Zeitarbeitskr\u00e4fte f\u00fcr einen Privathaushalt oder ein Family Office einstellen m\u00f6chten, k\u00f6nnen wir Kandidaten f\u00fcr eine Reihe von kurz- und langfristigen Arbeitsverh\u00e4ltnissen finden.","robots":{"index":"index","follow":"follow","max-snippet":"max-snippet:-1","max-image-preview":"max-image-preview:large","max-video-preview":"max-video-preview:-1"},"canonical":"https:\/\/tiger-recruitment.com\/ch-de\/auf-der-suche-nach-rekruten\/privat\/zeitarbeit\/","og_locale":"de_DE","og_type":"article","og_title":"Privater Personalvermittler, spezialisiert auf die Einstellung von Saisonarbeitern | Z\u00fcrich","og_description":"Wenn Sie Zeitarbeitskr\u00e4fte f\u00fcr einen Privathaushalt oder ein Family Office einstellen m\u00f6chten, k\u00f6nnen wir Kandidaten f\u00fcr eine Reihe von kurz- und langfristigen Arbeitsverh\u00e4ltnissen finden.","og_url":"https:\/\/tiger-recruitment.com\/ch-de\/auf-der-suche-nach-rekruten\/privat\/zeitarbeit\/","og_site_name":"Tiger Recruitment","article_publisher":"https:\/\/www.facebook.com\/tigerrecruitment.ltd\/","article_modified_time":"2023-09-12T12:12:08+00:00","twitter_card":"summary_large_image","twitter_site":"@tigerrecruit","schema":{"@context":"https:\/\/schema.org","@graph":[]}},"_links":{"self":[{"href":"https:\/\/tiger-recruitment.com\/ch-de\/wp-json\/wp\/v2\/pages\/1052127","targetHints":{"allow":["GET"]}}],"collection":[{"href":"https:\/\/tiger-recruitment.com\/ch-de\/wp-json\/wp\/v2\/pages"}],"about":[{"href":"https:\/\/tiger-recruitment.com\/ch-de\/wp-json\/wp\/v2\/types\/page"}],"author":[{"embeddable":true,"href":"https:\/\/tiger-recruitment.com\/ch-de\/wp-json\/wp\/v2\/users\/2"}],"replies":[{"embeddable":true,"href":"https:\/\/tiger-recruitment.com\/ch-de\/wp-json\/wp\/v2\/comments?post=1052127"}],"version-history":[{"count":0,"href":"https:\/\/tiger-recruitment.com\/ch-de\/wp-json\/wp\/v2\/pages\/1052127\/revisions"}],"up":[{"embeddable":true,"href":"https:\/\/tiger-recruitment.com\/ch-de\/wp-json\/wp\/v2\/pages\/1036091"}],"wp:attachment":[{"href":"https:\/\/tiger-recruitment.com\/ch-de\/wp-json\/wp\/v2\/media?parent=1052127"}],"curies":[{"name":"wp","href":"https:\/\/api.w.org\/{rel}","templated":true}]}}