{"id":1052083,"date":"2018-05-25T09:18:50","date_gmt":"2018-05-25T08:18:50","guid":{"rendered":"http:\/\/tiger-recruitment.com\/auf-der-suche-nach-einem-job\/privat\/temporary\/"},"modified":"2025-07-04T10:00:30","modified_gmt":"2025-07-04T09:00:30","slug":"zeitarbeit","status":"publish","type":"page","link":"https:\/\/tiger-recruitment.com\/ch-de\/auf-der-suche-nach-einem-job\/privat\/zeitarbeit\/","title":{"rendered":"Zeitarbeit"},"content":{"rendered":"","protected":false},"excerpt":{"rendered":"<p>Tiger Private\u2019s temporary employment division recruits for family offices, private households and UHNWI, not just in in London, but throughout the rest of the UK and beyond. Our department also hires staff for villas, chalets, jets or shore-based roles for ex-yacht crew.<br \/>\nHaving all worked as private PAs, chiefs of staff and lifestyle managers in the past, the expert team of consultants has a proven track record of satisfying private staffing requirements with outstanding domestic staff and private PAs in London and beyond.<br \/>\nClick here if you\u2019re looking to hire domestic staff or a private PA.<\/p>\n","protected":false},"author":4,"featured_media":0,"parent":1035857,"menu_order":0,"comment_status":"closed","ping_status":"closed","template":"page-blank.php","meta":{"_acf_changed":false,"footnotes":""},"class_list":["post-1052083","page","type-page","status-publish","hentry"],"acf":[],"yoast_head":"<!-- This site is optimized with the Yoast SEO plugin v27.1.1 - https:\/\/yoast.com\/product\/yoast-seo-wordpress\/ -->\n<title>Private Zeitarbeit und saisonale Besch\u00e4ftigung | Z\u00fcrich<\/title>\n<meta name=\"description\" content=\"Wenn Sie auf der Suche nach einer Zeitarbeitsstelle f\u00fcr einen UHNWI oder einen Privathaushalt sind, kann Ihnen die Zeitarbeitsabteilung von Tiger Private helfen, den perfekten Job zu finden.\" \/>\n<meta name=\"robots\" content=\"index, follow, max-snippet:-1, max-image-preview:large, max-video-preview:-1\" \/>\n<link rel=\"canonical\" href=\"https:\/\/tiger-recruitment.com\/ch-de\/auf-der-suche-nach-einem-job\/privat\/zeitarbeit\/\" \/>\n<meta property=\"og:locale\" content=\"de_DE\" \/>\n<meta property=\"og:type\" content=\"article\" \/>\n<meta property=\"og:title\" content=\"Private Zeitarbeit und saisonale Besch\u00e4ftigung | Z\u00fcrich\" \/>\n<meta property=\"og:description\" content=\"Wenn Sie auf der Suche nach einer Zeitarbeitsstelle f\u00fcr einen UHNWI oder einen Privathaushalt sind, kann Ihnen die Zeitarbeitsabteilung von Tiger Private helfen, den perfekten Job zu finden.\" \/>\n<meta property=\"og:url\" content=\"https:\/\/tiger-recruitment.com\/ch-de\/auf-der-suche-nach-einem-job\/privat\/zeitarbeit\/\" \/>\n<meta property=\"og:site_name\" content=\"Tiger Recruitment\" \/>\n<meta property=\"article:publisher\" content=\"https:\/\/www.facebook.com\/tigerrecruitment.ltd\/\" \/>\n<meta property=\"article:modified_time\" content=\"2025-07-04T09:00:30+00:00\" \/>\n<meta name=\"twitter:card\" content=\"summary_large_image\" \/>\n<meta name=\"twitter:site\" content=\"@tigerrecruit\" \/>\n<!-- \/ Yoast SEO plugin. -->","yoast_head_json":{"title":"Private Zeitarbeit und saisonale Besch\u00e4ftigung | Z\u00fcrich","description":"Wenn Sie auf der Suche nach einer Zeitarbeitsstelle f\u00fcr einen UHNWI oder einen Privathaushalt sind, kann Ihnen die Zeitarbeitsabteilung von Tiger Private helfen, den perfekten Job zu finden.","robots":{"index":"index","follow":"follow","max-snippet":"max-snippet:-1","max-image-preview":"max-image-preview:large","max-video-preview":"max-video-preview:-1"},"canonical":"https:\/\/tiger-recruitment.com\/ch-de\/auf-der-suche-nach-einem-job\/privat\/zeitarbeit\/","og_locale":"de_DE","og_type":"article","og_title":"Private Zeitarbeit und saisonale Besch\u00e4ftigung | Z\u00fcrich","og_description":"Wenn Sie auf der Suche nach einer Zeitarbeitsstelle f\u00fcr einen UHNWI oder einen Privathaushalt sind, kann Ihnen die Zeitarbeitsabteilung von Tiger Private helfen, den perfekten Job zu finden.","og_url":"https:\/\/tiger-recruitment.com\/ch-de\/auf-der-suche-nach-einem-job\/privat\/zeitarbeit\/","og_site_name":"Tiger Recruitment","article_publisher":"https:\/\/www.facebook.com\/tigerrecruitment.ltd\/","article_modified_time":"2025-07-04T09:00:30+00:00","twitter_card":"summary_large_image","twitter_site":"@tigerrecruit","schema":{"@context":"https:\/\/schema.org","@graph":[]}},"_links":{"self":[{"href":"https:\/\/tiger-recruitment.com\/ch-de\/wp-json\/wp\/v2\/pages\/1052083","targetHints":{"allow":["GET"]}}],"collection":[{"href":"https:\/\/tiger-recruitment.com\/ch-de\/wp-json\/wp\/v2\/pages"}],"about":[{"href":"https:\/\/tiger-recruitment.com\/ch-de\/wp-json\/wp\/v2\/types\/page"}],"author":[{"embeddable":true,"href":"https:\/\/tiger-recruitment.com\/ch-de\/wp-json\/wp\/v2\/users\/4"}],"replies":[{"embeddable":true,"href":"https:\/\/tiger-recruitment.com\/ch-de\/wp-json\/wp\/v2\/comments?post=1052083"}],"version-history":[{"count":0,"href":"https:\/\/tiger-recruitment.com\/ch-de\/wp-json\/wp\/v2\/pages\/1052083\/revisions"}],"up":[{"embeddable":true,"href":"https:\/\/tiger-recruitment.com\/ch-de\/wp-json\/wp\/v2\/pages\/1035857"}],"wp:attachment":[{"href":"https:\/\/tiger-recruitment.com\/ch-de\/wp-json\/wp\/v2\/media?parent=1052083"}],"curies":[{"name":"wp","href":"https:\/\/api.w.org\/{rel}","templated":true}]}}