{"id":1052074,"date":"2018-05-25T09:35:16","date_gmt":"2018-05-25T08:35:16","guid":{"rendered":"http:\/\/tiger-recruitment.com\/auf-der-suche-nach-einem-job\/privat\/permanent\/"},"modified":"2025-07-01T17:11:41","modified_gmt":"2025-07-01T16:11:41","slug":"festanstellung","status":"publish","type":"page","link":"https:\/\/tiger-recruitment.com\/ch-de\/auf-der-suche-nach-einem-job\/privat\/festanstellung\/","title":{"rendered":"Festanstellung"},"content":{"rendered":"","protected":false},"excerpt":{"rendered":"<p>As a dedicated private staff agency, Tiger Private is made up of a team of consultants who specialise exclusively in finding you your perfect role in a private household or family office. Whether it be a private PA to HNWI, PA to a celebrity, lifestyle PA, butler, house manager, or housekeeper in London and beyond, our expert team can match your talents to your employers of choice.<br \/>\nWe can guide you with your job hunt, assisting with the search for your next private permanent job by providing exposure to a wide range of domestic service jobs, private personal assistant jobs and celebrity PA jobs in London and further afield. We often have both full-time and part-time jobs available.<br \/>\nHaving all worked as private PAs, chiefs of staff and lifestyle managers previously, each consultant has a strong understanding of private household job requirements and private PA working environments.<\/p>\n","protected":false},"author":4,"featured_media":0,"parent":1035857,"menu_order":0,"comment_status":"closed","ping_status":"closed","template":"page-blank.php","meta":{"_acf_changed":false,"footnotes":""},"class_list":["post-1052074","page","type-page","status-publish","hentry"],"acf":[],"yoast_head":"<!-- This site is optimized with the Yoast SEO plugin v27.1.1 - https:\/\/yoast.com\/product\/yoast-seo-wordpress\/ -->\n<title>Festanstellungen in Privathaushalt und Family Office | Z\u00fcrich<\/title>\n<meta name=\"description\" content=\"Wenn Sie eine Festanstellung in einem Privathaushalt suchen, kann Ihnen die Abteilung f\u00fcr Festanstellungen von Tiger Private bei der Besetzung von Stellen als Privat-PA bis hin zu Jobs als Haush\u00e4lterin helfen\" \/>\n<meta name=\"robots\" content=\"index, follow, max-snippet:-1, max-image-preview:large, max-video-preview:-1\" \/>\n<link rel=\"canonical\" href=\"https:\/\/tiger-recruitment.com\/ch-de\/auf-der-suche-nach-einem-job\/privat\/festanstellung\/\" \/>\n<meta property=\"og:locale\" content=\"de_DE\" \/>\n<meta property=\"og:type\" content=\"article\" \/>\n<meta property=\"og:title\" content=\"Festanstellungen in Privathaushalt und Family Office | Z\u00fcrich\" \/>\n<meta property=\"og:description\" content=\"Wenn Sie eine Festanstellung in einem Privathaushalt suchen, kann Ihnen die Abteilung f\u00fcr Festanstellungen von Tiger Private bei der Besetzung von Stellen als Privat-PA bis hin zu Jobs als Haush\u00e4lterin helfen\" \/>\n<meta property=\"og:url\" content=\"https:\/\/tiger-recruitment.com\/ch-de\/auf-der-suche-nach-einem-job\/privat\/festanstellung\/\" \/>\n<meta property=\"og:site_name\" content=\"Tiger Recruitment\" \/>\n<meta property=\"article:publisher\" content=\"https:\/\/www.facebook.com\/tigerrecruitment.ltd\/\" \/>\n<meta property=\"article:modified_time\" content=\"2025-07-01T16:11:41+00:00\" \/>\n<meta name=\"twitter:card\" content=\"summary_large_image\" \/>\n<meta name=\"twitter:site\" content=\"@tigerrecruit\" \/>\n<!-- \/ Yoast SEO plugin. -->","yoast_head_json":{"title":"Festanstellungen in Privathaushalt und Family Office | Z\u00fcrich","description":"Wenn Sie eine Festanstellung in einem Privathaushalt suchen, kann Ihnen die Abteilung f\u00fcr Festanstellungen von Tiger Private bei der Besetzung von Stellen als Privat-PA bis hin zu Jobs als Haush\u00e4lterin helfen","robots":{"index":"index","follow":"follow","max-snippet":"max-snippet:-1","max-image-preview":"max-image-preview:large","max-video-preview":"max-video-preview:-1"},"canonical":"https:\/\/tiger-recruitment.com\/ch-de\/auf-der-suche-nach-einem-job\/privat\/festanstellung\/","og_locale":"de_DE","og_type":"article","og_title":"Festanstellungen in Privathaushalt und Family Office | Z\u00fcrich","og_description":"Wenn Sie eine Festanstellung in einem Privathaushalt suchen, kann Ihnen die Abteilung f\u00fcr Festanstellungen von Tiger Private bei der Besetzung von Stellen als Privat-PA bis hin zu Jobs als Haush\u00e4lterin helfen","og_url":"https:\/\/tiger-recruitment.com\/ch-de\/auf-der-suche-nach-einem-job\/privat\/festanstellung\/","og_site_name":"Tiger Recruitment","article_publisher":"https:\/\/www.facebook.com\/tigerrecruitment.ltd\/","article_modified_time":"2025-07-01T16:11:41+00:00","twitter_card":"summary_large_image","twitter_site":"@tigerrecruit","schema":{"@context":"https:\/\/schema.org","@graph":[]}},"_links":{"self":[{"href":"https:\/\/tiger-recruitment.com\/ch-de\/wp-json\/wp\/v2\/pages\/1052074","targetHints":{"allow":["GET"]}}],"collection":[{"href":"https:\/\/tiger-recruitment.com\/ch-de\/wp-json\/wp\/v2\/pages"}],"about":[{"href":"https:\/\/tiger-recruitment.com\/ch-de\/wp-json\/wp\/v2\/types\/page"}],"author":[{"embeddable":true,"href":"https:\/\/tiger-recruitment.com\/ch-de\/wp-json\/wp\/v2\/users\/4"}],"replies":[{"embeddable":true,"href":"https:\/\/tiger-recruitment.com\/ch-de\/wp-json\/wp\/v2\/comments?post=1052074"}],"version-history":[{"count":0,"href":"https:\/\/tiger-recruitment.com\/ch-de\/wp-json\/wp\/v2\/pages\/1052074\/revisions"}],"up":[{"embeddable":true,"href":"https:\/\/tiger-recruitment.com\/ch-de\/wp-json\/wp\/v2\/pages\/1035857"}],"wp:attachment":[{"href":"https:\/\/tiger-recruitment.com\/ch-de\/wp-json\/wp\/v2\/media?parent=1052074"}],"curies":[{"name":"wp","href":"https:\/\/api.w.org\/{rel}","templated":true}]}}