{"id":1036119,"date":"2018-01-08T05:11:02","date_gmt":"2018-01-08T05:11:02","guid":{"rendered":"http:\/\/tiger-recruitment.com\/about-us\/"},"modified":"2026-03-18T17:24:20","modified_gmt":"2026-03-18T17:24:20","slug":"uber-uns","status":"publish","type":"page","link":"https:\/\/tiger-recruitment.com\/ch-de\/uber-uns\/","title":{"rendered":"\u00dcber uns"},"content":{"rendered":"","protected":false},"excerpt":{"rendered":"<p>Tiger Recruitment is a London recruitment agency that&#8217;s made up of five key divisions: Tiger Business Support, Tiger Private, Tiger HR, \u00a0Tiger Hospitality and Tiger Technology. While each of these areas focuses on matching exceptional support staff to our clients, each caters to a unique sector. We prefer to tailor our approach to each individual requirement, ensuring the employers\u2019 values are reflected in each candidate we put forward for a role.<br \/>\nThis is what makes Tiger Fiercely Distinctive.<\/p>\n","protected":false},"author":5,"featured_media":0,"parent":0,"menu_order":30,"comment_status":"closed","ping_status":"closed","template":"page-blank.php","meta":{"_acf_changed":false,"footnotes":""},"class_list":["post-1036119","page","type-page","status-publish","hentry"],"acf":[],"yoast_head":"<!-- This site is optimized with the Yoast SEO plugin v27.1.1 - https:\/\/yoast.com\/product\/yoast-seo-wordpress\/ -->\n<title>\u00dcber Tiger Recruitment \u2502Personalvermittler in Z\u00fcrich<\/title>\n<meta name=\"description\" content=\"Erfahren Sie mehr \u00fcber das Team von Tiger Recruitment, dem marktf\u00fchrenden PA- und Assistenzvermittler mit Hauptsitz in Z\u00fcrich\" \/>\n<meta name=\"robots\" content=\"index, follow, max-snippet:-1, max-image-preview:large, max-video-preview:-1\" \/>\n<link rel=\"canonical\" href=\"https:\/\/tiger-recruitment.com\/ch-de\/uber-uns\/\" \/>\n<meta property=\"og:locale\" content=\"de_DE\" \/>\n<meta property=\"og:type\" content=\"article\" \/>\n<meta property=\"og:title\" content=\"\u00dcber Tiger Recruitment \u2502Personalvermittler in Z\u00fcrich\" \/>\n<meta property=\"og:description\" content=\"Erfahren Sie mehr \u00fcber das Team von Tiger Recruitment, dem marktf\u00fchrenden PA- und Assistenzvermittler mit Hauptsitz in Z\u00fcrich\" \/>\n<meta property=\"og:url\" content=\"https:\/\/tiger-recruitment.com\/ch-de\/uber-uns\/\" \/>\n<meta property=\"og:site_name\" content=\"Tiger Recruitment\" \/>\n<meta property=\"article:publisher\" content=\"https:\/\/www.facebook.com\/tigerrecruitment.ltd\/\" \/>\n<meta property=\"article:modified_time\" content=\"2026-03-18T17:24:20+00:00\" \/>\n<meta name=\"twitter:card\" content=\"summary_large_image\" \/>\n<meta name=\"twitter:site\" content=\"@tigerrecruit\" \/>\n<!-- \/ Yoast SEO plugin. -->","yoast_head_json":{"title":"\u00dcber Tiger Recruitment \u2502Personalvermittler in Z\u00fcrich","description":"Erfahren Sie mehr \u00fcber das Team von Tiger Recruitment, dem marktf\u00fchrenden PA- und Assistenzvermittler mit Hauptsitz in Z\u00fcrich","robots":{"index":"index","follow":"follow","max-snippet":"max-snippet:-1","max-image-preview":"max-image-preview:large","max-video-preview":"max-video-preview:-1"},"canonical":"https:\/\/tiger-recruitment.com\/ch-de\/uber-uns\/","og_locale":"de_DE","og_type":"article","og_title":"\u00dcber Tiger Recruitment \u2502Personalvermittler in Z\u00fcrich","og_description":"Erfahren Sie mehr \u00fcber das Team von Tiger Recruitment, dem marktf\u00fchrenden PA- und Assistenzvermittler mit Hauptsitz in Z\u00fcrich","og_url":"https:\/\/tiger-recruitment.com\/ch-de\/uber-uns\/","og_site_name":"Tiger Recruitment","article_publisher":"https:\/\/www.facebook.com\/tigerrecruitment.ltd\/","article_modified_time":"2026-03-18T17:24:20+00:00","twitter_card":"summary_large_image","twitter_site":"@tigerrecruit","schema":{"@context":"https:\/\/schema.org","@graph":[]}},"_links":{"self":[{"href":"https:\/\/tiger-recruitment.com\/ch-de\/wp-json\/wp\/v2\/pages\/1036119","targetHints":{"allow":["GET"]}}],"collection":[{"href":"https:\/\/tiger-recruitment.com\/ch-de\/wp-json\/wp\/v2\/pages"}],"about":[{"href":"https:\/\/tiger-recruitment.com\/ch-de\/wp-json\/wp\/v2\/types\/page"}],"author":[{"embeddable":true,"href":"https:\/\/tiger-recruitment.com\/ch-de\/wp-json\/wp\/v2\/users\/5"}],"replies":[{"embeddable":true,"href":"https:\/\/tiger-recruitment.com\/ch-de\/wp-json\/wp\/v2\/comments?post=1036119"}],"version-history":[{"count":0,"href":"https:\/\/tiger-recruitment.com\/ch-de\/wp-json\/wp\/v2\/pages\/1036119\/revisions"}],"wp:attachment":[{"href":"https:\/\/tiger-recruitment.com\/ch-de\/wp-json\/wp\/v2\/media?parent=1036119"}],"curies":[{"name":"wp","href":"https:\/\/api.w.org\/{rel}","templated":true}]}}