{"id":1036111,"date":"2018-01-08T06:06:22","date_gmt":"2018-01-08T06:06:22","guid":{"rendered":"http:\/\/tiger-recruitment.com\/auf-der-suche-nach-rekruten\/temporary\/"},"modified":"2023-12-08T11:20:29","modified_gmt":"2023-12-08T11:20:29","slug":"zeitarbeit","status":"publish","type":"page","link":"https:\/\/tiger-recruitment.com\/ch-de\/auf-der-suche-nach-rekruten\/zeitarbeit\/","title":{"rendered":"ZEITARBEIT"},"content":{"rendered":"","protected":false},"excerpt":{"rendered":"<p>Established in 2001, our team is highly experienced in filling temporary positions with exceptional temp staff, in the fastest time possible.<br \/>\nWhether you\u2019re looking to hire temp staff for a day, holiday cover or a temp-to-perm solution, our temporary division will provide the support your business or household needs.<\/p>\n","protected":false},"author":5,"featured_media":0,"parent":1035760,"menu_order":30,"comment_status":"closed","ping_status":"closed","template":"page-blank.php","meta":{"_acf_changed":false,"footnotes":""},"class_list":["post-1036111","page","type-page","status-publish","hentry"],"acf":[],"yoast_head":"<!-- This site is optimized with the Yoast SEO plugin v27.1.1 - https:\/\/yoast.com\/product\/yoast-seo-wordpress\/ -->\n<title>Zeitarbeitskr\u00e4fte | Zeitarbeitskr\u00e4fte einstellen | Z\u00fcrich<\/title>\n<meta name=\"description\" content=\"Suchen Sie eine Zeitarbeitskraft in der Schweiz? Tiger Recruitment kann Ihnen bei der Rekrutierung von Zeitarbeitskr\u00e4ften Angestellten mit unbefristetem Vertrag, Try-&amp;-Hire- und Interimspersonal in Ihrer Branche helfen.\" \/>\n<meta name=\"robots\" content=\"index, follow, max-snippet:-1, max-image-preview:large, max-video-preview:-1\" \/>\n<link rel=\"canonical\" href=\"https:\/\/tiger-recruitment.com\/ch-de\/auf-der-suche-nach-rekruten\/zeitarbeit\/\" \/>\n<meta property=\"og:locale\" content=\"de_DE\" \/>\n<meta property=\"og:type\" content=\"article\" \/>\n<meta property=\"og:title\" content=\"Zeitarbeitskr\u00e4fte | Zeitarbeitskr\u00e4fte einstellen | Z\u00fcrich\" \/>\n<meta property=\"og:description\" content=\"Suchen Sie eine Zeitarbeitskraft in der Schweiz? Tiger Recruitment kann Ihnen bei der Rekrutierung von Zeitarbeitskr\u00e4ften Angestellten mit unbefristetem Vertrag, Try-&amp;-Hire- und Interimspersonal in Ihrer Branche helfen.\" \/>\n<meta property=\"og:url\" content=\"https:\/\/tiger-recruitment.com\/ch-de\/auf-der-suche-nach-rekruten\/zeitarbeit\/\" \/>\n<meta property=\"og:site_name\" content=\"Tiger Recruitment\" \/>\n<meta property=\"article:publisher\" content=\"https:\/\/www.facebook.com\/tigerrecruitment.ltd\/\" \/>\n<meta property=\"article:modified_time\" content=\"2023-12-08T11:20:29+00:00\" \/>\n<meta name=\"twitter:card\" content=\"summary_large_image\" \/>\n<meta name=\"twitter:site\" content=\"@tigerrecruit\" \/>\n<!-- \/ Yoast SEO plugin. -->","yoast_head_json":{"title":"Zeitarbeitskr\u00e4fte | Zeitarbeitskr\u00e4fte einstellen | Z\u00fcrich","description":"Suchen Sie eine Zeitarbeitskraft in der Schweiz? Tiger Recruitment kann Ihnen bei der Rekrutierung von Zeitarbeitskr\u00e4ften Angestellten mit unbefristetem Vertrag, Try-&-Hire- und Interimspersonal in Ihrer Branche helfen.","robots":{"index":"index","follow":"follow","max-snippet":"max-snippet:-1","max-image-preview":"max-image-preview:large","max-video-preview":"max-video-preview:-1"},"canonical":"https:\/\/tiger-recruitment.com\/ch-de\/auf-der-suche-nach-rekruten\/zeitarbeit\/","og_locale":"de_DE","og_type":"article","og_title":"Zeitarbeitskr\u00e4fte | Zeitarbeitskr\u00e4fte einstellen | Z\u00fcrich","og_description":"Suchen Sie eine Zeitarbeitskraft in der Schweiz? Tiger Recruitment kann Ihnen bei der Rekrutierung von Zeitarbeitskr\u00e4ften Angestellten mit unbefristetem Vertrag, Try-&-Hire- und Interimspersonal in Ihrer Branche helfen.","og_url":"https:\/\/tiger-recruitment.com\/ch-de\/auf-der-suche-nach-rekruten\/zeitarbeit\/","og_site_name":"Tiger Recruitment","article_publisher":"https:\/\/www.facebook.com\/tigerrecruitment.ltd\/","article_modified_time":"2023-12-08T11:20:29+00:00","twitter_card":"summary_large_image","twitter_site":"@tigerrecruit","schema":{"@context":"https:\/\/schema.org","@graph":[]}},"_links":{"self":[{"href":"https:\/\/tiger-recruitment.com\/ch-de\/wp-json\/wp\/v2\/pages\/1036111","targetHints":{"allow":["GET"]}}],"collection":[{"href":"https:\/\/tiger-recruitment.com\/ch-de\/wp-json\/wp\/v2\/pages"}],"about":[{"href":"https:\/\/tiger-recruitment.com\/ch-de\/wp-json\/wp\/v2\/types\/page"}],"author":[{"embeddable":true,"href":"https:\/\/tiger-recruitment.com\/ch-de\/wp-json\/wp\/v2\/users\/5"}],"replies":[{"embeddable":true,"href":"https:\/\/tiger-recruitment.com\/ch-de\/wp-json\/wp\/v2\/comments?post=1036111"}],"version-history":[{"count":0,"href":"https:\/\/tiger-recruitment.com\/ch-de\/wp-json\/wp\/v2\/pages\/1036111\/revisions"}],"up":[{"embeddable":true,"href":"https:\/\/tiger-recruitment.com\/ch-de\/wp-json\/wp\/v2\/pages\/1035760"}],"wp:attachment":[{"href":"https:\/\/tiger-recruitment.com\/ch-de\/wp-json\/wp\/v2\/media?parent=1036111"}],"curies":[{"name":"wp","href":"https:\/\/api.w.org\/{rel}","templated":true}]}}