{"id":1036099,"date":"2020-06-04T12:05:08","date_gmt":"2020-06-04T11:05:08","guid":{"rendered":"http:\/\/tiger-recruitment.com\/auf-der-suche-nach-rekruten\/technology\/"},"modified":"2022-11-28T16:41:31","modified_gmt":"2022-11-28T16:41:31","slug":"technologie","status":"publish","type":"page","link":"https:\/\/tiger-recruitment.com\/ch-de\/auf-der-suche-nach-rekruten\/technologie\/","title":{"rendered":"Technologie"},"content":{"rendered":"","protected":false},"excerpt":{"rendered":"<p>At Tiger, we pride ourselves on a service-driven, tailored approach to every recruitment brief we receive. That\u2019s why, when hiring tech staff for your business, we go the extra mile to understanding your team and business goals in order to find the perfect match. Getting under the skin of your business is one of the driving factors that makes us one of the leading tech recruiters in London.<\/p>\n","protected":false},"author":5,"featured_media":0,"parent":1035760,"menu_order":0,"comment_status":"closed","ping_status":"closed","template":"page-blank.php","meta":{"_acf_changed":false,"footnotes":""},"class_list":["post-1036099","page","type-page","status-publish","hentry"],"acf":[],"yoast_head":"<!-- This site is optimized with the Yoast SEO plugin v27.1.1 - https:\/\/yoast.com\/product\/yoast-seo-wordpress\/ -->\n<title>Personalvermittler f\u00fcr Tech-Fachkr\u00e4fte | Programmierer einstellen<\/title>\n<meta name=\"description\" content=\"F\u00fchrender Personalvermittler f\u00fcr Tech-Fachkr\u00e4fte in der Schweiz. Softwareentwickler und technologische Support-Mitarbeiter in Z\u00fcrich und Umgebung einstellen\" \/>\n<meta name=\"robots\" content=\"index, follow, max-snippet:-1, max-image-preview:large, max-video-preview:-1\" \/>\n<link rel=\"canonical\" href=\"https:\/\/tiger-recruitment.com\/ch-de\/auf-der-suche-nach-rekruten\/technologie\/\" \/>\n<meta property=\"og:locale\" content=\"de_DE\" \/>\n<meta property=\"og:type\" content=\"article\" \/>\n<meta property=\"og:title\" content=\"Personalvermittler f\u00fcr Tech-Fachkr\u00e4fte | Programmierer einstellen\" \/>\n<meta property=\"og:description\" content=\"F\u00fchrender Personalvermittler f\u00fcr Tech-Fachkr\u00e4fte in der Schweiz. Softwareentwickler und technologische Support-Mitarbeiter in Z\u00fcrich und Umgebung einstellen\" \/>\n<meta property=\"og:url\" content=\"https:\/\/tiger-recruitment.com\/ch-de\/auf-der-suche-nach-rekruten\/technologie\/\" \/>\n<meta property=\"og:site_name\" content=\"Tiger Recruitment\" \/>\n<meta property=\"article:publisher\" content=\"https:\/\/www.facebook.com\/tigerrecruitment.ltd\/\" \/>\n<meta property=\"article:modified_time\" content=\"2022-11-28T16:41:31+00:00\" \/>\n<meta name=\"twitter:card\" content=\"summary_large_image\" \/>\n<meta name=\"twitter:site\" content=\"@tigerrecruit\" \/>\n<!-- \/ Yoast SEO plugin. -->","yoast_head_json":{"title":"Personalvermittler f\u00fcr Tech-Fachkr\u00e4fte | Programmierer einstellen","description":"F\u00fchrender Personalvermittler f\u00fcr Tech-Fachkr\u00e4fte in der Schweiz. Softwareentwickler und technologische Support-Mitarbeiter in Z\u00fcrich und Umgebung einstellen","robots":{"index":"index","follow":"follow","max-snippet":"max-snippet:-1","max-image-preview":"max-image-preview:large","max-video-preview":"max-video-preview:-1"},"canonical":"https:\/\/tiger-recruitment.com\/ch-de\/auf-der-suche-nach-rekruten\/technologie\/","og_locale":"de_DE","og_type":"article","og_title":"Personalvermittler f\u00fcr Tech-Fachkr\u00e4fte | Programmierer einstellen","og_description":"F\u00fchrender Personalvermittler f\u00fcr Tech-Fachkr\u00e4fte in der Schweiz. Softwareentwickler und technologische Support-Mitarbeiter in Z\u00fcrich und Umgebung einstellen","og_url":"https:\/\/tiger-recruitment.com\/ch-de\/auf-der-suche-nach-rekruten\/technologie\/","og_site_name":"Tiger Recruitment","article_publisher":"https:\/\/www.facebook.com\/tigerrecruitment.ltd\/","article_modified_time":"2022-11-28T16:41:31+00:00","twitter_card":"summary_large_image","twitter_site":"@tigerrecruit","schema":{"@context":"https:\/\/schema.org","@graph":[]}},"_links":{"self":[{"href":"https:\/\/tiger-recruitment.com\/ch-de\/wp-json\/wp\/v2\/pages\/1036099","targetHints":{"allow":["GET"]}}],"collection":[{"href":"https:\/\/tiger-recruitment.com\/ch-de\/wp-json\/wp\/v2\/pages"}],"about":[{"href":"https:\/\/tiger-recruitment.com\/ch-de\/wp-json\/wp\/v2\/types\/page"}],"author":[{"embeddable":true,"href":"https:\/\/tiger-recruitment.com\/ch-de\/wp-json\/wp\/v2\/users\/5"}],"replies":[{"embeddable":true,"href":"https:\/\/tiger-recruitment.com\/ch-de\/wp-json\/wp\/v2\/comments?post=1036099"}],"version-history":[{"count":0,"href":"https:\/\/tiger-recruitment.com\/ch-de\/wp-json\/wp\/v2\/pages\/1036099\/revisions"}],"up":[{"embeddable":true,"href":"https:\/\/tiger-recruitment.com\/ch-de\/wp-json\/wp\/v2\/pages\/1035760"}],"wp:attachment":[{"href":"https:\/\/tiger-recruitment.com\/ch-de\/wp-json\/wp\/v2\/media?parent=1036099"}],"curies":[{"name":"wp","href":"https:\/\/api.w.org\/{rel}","templated":true}]}}