{"id":1036091,"date":"2018-01-08T06:05:19","date_gmt":"2018-01-08T06:05:19","guid":{"rendered":"http:\/\/tiger-recruitment.com\/auf-der-suche-nach-rekruten\/private\/"},"modified":"2023-09-12T13:02:49","modified_gmt":"2023-09-12T12:02:49","slug":"privat","status":"publish","type":"page","link":"https:\/\/tiger-recruitment.com\/ch-de\/auf-der-suche-nach-rekruten\/privat\/","title":{"rendered":"Privat"},"content":{"rendered":"","protected":false},"excerpt":{"rendered":"<p>Leading private staffing agency<br \/>\nTiger Private specialises exclusively in private staff recruitment in London, regionally and internationally.<br \/>\nOur dedicated private recruitment division works with prestigious households and family offices that require lifestyle and administrative support.<br \/>\nGet in touch by calling +44 207 917 1803 or email our consultants today.<\/p>\n","protected":false},"author":5,"featured_media":0,"parent":1035760,"menu_order":10,"comment_status":"closed","ping_status":"closed","template":"page-blank.php","meta":{"_acf_changed":false,"footnotes":""},"class_list":["post-1036091","page","type-page","status-publish","hentry"],"acf":[],"yoast_head":"<!-- This site is optimized with the Yoast SEO plugin v27.1.1 - https:\/\/yoast.com\/product\/yoast-seo-wordpress\/ -->\n<title>Private Personalvermittlung | Luxuri\u00f6ses Privatpersonal | Z\u00fcrich<\/title>\n<meta name=\"description\" content=\"Suchen Sie f\u00fcr ein Family Office und privates Personal? Tiger ist eine massgeschneiderte luxuri\u00f6se private Personalvermittlung f\u00fcr UHNWI-Kunden.\" \/>\n<meta name=\"robots\" content=\"index, follow, max-snippet:-1, max-image-preview:large, max-video-preview:-1\" \/>\n<link rel=\"canonical\" href=\"https:\/\/tiger-recruitment.com\/ch-de\/auf-der-suche-nach-rekruten\/privat\/\" \/>\n<meta property=\"og:locale\" content=\"de_DE\" \/>\n<meta property=\"og:type\" content=\"article\" \/>\n<meta property=\"og:title\" content=\"Private Personalvermittlung | Luxuri\u00f6ses Privatpersonal | Z\u00fcrich\" \/>\n<meta property=\"og:description\" content=\"Suchen Sie f\u00fcr ein Family Office und privates Personal? Tiger ist eine massgeschneiderte luxuri\u00f6se private Personalvermittlung f\u00fcr UHNWI-Kunden.\" \/>\n<meta property=\"og:url\" content=\"https:\/\/tiger-recruitment.com\/ch-de\/auf-der-suche-nach-rekruten\/privat\/\" \/>\n<meta property=\"og:site_name\" content=\"Tiger Recruitment\" \/>\n<meta property=\"article:publisher\" content=\"https:\/\/www.facebook.com\/tigerrecruitment.ltd\/\" \/>\n<meta property=\"article:modified_time\" content=\"2023-09-12T12:02:49+00:00\" \/>\n<meta name=\"twitter:card\" content=\"summary_large_image\" \/>\n<meta name=\"twitter:site\" content=\"@tigerrecruit\" \/>\n<!-- \/ Yoast SEO plugin. -->","yoast_head_json":{"title":"Private Personalvermittlung | Luxuri\u00f6ses Privatpersonal | Z\u00fcrich","description":"Suchen Sie f\u00fcr ein Family Office und privates Personal? Tiger ist eine massgeschneiderte luxuri\u00f6se private Personalvermittlung f\u00fcr UHNWI-Kunden.","robots":{"index":"index","follow":"follow","max-snippet":"max-snippet:-1","max-image-preview":"max-image-preview:large","max-video-preview":"max-video-preview:-1"},"canonical":"https:\/\/tiger-recruitment.com\/ch-de\/auf-der-suche-nach-rekruten\/privat\/","og_locale":"de_DE","og_type":"article","og_title":"Private Personalvermittlung | Luxuri\u00f6ses Privatpersonal | Z\u00fcrich","og_description":"Suchen Sie f\u00fcr ein Family Office und privates Personal? Tiger ist eine massgeschneiderte luxuri\u00f6se private Personalvermittlung f\u00fcr UHNWI-Kunden.","og_url":"https:\/\/tiger-recruitment.com\/ch-de\/auf-der-suche-nach-rekruten\/privat\/","og_site_name":"Tiger Recruitment","article_publisher":"https:\/\/www.facebook.com\/tigerrecruitment.ltd\/","article_modified_time":"2023-09-12T12:02:49+00:00","twitter_card":"summary_large_image","twitter_site":"@tigerrecruit","schema":{"@context":"https:\/\/schema.org","@graph":[]}},"_links":{"self":[{"href":"https:\/\/tiger-recruitment.com\/ch-de\/wp-json\/wp\/v2\/pages\/1036091","targetHints":{"allow":["GET"]}}],"collection":[{"href":"https:\/\/tiger-recruitment.com\/ch-de\/wp-json\/wp\/v2\/pages"}],"about":[{"href":"https:\/\/tiger-recruitment.com\/ch-de\/wp-json\/wp\/v2\/types\/page"}],"author":[{"embeddable":true,"href":"https:\/\/tiger-recruitment.com\/ch-de\/wp-json\/wp\/v2\/users\/5"}],"replies":[{"embeddable":true,"href":"https:\/\/tiger-recruitment.com\/ch-de\/wp-json\/wp\/v2\/comments?post=1036091"}],"version-history":[{"count":0,"href":"https:\/\/tiger-recruitment.com\/ch-de\/wp-json\/wp\/v2\/pages\/1036091\/revisions"}],"up":[{"embeddable":true,"href":"https:\/\/tiger-recruitment.com\/ch-de\/wp-json\/wp\/v2\/pages\/1035760"}],"wp:attachment":[{"href":"https:\/\/tiger-recruitment.com\/ch-de\/wp-json\/wp\/v2\/media?parent=1036091"}],"curies":[{"name":"wp","href":"https:\/\/api.w.org\/{rel}","templated":true}]}}