{"id":1036086,"date":"2018-03-01T14:19:51","date_gmt":"2018-03-01T14:19:51","guid":{"rendered":"http:\/\/tiger-recruitment.com\/domestic-staff\/"},"modified":"2023-09-12T13:10:15","modified_gmt":"2023-09-12T12:10:15","slug":"hauspersonal","status":"publish","type":"page","link":"https:\/\/tiger-recruitment.com\/ch-de\/auf-der-suche-nach-rekruten\/privat\/hauspersonal\/","title":{"rendered":"Hauspersonal"},"content":{"rendered":"","protected":false},"excerpt":{"rendered":"<p>Leading domestic staffing agency<br \/>\nTiger Private recruits the complete spectrum of domestic staff into private households.<br \/>\nWe act as a full-service household staff recruitment agency to bring you the very best domestic staff to fit your every requirement.<br \/>\nIf you are looking to hire a housekeeper, find a chef, hire a personal driver or find yoga instructors, we can help.\u00a0We will meticulously build the perfect candidate profile with you so that we ensure impeccable alignment in both values and experience.<\/p>\n","protected":false},"author":4,"featured_media":0,"parent":1036091,"menu_order":0,"comment_status":"closed","ping_status":"closed","template":"page-blank.php","meta":{"_acf_changed":false,"footnotes":""},"class_list":["post-1036086","page","type-page","status-publish","hentry"],"acf":[],"yoast_head":"<!-- This site is optimized with the Yoast SEO plugin v27.1.1 - https:\/\/yoast.com\/product\/yoast-seo-wordpress\/ -->\n<title>Haush\u00e4lterin und Privatkoch Agentur | Z\u00fcrich<\/title>\n<meta name=\"description\" content=\"Suchen Sie Haushaltspersonal oder einen Schweizer Butler? Tiger ist eine spezialisierte Haush\u00e4lter- und private Kochagentur in Z\u00fcrich und dar\u00fcber hinaus\" \/>\n<meta name=\"robots\" content=\"index, follow, max-snippet:-1, max-image-preview:large, max-video-preview:-1\" \/>\n<link rel=\"canonical\" href=\"https:\/\/tiger-recruitment.com\/ch-de\/auf-der-suche-nach-rekruten\/privat\/hauspersonal\/\" \/>\n<meta property=\"og:locale\" content=\"de_DE\" \/>\n<meta property=\"og:type\" content=\"article\" \/>\n<meta property=\"og:title\" content=\"Haush\u00e4lterin und Privatkoch Agentur | Z\u00fcrich\" \/>\n<meta property=\"og:description\" content=\"Suchen Sie Haushaltspersonal oder einen Schweizer Butler? Tiger ist eine spezialisierte Haush\u00e4lter- und private Kochagentur in Z\u00fcrich und dar\u00fcber hinaus\" \/>\n<meta property=\"og:url\" content=\"https:\/\/tiger-recruitment.com\/ch-de\/auf-der-suche-nach-rekruten\/privat\/hauspersonal\/\" \/>\n<meta property=\"og:site_name\" content=\"Tiger Recruitment\" \/>\n<meta property=\"article:publisher\" content=\"https:\/\/www.facebook.com\/tigerrecruitment.ltd\/\" \/>\n<meta property=\"article:modified_time\" content=\"2023-09-12T12:10:15+00:00\" \/>\n<meta name=\"twitter:card\" content=\"summary_large_image\" \/>\n<meta name=\"twitter:site\" content=\"@tigerrecruit\" \/>\n<!-- \/ Yoast SEO plugin. -->","yoast_head_json":{"title":"Haush\u00e4lterin und Privatkoch Agentur | Z\u00fcrich","description":"Suchen Sie Haushaltspersonal oder einen Schweizer Butler? Tiger ist eine spezialisierte Haush\u00e4lter- und private Kochagentur in Z\u00fcrich und dar\u00fcber hinaus","robots":{"index":"index","follow":"follow","max-snippet":"max-snippet:-1","max-image-preview":"max-image-preview:large","max-video-preview":"max-video-preview:-1"},"canonical":"https:\/\/tiger-recruitment.com\/ch-de\/auf-der-suche-nach-rekruten\/privat\/hauspersonal\/","og_locale":"de_DE","og_type":"article","og_title":"Haush\u00e4lterin und Privatkoch Agentur | Z\u00fcrich","og_description":"Suchen Sie Haushaltspersonal oder einen Schweizer Butler? Tiger ist eine spezialisierte Haush\u00e4lter- und private Kochagentur in Z\u00fcrich und dar\u00fcber hinaus","og_url":"https:\/\/tiger-recruitment.com\/ch-de\/auf-der-suche-nach-rekruten\/privat\/hauspersonal\/","og_site_name":"Tiger Recruitment","article_publisher":"https:\/\/www.facebook.com\/tigerrecruitment.ltd\/","article_modified_time":"2023-09-12T12:10:15+00:00","twitter_card":"summary_large_image","twitter_site":"@tigerrecruit","schema":{"@context":"https:\/\/schema.org","@graph":[]}},"_links":{"self":[{"href":"https:\/\/tiger-recruitment.com\/ch-de\/wp-json\/wp\/v2\/pages\/1036086","targetHints":{"allow":["GET"]}}],"collection":[{"href":"https:\/\/tiger-recruitment.com\/ch-de\/wp-json\/wp\/v2\/pages"}],"about":[{"href":"https:\/\/tiger-recruitment.com\/ch-de\/wp-json\/wp\/v2\/types\/page"}],"author":[{"embeddable":true,"href":"https:\/\/tiger-recruitment.com\/ch-de\/wp-json\/wp\/v2\/users\/4"}],"replies":[{"embeddable":true,"href":"https:\/\/tiger-recruitment.com\/ch-de\/wp-json\/wp\/v2\/comments?post=1036086"}],"version-history":[{"count":0,"href":"https:\/\/tiger-recruitment.com\/ch-de\/wp-json\/wp\/v2\/pages\/1036086\/revisions"}],"up":[{"embeddable":true,"href":"https:\/\/tiger-recruitment.com\/ch-de\/wp-json\/wp\/v2\/pages\/1036091"}],"wp:attachment":[{"href":"https:\/\/tiger-recruitment.com\/ch-de\/wp-json\/wp\/v2\/media?parent=1036086"}],"curies":[{"name":"wp","href":"https:\/\/api.w.org\/{rel}","templated":true}]}}