{"id":1036044,"date":"2018-01-08T06:06:48","date_gmt":"2018-01-08T06:06:48","guid":{"rendered":"http:\/\/tiger-recruitment.com\/auf-der-suche-nach-rekruten\/permanent\/"},"modified":"2024-10-03T10:36:30","modified_gmt":"2024-10-03T09:36:30","slug":"festanstellungen","status":"publish","type":"page","link":"https:\/\/tiger-recruitment.com\/ch-de\/auf-der-suche-nach-rekruten\/festanstellungen\/","title":{"rendered":"FESTANSTELLUNGEN"},"content":{"rendered":"","protected":false},"excerpt":{"rendered":"<p>Permanent staffing solutions<br \/>\nPermanent recruitment is at the heart of what we do at Tiger.<br \/>\nWe work closely with top businesses and private individuals to find the perfect candidate to fill every vacancy. Our highly experienced permanent recruitment team works across all industries in London, across the UK and internationally.<\/p>\n","protected":false},"author":5,"featured_media":0,"parent":1035760,"menu_order":40,"comment_status":"closed","ping_status":"closed","template":"page-blank.php","meta":{"_acf_changed":false,"footnotes":""},"class_list":["post-1036044","page","type-page","status-publish","hentry"],"acf":[],"yoast_head":"<!-- This site is optimized with the Yoast SEO plugin v27.1.1 - https:\/\/yoast.com\/product\/yoast-seo-wordpress\/ -->\n<title>Festangestellte | Festangestellte einstellen | Z\u00fcrich<\/title>\n<meta name=\"description\" content=\"Personalvermittler f\u00fcr Festangestellte in Z\u00fcrich. Wir sind spezialisiert auf die Vermittlung von Spitzenkandidaten f\u00fcr feste Stellen zur Unterst\u00fctzung Ihres Unternehmens in Z\u00fcrich\" \/>\n<meta name=\"robots\" content=\"index, follow, max-snippet:-1, max-image-preview:large, max-video-preview:-1\" \/>\n<link rel=\"canonical\" href=\"https:\/\/tiger-recruitment.com\/ch-de\/auf-der-suche-nach-rekruten\/festanstellungen\/\" \/>\n<meta property=\"og:locale\" content=\"de_DE\" \/>\n<meta property=\"og:type\" content=\"article\" \/>\n<meta property=\"og:title\" content=\"Festangestellte | Festangestellte einstellen | Z\u00fcrich\" \/>\n<meta property=\"og:description\" content=\"Personalvermittler f\u00fcr Festangestellte in Z\u00fcrich. Wir sind spezialisiert auf die Vermittlung von Spitzenkandidaten f\u00fcr feste Stellen zur Unterst\u00fctzung Ihres Unternehmens in Z\u00fcrich\" \/>\n<meta property=\"og:url\" content=\"https:\/\/tiger-recruitment.com\/ch-de\/auf-der-suche-nach-rekruten\/festanstellungen\/\" \/>\n<meta property=\"og:site_name\" content=\"Tiger Recruitment\" \/>\n<meta property=\"article:publisher\" content=\"https:\/\/www.facebook.com\/tigerrecruitment.ltd\/\" \/>\n<meta property=\"article:modified_time\" content=\"2024-10-03T09:36:30+00:00\" \/>\n<meta name=\"twitter:card\" content=\"summary_large_image\" \/>\n<meta name=\"twitter:site\" content=\"@tigerrecruit\" \/>\n<!-- \/ Yoast SEO plugin. -->","yoast_head_json":{"title":"Festangestellte | Festangestellte einstellen | Z\u00fcrich","description":"Personalvermittler f\u00fcr Festangestellte in Z\u00fcrich. Wir sind spezialisiert auf die Vermittlung von Spitzenkandidaten f\u00fcr feste Stellen zur Unterst\u00fctzung Ihres Unternehmens in Z\u00fcrich","robots":{"index":"index","follow":"follow","max-snippet":"max-snippet:-1","max-image-preview":"max-image-preview:large","max-video-preview":"max-video-preview:-1"},"canonical":"https:\/\/tiger-recruitment.com\/ch-de\/auf-der-suche-nach-rekruten\/festanstellungen\/","og_locale":"de_DE","og_type":"article","og_title":"Festangestellte | Festangestellte einstellen | Z\u00fcrich","og_description":"Personalvermittler f\u00fcr Festangestellte in Z\u00fcrich. Wir sind spezialisiert auf die Vermittlung von Spitzenkandidaten f\u00fcr feste Stellen zur Unterst\u00fctzung Ihres Unternehmens in Z\u00fcrich","og_url":"https:\/\/tiger-recruitment.com\/ch-de\/auf-der-suche-nach-rekruten\/festanstellungen\/","og_site_name":"Tiger Recruitment","article_publisher":"https:\/\/www.facebook.com\/tigerrecruitment.ltd\/","article_modified_time":"2024-10-03T09:36:30+00:00","twitter_card":"summary_large_image","twitter_site":"@tigerrecruit","schema":{"@context":"https:\/\/schema.org","@graph":[]}},"_links":{"self":[{"href":"https:\/\/tiger-recruitment.com\/ch-de\/wp-json\/wp\/v2\/pages\/1036044","targetHints":{"allow":["GET"]}}],"collection":[{"href":"https:\/\/tiger-recruitment.com\/ch-de\/wp-json\/wp\/v2\/pages"}],"about":[{"href":"https:\/\/tiger-recruitment.com\/ch-de\/wp-json\/wp\/v2\/types\/page"}],"author":[{"embeddable":true,"href":"https:\/\/tiger-recruitment.com\/ch-de\/wp-json\/wp\/v2\/users\/5"}],"replies":[{"embeddable":true,"href":"https:\/\/tiger-recruitment.com\/ch-de\/wp-json\/wp\/v2\/comments?post=1036044"}],"version-history":[{"count":0,"href":"https:\/\/tiger-recruitment.com\/ch-de\/wp-json\/wp\/v2\/pages\/1036044\/revisions"}],"up":[{"embeddable":true,"href":"https:\/\/tiger-recruitment.com\/ch-de\/wp-json\/wp\/v2\/pages\/1035760"}],"wp:attachment":[{"href":"https:\/\/tiger-recruitment.com\/ch-de\/wp-json\/wp\/v2\/media?parent=1036044"}],"curies":[{"name":"wp","href":"https:\/\/api.w.org\/{rel}","templated":true}]}}