{"id":1036021,"date":"2022-01-25T13:33:32","date_gmt":"2022-01-25T13:33:32","guid":{"rendered":"http:\/\/tiger-recruitment.com\/auf-der-suche-nach-rekruten\/finance-and-accounting\/"},"modified":"2026-02-20T09:19:24","modified_gmt":"2026-02-20T09:19:24","slug":"finanzen-und-accounting","status":"publish","type":"page","link":"https:\/\/tiger-recruitment.com\/ch-de\/auf-der-suche-nach-rekruten\/finanzen-und-accounting\/","title":{"rendered":"Finanzen und Accounting"},"content":{"rendered":"","protected":false},"excerpt":{"rendered":"","protected":false},"author":41396,"featured_media":0,"parent":1035760,"menu_order":0,"comment_status":"closed","ping_status":"closed","template":"page-blank.php","meta":{"_acf_changed":false,"footnotes":""},"class_list":["post-1036021","page","type-page","status-publish","hentry"],"acf":[],"yoast_head":"<!-- This site is optimized with the Yoast SEO plugin v27.1.1 - https:\/\/yoast.com\/product\/yoast-seo-wordpress\/ -->\n<title>Accountants anstellen | Buchhaltung Personalvermittlung | Z\u00fcrich<\/title>\n<meta name=\"description\" content=\"F\u00fchrende Finanzrekrutierer in Z\u00fcrich. Sichern Sie sich aussergew\u00f6hnliche Finanzmitarbeiter in der gesamten Schweiz.\" \/>\n<meta name=\"robots\" content=\"index, follow, max-snippet:-1, max-image-preview:large, max-video-preview:-1\" \/>\n<link rel=\"canonical\" href=\"https:\/\/tiger-recruitment.com\/ch-de\/auf-der-suche-nach-rekruten\/finanzen-und-accounting\/\" \/>\n<meta property=\"og:locale\" content=\"de_DE\" \/>\n<meta property=\"og:type\" content=\"article\" \/>\n<meta property=\"og:title\" content=\"Accountants anstellen | Buchhaltung Personalvermittlung | Z\u00fcrich\" \/>\n<meta property=\"og:description\" content=\"F\u00fchrende Finanzrekrutierer in Z\u00fcrich. Sichern Sie sich aussergew\u00f6hnliche Finanzmitarbeiter in der gesamten Schweiz.\" \/>\n<meta property=\"og:url\" content=\"https:\/\/tiger-recruitment.com\/ch-de\/auf-der-suche-nach-rekruten\/finanzen-und-accounting\/\" \/>\n<meta property=\"og:site_name\" content=\"Tiger Recruitment\" \/>\n<meta property=\"article:publisher\" content=\"https:\/\/www.facebook.com\/tigerrecruitment.ltd\/\" \/>\n<meta property=\"article:modified_time\" content=\"2026-02-20T09:19:24+00:00\" \/>\n<meta name=\"twitter:card\" content=\"summary_large_image\" \/>\n<meta name=\"twitter:site\" content=\"@tigerrecruit\" \/>\n<!-- \/ Yoast SEO plugin. -->","yoast_head_json":{"title":"Accountants anstellen | Buchhaltung Personalvermittlung | Z\u00fcrich","description":"F\u00fchrende Finanzrekrutierer in Z\u00fcrich. Sichern Sie sich aussergew\u00f6hnliche Finanzmitarbeiter in der gesamten Schweiz.","robots":{"index":"index","follow":"follow","max-snippet":"max-snippet:-1","max-image-preview":"max-image-preview:large","max-video-preview":"max-video-preview:-1"},"canonical":"https:\/\/tiger-recruitment.com\/ch-de\/auf-der-suche-nach-rekruten\/finanzen-und-accounting\/","og_locale":"de_DE","og_type":"article","og_title":"Accountants anstellen | Buchhaltung Personalvermittlung | Z\u00fcrich","og_description":"F\u00fchrende Finanzrekrutierer in Z\u00fcrich. Sichern Sie sich aussergew\u00f6hnliche Finanzmitarbeiter in der gesamten Schweiz.","og_url":"https:\/\/tiger-recruitment.com\/ch-de\/auf-der-suche-nach-rekruten\/finanzen-und-accounting\/","og_site_name":"Tiger Recruitment","article_publisher":"https:\/\/www.facebook.com\/tigerrecruitment.ltd\/","article_modified_time":"2026-02-20T09:19:24+00:00","twitter_card":"summary_large_image","twitter_site":"@tigerrecruit","schema":{"@context":"https:\/\/schema.org","@graph":[]}},"_links":{"self":[{"href":"https:\/\/tiger-recruitment.com\/ch-de\/wp-json\/wp\/v2\/pages\/1036021","targetHints":{"allow":["GET"]}}],"collection":[{"href":"https:\/\/tiger-recruitment.com\/ch-de\/wp-json\/wp\/v2\/pages"}],"about":[{"href":"https:\/\/tiger-recruitment.com\/ch-de\/wp-json\/wp\/v2\/types\/page"}],"author":[{"embeddable":true,"href":"https:\/\/tiger-recruitment.com\/ch-de\/wp-json\/wp\/v2\/users\/41396"}],"replies":[{"embeddable":true,"href":"https:\/\/tiger-recruitment.com\/ch-de\/wp-json\/wp\/v2\/comments?post=1036021"}],"version-history":[{"count":0,"href":"https:\/\/tiger-recruitment.com\/ch-de\/wp-json\/wp\/v2\/pages\/1036021\/revisions"}],"up":[{"embeddable":true,"href":"https:\/\/tiger-recruitment.com\/ch-de\/wp-json\/wp\/v2\/pages\/1035760"}],"wp:attachment":[{"href":"https:\/\/tiger-recruitment.com\/ch-de\/wp-json\/wp\/v2\/media?parent=1036021"}],"curies":[{"name":"wp","href":"https:\/\/api.w.org\/{rel}","templated":true}]}}