{"id":1036015,"date":"2018-03-01T13:45:58","date_gmt":"2018-03-01T13:45:58","guid":{"rendered":"http:\/\/tiger-recruitment.com\/family-office-and-private-support\/"},"modified":"2023-09-12T13:08:56","modified_gmt":"2023-09-12T12:08:56","slug":"family-office","status":"publish","type":"page","link":"https:\/\/tiger-recruitment.com\/ch-de\/auf-der-suche-nach-rekruten\/privat\/family-office\/","title":{"rendered":"Family office"},"content":{"rendered":"","protected":false},"excerpt":{"rendered":"<p>Family office recruitment<br \/>\nHiring the right private admin support is critical to the functioning of an effective single or multi-family office \u2013 we offer discretion, many years of expertise and take time to gain a deep understanding of your needs.<br \/>\nOur consultants have previously worked in top family support roles, so are distinctly familiar with what you are likely to require when hiring a private PA or hiring a lifestyle assistant.<br \/>\nNo position is the same, so we apply a bespoke recruitment methodology to find the most suitable candidates for you, giving you peace of mind.<\/p>\n","protected":false},"author":4,"featured_media":0,"parent":1036091,"menu_order":0,"comment_status":"closed","ping_status":"closed","template":"page-blank.php","meta":{"_acf_changed":false,"footnotes":""},"class_list":["post-1036015","page","type-page","status-publish","hentry"],"acf":[],"yoast_head":"<!-- This site is optimized with the Yoast SEO plugin v27.1.1 - https:\/\/yoast.com\/product\/yoast-seo-wordpress\/ -->\n<title>Personal f\u00fcr Family Offices | Private Unterst\u00fctzung einstellen | Z\u00fcrich<\/title>\n<meta name=\"description\" content=\"Personalvermittler f\u00fcr Family Offices in Z\u00fcrich. Passendes Personal f\u00fcr Family Offices mit vertrauensw\u00fcrdigen Beratern\" \/>\n<meta name=\"robots\" content=\"index, follow, max-snippet:-1, max-image-preview:large, max-video-preview:-1\" \/>\n<link rel=\"canonical\" href=\"https:\/\/tiger-recruitment.com\/ch-de\/auf-der-suche-nach-rekruten\/privat\/family-office\/\" \/>\n<meta property=\"og:locale\" content=\"de_DE\" \/>\n<meta property=\"og:type\" content=\"article\" \/>\n<meta property=\"og:title\" content=\"Personal f\u00fcr Family Offices | Private Unterst\u00fctzung einstellen | Z\u00fcrich\" \/>\n<meta property=\"og:description\" content=\"Personalvermittler f\u00fcr Family Offices in Z\u00fcrich. Passendes Personal f\u00fcr Family Offices mit vertrauensw\u00fcrdigen Beratern\" \/>\n<meta property=\"og:url\" content=\"https:\/\/tiger-recruitment.com\/ch-de\/auf-der-suche-nach-rekruten\/privat\/family-office\/\" \/>\n<meta property=\"og:site_name\" content=\"Tiger Recruitment\" \/>\n<meta property=\"article:publisher\" content=\"https:\/\/www.facebook.com\/tigerrecruitment.ltd\/\" \/>\n<meta property=\"article:modified_time\" content=\"2023-09-12T12:08:56+00:00\" \/>\n<meta name=\"twitter:card\" content=\"summary_large_image\" \/>\n<meta name=\"twitter:site\" content=\"@tigerrecruit\" \/>\n<!-- \/ Yoast SEO plugin. -->","yoast_head_json":{"title":"Personal f\u00fcr Family Offices | Private Unterst\u00fctzung einstellen | Z\u00fcrich","description":"Personalvermittler f\u00fcr Family Offices in Z\u00fcrich. Passendes Personal f\u00fcr Family Offices mit vertrauensw\u00fcrdigen Beratern","robots":{"index":"index","follow":"follow","max-snippet":"max-snippet:-1","max-image-preview":"max-image-preview:large","max-video-preview":"max-video-preview:-1"},"canonical":"https:\/\/tiger-recruitment.com\/ch-de\/auf-der-suche-nach-rekruten\/privat\/family-office\/","og_locale":"de_DE","og_type":"article","og_title":"Personal f\u00fcr Family Offices | Private Unterst\u00fctzung einstellen | Z\u00fcrich","og_description":"Personalvermittler f\u00fcr Family Offices in Z\u00fcrich. Passendes Personal f\u00fcr Family Offices mit vertrauensw\u00fcrdigen Beratern","og_url":"https:\/\/tiger-recruitment.com\/ch-de\/auf-der-suche-nach-rekruten\/privat\/family-office\/","og_site_name":"Tiger Recruitment","article_publisher":"https:\/\/www.facebook.com\/tigerrecruitment.ltd\/","article_modified_time":"2023-09-12T12:08:56+00:00","twitter_card":"summary_large_image","twitter_site":"@tigerrecruit","schema":{"@context":"https:\/\/schema.org","@graph":[]}},"_links":{"self":[{"href":"https:\/\/tiger-recruitment.com\/ch-de\/wp-json\/wp\/v2\/pages\/1036015","targetHints":{"allow":["GET"]}}],"collection":[{"href":"https:\/\/tiger-recruitment.com\/ch-de\/wp-json\/wp\/v2\/pages"}],"about":[{"href":"https:\/\/tiger-recruitment.com\/ch-de\/wp-json\/wp\/v2\/types\/page"}],"author":[{"embeddable":true,"href":"https:\/\/tiger-recruitment.com\/ch-de\/wp-json\/wp\/v2\/users\/4"}],"replies":[{"embeddable":true,"href":"https:\/\/tiger-recruitment.com\/ch-de\/wp-json\/wp\/v2\/comments?post=1036015"}],"version-history":[{"count":0,"href":"https:\/\/tiger-recruitment.com\/ch-de\/wp-json\/wp\/v2\/pages\/1036015\/revisions"}],"up":[{"embeddable":true,"href":"https:\/\/tiger-recruitment.com\/ch-de\/wp-json\/wp\/v2\/pages\/1036091"}],"wp:attachment":[{"href":"https:\/\/tiger-recruitment.com\/ch-de\/wp-json\/wp\/v2\/media?parent=1036015"}],"curies":[{"name":"wp","href":"https:\/\/api.w.org\/{rel}","templated":true}]}}