{"id":1036001,"date":"2018-03-01T11:52:08","date_gmt":"2018-03-01T11:52:08","guid":{"rendered":"http:\/\/tiger-recruitment.com\/auf-der-suche-nach-rekruten\/executive-assistant-recruitment\/"},"modified":"2023-12-18T18:50:30","modified_gmt":"2023-12-18T18:50:30","slug":"executive-assistant-vermittlung","status":"publish","type":"page","link":"https:\/\/tiger-recruitment.com\/ch-de\/auf-der-suche-nach-rekruten\/executive-assistant-vermittlung\/","title":{"rendered":"Executive Assistant Vermittlung"},"content":{"rendered":"","protected":false},"excerpt":{"rendered":"<p>EA recruitment in London and further afield<br \/>\nWith some 20 years\u2019 experience as a leading executive assistant recruitment agency in London, we know that the most successful c-suite level executive assistants (EAs) are perfectly in tune with the person they are supporting. When shortlisting, we review core skills, background and experience to ensure we find you the perfect fit.<br \/>\nHiring the right executive assistant can be incredibly challenging. However, we have the expertise to help you recruit the very best executive assistants in London and beyond on a contract, temporary or permanent basis.<\/p>\n","protected":false},"author":4,"featured_media":0,"parent":1035760,"menu_order":0,"comment_status":"closed","ping_status":"closed","template":"page-blank.php","meta":{"_acf_changed":false,"footnotes":""},"class_list":["post-1036001","page","type-page","status-publish","hentry"],"acf":[],"yoast_head":"<!-- This site is optimized with the Yoast SEO plugin v27.1.1 - https:\/\/yoast.com\/product\/yoast-seo-wordpress\/ -->\n<title>Vermittlung von Executive Assistants | Einstellen von Executive Assistants | Z\u00fcrich<\/title>\n<meta name=\"description\" content=\"M\u00f6chten Sie Executive Assistants einstellen? Tiger ist ein f\u00fchrender Headhunter f\u00fcr Executive Assistants in Z\u00fcrich und Umgebung\" \/>\n<meta name=\"robots\" content=\"index, follow, max-snippet:-1, max-image-preview:large, max-video-preview:-1\" \/>\n<link rel=\"canonical\" href=\"https:\/\/tiger-recruitment.com\/ch-de\/auf-der-suche-nach-rekruten\/executive-assistant-vermittlung\/\" \/>\n<meta property=\"og:locale\" content=\"de_DE\" \/>\n<meta property=\"og:type\" content=\"article\" \/>\n<meta property=\"og:title\" content=\"Vermittlung von Executive Assistants | Einstellen von Executive Assistants | Z\u00fcrich\" \/>\n<meta property=\"og:description\" content=\"M\u00f6chten Sie Executive Assistants einstellen? Tiger ist ein f\u00fchrender Headhunter f\u00fcr Executive Assistants in Z\u00fcrich und Umgebung\" \/>\n<meta property=\"og:url\" content=\"https:\/\/tiger-recruitment.com\/ch-de\/auf-der-suche-nach-rekruten\/executive-assistant-vermittlung\/\" \/>\n<meta property=\"og:site_name\" content=\"Tiger Recruitment\" \/>\n<meta property=\"article:publisher\" content=\"https:\/\/www.facebook.com\/tigerrecruitment.ltd\/\" \/>\n<meta property=\"article:modified_time\" content=\"2023-12-18T18:50:30+00:00\" \/>\n<meta name=\"twitter:card\" content=\"summary_large_image\" \/>\n<meta name=\"twitter:site\" content=\"@tigerrecruit\" \/>\n<!-- \/ Yoast SEO plugin. -->","yoast_head_json":{"title":"Vermittlung von Executive Assistants | Einstellen von Executive Assistants | Z\u00fcrich","description":"M\u00f6chten Sie Executive Assistants einstellen? Tiger ist ein f\u00fchrender Headhunter f\u00fcr Executive Assistants in Z\u00fcrich und Umgebung","robots":{"index":"index","follow":"follow","max-snippet":"max-snippet:-1","max-image-preview":"max-image-preview:large","max-video-preview":"max-video-preview:-1"},"canonical":"https:\/\/tiger-recruitment.com\/ch-de\/auf-der-suche-nach-rekruten\/executive-assistant-vermittlung\/","og_locale":"de_DE","og_type":"article","og_title":"Vermittlung von Executive Assistants | Einstellen von Executive Assistants | Z\u00fcrich","og_description":"M\u00f6chten Sie Executive Assistants einstellen? Tiger ist ein f\u00fchrender Headhunter f\u00fcr Executive Assistants in Z\u00fcrich und Umgebung","og_url":"https:\/\/tiger-recruitment.com\/ch-de\/auf-der-suche-nach-rekruten\/executive-assistant-vermittlung\/","og_site_name":"Tiger Recruitment","article_publisher":"https:\/\/www.facebook.com\/tigerrecruitment.ltd\/","article_modified_time":"2023-12-18T18:50:30+00:00","twitter_card":"summary_large_image","twitter_site":"@tigerrecruit","schema":{"@context":"https:\/\/schema.org","@graph":[]}},"_links":{"self":[{"href":"https:\/\/tiger-recruitment.com\/ch-de\/wp-json\/wp\/v2\/pages\/1036001","targetHints":{"allow":["GET"]}}],"collection":[{"href":"https:\/\/tiger-recruitment.com\/ch-de\/wp-json\/wp\/v2\/pages"}],"about":[{"href":"https:\/\/tiger-recruitment.com\/ch-de\/wp-json\/wp\/v2\/types\/page"}],"author":[{"embeddable":true,"href":"https:\/\/tiger-recruitment.com\/ch-de\/wp-json\/wp\/v2\/users\/4"}],"replies":[{"embeddable":true,"href":"https:\/\/tiger-recruitment.com\/ch-de\/wp-json\/wp\/v2\/comments?post=1036001"}],"version-history":[{"count":0,"href":"https:\/\/tiger-recruitment.com\/ch-de\/wp-json\/wp\/v2\/pages\/1036001\/revisions"}],"up":[{"embeddable":true,"href":"https:\/\/tiger-recruitment.com\/ch-de\/wp-json\/wp\/v2\/pages\/1035760"}],"wp:attachment":[{"href":"https:\/\/tiger-recruitment.com\/ch-de\/wp-json\/wp\/v2\/media?parent=1036001"}],"curies":[{"name":"wp","href":"https:\/\/api.w.org\/{rel}","templated":true}]}}