{"id":1035975,"date":"2020-05-19T16:53:51","date_gmt":"2020-05-19T15:53:51","guid":{"rendered":"http:\/\/tiger-recruitment.com\/auf-der-suche-nach-einem-job\/hr\/"},"modified":"2026-02-17T11:31:53","modified_gmt":"2026-02-17T11:31:53","slug":"hr","status":"publish","type":"page","link":"https:\/\/tiger-recruitment.com\/ch-de\/auf-der-suche-nach-einem-job\/hr\/","title":{"rendered":"HR"},"content":{"rendered":"","protected":false},"excerpt":{"rendered":"<p>Tiger HR helps talented HR professionals find rewarding HR jobs with top tier companies. Our expert recruiters look forward to helping you with your job search.<\/p>\n","protected":false},"author":1505,"featured_media":0,"parent":1035739,"menu_order":0,"comment_status":"closed","ping_status":"closed","template":"page-blank.php","meta":{"_acf_changed":false,"footnotes":""},"class_list":["post-1035975","page","type-page","status-publish","hentry"],"acf":[],"yoast_head":"<!-- This site is optimized with the Yoast SEO plugin v27.1.1 - https:\/\/yoast.com\/product\/yoast-seo-wordpress\/ -->\n<title>HR Jobs | Stellenangebote Human Resources | Z\u00fcrich<\/title>\n<meta name=\"description\" content=\"Sie suchen einen HR Job in Z\u00fcrich? Unsere Fachberater helfen Ihnen, die perfekte Stelle in Top-Unternehmen in Z\u00fcrich, Genf, Zug und Umgebung zu finden.\" \/>\n<meta name=\"robots\" content=\"index, follow, max-snippet:-1, max-image-preview:large, max-video-preview:-1\" \/>\n<link rel=\"canonical\" href=\"https:\/\/tiger-recruitment.com\/ch-de\/auf-der-suche-nach-einem-job\/hr\/\" \/>\n<meta property=\"og:locale\" content=\"de_DE\" \/>\n<meta property=\"og:type\" content=\"article\" \/>\n<meta property=\"og:title\" content=\"HR Jobs | Stellenangebote Human Resources | Z\u00fcrich\" \/>\n<meta property=\"og:description\" content=\"Sie suchen einen HR Job in Z\u00fcrich? Unsere Fachberater helfen Ihnen, die perfekte Stelle in Top-Unternehmen in Z\u00fcrich, Genf, Zug und Umgebung zu finden.\" \/>\n<meta property=\"og:url\" content=\"https:\/\/tiger-recruitment.com\/ch-de\/auf-der-suche-nach-einem-job\/hr\/\" \/>\n<meta property=\"og:site_name\" content=\"Tiger Recruitment\" \/>\n<meta property=\"article:publisher\" content=\"https:\/\/www.facebook.com\/tigerrecruitment.ltd\/\" \/>\n<meta property=\"article:modified_time\" content=\"2026-02-17T11:31:53+00:00\" \/>\n<meta name=\"twitter:card\" content=\"summary_large_image\" \/>\n<meta name=\"twitter:site\" content=\"@tigerrecruit\" \/>\n<!-- \/ Yoast SEO plugin. -->","yoast_head_json":{"title":"HR Jobs | Stellenangebote Human Resources | Z\u00fcrich","description":"Sie suchen einen HR Job in Z\u00fcrich? Unsere Fachberater helfen Ihnen, die perfekte Stelle in Top-Unternehmen in Z\u00fcrich, Genf, Zug und Umgebung zu finden.","robots":{"index":"index","follow":"follow","max-snippet":"max-snippet:-1","max-image-preview":"max-image-preview:large","max-video-preview":"max-video-preview:-1"},"canonical":"https:\/\/tiger-recruitment.com\/ch-de\/auf-der-suche-nach-einem-job\/hr\/","og_locale":"de_DE","og_type":"article","og_title":"HR Jobs | Stellenangebote Human Resources | Z\u00fcrich","og_description":"Sie suchen einen HR Job in Z\u00fcrich? Unsere Fachberater helfen Ihnen, die perfekte Stelle in Top-Unternehmen in Z\u00fcrich, Genf, Zug und Umgebung zu finden.","og_url":"https:\/\/tiger-recruitment.com\/ch-de\/auf-der-suche-nach-einem-job\/hr\/","og_site_name":"Tiger Recruitment","article_publisher":"https:\/\/www.facebook.com\/tigerrecruitment.ltd\/","article_modified_time":"2026-02-17T11:31:53+00:00","twitter_card":"summary_large_image","twitter_site":"@tigerrecruit","schema":{"@context":"https:\/\/schema.org","@graph":[]}},"_links":{"self":[{"href":"https:\/\/tiger-recruitment.com\/ch-de\/wp-json\/wp\/v2\/pages\/1035975","targetHints":{"allow":["GET"]}}],"collection":[{"href":"https:\/\/tiger-recruitment.com\/ch-de\/wp-json\/wp\/v2\/pages"}],"about":[{"href":"https:\/\/tiger-recruitment.com\/ch-de\/wp-json\/wp\/v2\/types\/page"}],"author":[{"embeddable":true,"href":"https:\/\/tiger-recruitment.com\/ch-de\/wp-json\/wp\/v2\/users\/1505"}],"replies":[{"embeddable":true,"href":"https:\/\/tiger-recruitment.com\/ch-de\/wp-json\/wp\/v2\/comments?post=1035975"}],"version-history":[{"count":0,"href":"https:\/\/tiger-recruitment.com\/ch-de\/wp-json\/wp\/v2\/pages\/1035975\/revisions"}],"up":[{"embeddable":true,"href":"https:\/\/tiger-recruitment.com\/ch-de\/wp-json\/wp\/v2\/pages\/1035739"}],"wp:attachment":[{"href":"https:\/\/tiger-recruitment.com\/ch-de\/wp-json\/wp\/v2\/media?parent=1035975"}],"curies":[{"name":"wp","href":"https:\/\/api.w.org\/{rel}","templated":true}]}}