{"id":1035970,"date":"2018-01-08T05:42:55","date_gmt":"2018-01-08T05:42:55","guid":{"rendered":"http:\/\/tiger-recruitment.com\/auf-der-suche-nach-einem-job\/business-support\/"},"modified":"2023-09-20T08:50:10","modified_gmt":"2023-09-20T07:50:10","slug":"business-unterstutzung","status":"publish","type":"page","link":"https:\/\/tiger-recruitment.com\/ch-de\/auf-der-suche-nach-einem-job\/business-unterstutzung\/","title":{"rendered":"Business Unterst\u00fctzung"},"content":{"rendered":"","protected":false},"excerpt":{"rendered":"<p>Tiger Business Support places exceptional individuals into permanent and temporary PA jobs, secretarial jobs &amp; administrative support roles in London and internationally. Having specialised in business support recruitment since 2001, this focus is central to our expertise and has cemented our position as the trusted recruitment partner to a range of companies, from established global firms through to creative SMEs.<\/p>\n","protected":false},"author":5,"featured_media":0,"parent":1035739,"menu_order":10,"comment_status":"closed","ping_status":"closed","template":"page-blank.php","meta":{"_acf_changed":false,"footnotes":""},"class_list":["post-1035970","page","type-page","status-publish","hentry"],"acf":[],"yoast_head":"<!-- This site is optimized with the Yoast SEO plugin v27.1.1 - https:\/\/yoast.com\/product\/yoast-seo-wordpress\/ -->\n<title>Verwaltungsjobs | B\u00fcrojobs | Z\u00fcrich<\/title>\n<meta name=\"description\" content=\"Finden Sie Business-Support- und Admin-Jobs. Wir bringen Arbeitssuchende mit B\u00fcrojobs in Z\u00fcrich und dar\u00fcber hinaus zusammen.\" \/>\n<meta name=\"robots\" content=\"index, follow, max-snippet:-1, max-image-preview:large, max-video-preview:-1\" \/>\n<link rel=\"canonical\" href=\"https:\/\/tiger-recruitment.com\/ch-de\/auf-der-suche-nach-einem-job\/business-unterstutzung\/\" \/>\n<meta property=\"og:locale\" content=\"de_DE\" \/>\n<meta property=\"og:type\" content=\"article\" \/>\n<meta property=\"og:title\" content=\"Verwaltungsjobs | B\u00fcrojobs | Z\u00fcrich\" \/>\n<meta property=\"og:description\" content=\"Finden Sie Business-Support- und Admin-Jobs. Wir bringen Arbeitssuchende mit B\u00fcrojobs in Z\u00fcrich und dar\u00fcber hinaus zusammen.\" \/>\n<meta property=\"og:url\" content=\"https:\/\/tiger-recruitment.com\/ch-de\/auf-der-suche-nach-einem-job\/business-unterstutzung\/\" \/>\n<meta property=\"og:site_name\" content=\"Tiger Recruitment\" \/>\n<meta property=\"article:publisher\" content=\"https:\/\/www.facebook.com\/tigerrecruitment.ltd\/\" \/>\n<meta property=\"article:modified_time\" content=\"2023-09-20T07:50:10+00:00\" \/>\n<meta name=\"twitter:card\" content=\"summary_large_image\" \/>\n<meta name=\"twitter:site\" content=\"@tigerrecruit\" \/>\n<!-- \/ Yoast SEO plugin. -->","yoast_head_json":{"title":"Verwaltungsjobs | B\u00fcrojobs | Z\u00fcrich","description":"Finden Sie Business-Support- und Admin-Jobs. Wir bringen Arbeitssuchende mit B\u00fcrojobs in Z\u00fcrich und dar\u00fcber hinaus zusammen.","robots":{"index":"index","follow":"follow","max-snippet":"max-snippet:-1","max-image-preview":"max-image-preview:large","max-video-preview":"max-video-preview:-1"},"canonical":"https:\/\/tiger-recruitment.com\/ch-de\/auf-der-suche-nach-einem-job\/business-unterstutzung\/","og_locale":"de_DE","og_type":"article","og_title":"Verwaltungsjobs | B\u00fcrojobs | Z\u00fcrich","og_description":"Finden Sie Business-Support- und Admin-Jobs. Wir bringen Arbeitssuchende mit B\u00fcrojobs in Z\u00fcrich und dar\u00fcber hinaus zusammen.","og_url":"https:\/\/tiger-recruitment.com\/ch-de\/auf-der-suche-nach-einem-job\/business-unterstutzung\/","og_site_name":"Tiger Recruitment","article_publisher":"https:\/\/www.facebook.com\/tigerrecruitment.ltd\/","article_modified_time":"2023-09-20T07:50:10+00:00","twitter_card":"summary_large_image","twitter_site":"@tigerrecruit","schema":{"@context":"https:\/\/schema.org","@graph":[]}},"_links":{"self":[{"href":"https:\/\/tiger-recruitment.com\/ch-de\/wp-json\/wp\/v2\/pages\/1035970","targetHints":{"allow":["GET"]}}],"collection":[{"href":"https:\/\/tiger-recruitment.com\/ch-de\/wp-json\/wp\/v2\/pages"}],"about":[{"href":"https:\/\/tiger-recruitment.com\/ch-de\/wp-json\/wp\/v2\/types\/page"}],"author":[{"embeddable":true,"href":"https:\/\/tiger-recruitment.com\/ch-de\/wp-json\/wp\/v2\/users\/5"}],"replies":[{"embeddable":true,"href":"https:\/\/tiger-recruitment.com\/ch-de\/wp-json\/wp\/v2\/comments?post=1035970"}],"version-history":[{"count":0,"href":"https:\/\/tiger-recruitment.com\/ch-de\/wp-json\/wp\/v2\/pages\/1035970\/revisions"}],"up":[{"embeddable":true,"href":"https:\/\/tiger-recruitment.com\/ch-de\/wp-json\/wp\/v2\/pages\/1035739"}],"wp:attachment":[{"href":"https:\/\/tiger-recruitment.com\/ch-de\/wp-json\/wp\/v2\/media?parent=1035970"}],"curies":[{"name":"wp","href":"https:\/\/api.w.org\/{rel}","templated":true}]}}